{"id":9655,"date":"2016-02-17T11:57:13","date_gmt":"2016-02-17T09:57:13","guid":{"rendered":"https:\/\/www.zoreltekstil.com.tr\/?post_type=product&#038;p=9655"},"modified":"2018-12-20T10:05:26","modified_gmt":"2018-12-20T08:05:26","slug":"otel-bornozu","status":"publish","type":"product","link":"https:\/\/www.zoreltekstil.com.tr\/tr\/urun\/otel-bornozu\/","title":{"rendered":"Bornoz"},"content":{"rendered":"<p><span style=\"font-size: 1pt; color: #ffffff;\">otel bornozu<\/span><\/p>\n<p>&nbsp;<\/p>\n<p><span style=\"color: #ffffff; font-size: 6pt;\">Zorel Tekstil olarak en iyi pamu\u011fu i\u015fleyerek, en kaliteli havlu, bornoz ve nevresimleri \u00fcretti\u011fimiz \u00a0fabrikalar\u0131m\u0131z\u0131n bulundu\u011fu bu b\u00f6lgemizde b\u00f6ylece pamu\u011fun en eski hikayesi ba\u015flam\u0131\u015f oldu. Denizli\u2019deki pek \u00e7ok firma gibi bizimde modern tesislerde \u00fcretim yapma yolunda ilerleyi\u015fimiz, eski mekikli tezg\u00e2hlar da \u00fcretilen kuma\u015flar\u0131n ticaretini yaparak ba\u015flad\u0131.<\/span><\/p>\n<p><span style=\"color: #ffffff; font-size: 6pt;\">1989 y\u0131l\u0131nda \u00e7\u00f6zg\u00fc, ha\u015f\u0131l ve dokuma fabrikas\u0131 olarak kuruldu.1996 y\u0131l\u0131nda ihracata ba\u015flayan Zorel Tekstil 150 \u00e7al\u0131\u015fan\u0131yla 11000 m2\u2019lik kapal\u0131 alanda y\u0131ll\u0131k yakla\u015f\u0131k 15 milyon dolarl\u0131k ihracat rakam\u0131na ula\u015fm\u0131\u015ft\u0131r. \u0130ngiltere, Amerika ve Avrupa \u00fclkeleri ba\u015fta olmak \u00fczere bir\u00e7ok \u00fclkedeki se\u00e7kin ev tekstil al\u0131c\u0131lar\u0131na hitap etmektedir.<\/span><\/p>\n<p><span style=\"color: #ffffff; font-size: 6pt;\">Firmam\u0131z Zorel Tekstil, havlu, bornoz ve nevresim \u00fcr\u00fcn gruplar\u0131yla tekstil end\u00fcstrisinin en se\u00e7kin firmalar\u0131ndand\u0131r. Amac\u0131m\u0131z m\u00fc\u015fterilerimize konfor, kullan\u0131\u015f, tasar\u0131m, g\u00fcncel trend ve teknolojiler gibi ba\u015fl\u0131klar alt\u0131nda y\u00fcksek m\u00fc\u015fteri memnuniyetini sa\u011flamakt\u0131r.<\/span><\/p>\n<p><span style=\"color: #ffffff; font-size: 6pt;\">Tasar\u0131mdaki geli\u015fmi\u015f servisimizi m\u00fc\u015fterilerimizin talepleri do\u011frultusunda y\u00fckseltiyor ve geni\u015fletiyoruz. Bug\u00fcn, sat\u0131\u015flar\u0131m\u0131z\u0131n %85\u2019ini yurtd\u0131\u015f\u0131 oteller ve ma\u011fazalar\u00a0ile ger\u00e7ekle\u015ftirmekteyiz. Toptan ve perakende miktar\u0131m\u0131z ise sat\u0131\u015f\u0131n ini olu\u015fturmaktad\u0131r. \u00dcretimin kuma\u015ftan mam\u00fcle kadar her bir ad\u0131m\u0131nda m\u00fc\u015fterilerimizle ili\u015fkilerimizde hassasiyetle hareket ediyor ve onlar\u0131n talepleri do\u011frultusunda ilerliyoruz.<\/span><\/p>\n<p><span style=\"color: #ffffff; font-size: 6pt;\">Her bir \u00fcretim i\u00e7in hedefimiz\u00a0ise m\u00fc\u015fterilerimize kesintisiz hizmet, zaman\u0131nda teslim ve sonu\u00e7 olarak y\u00fcksek kaliteli \u00fcr\u00fcnler sunarak memnun etmektir.<\/span><\/p>\n<h2><span style=\"color: #ffffff; font-size: 6pt;\">OTEL HAVLUSU<\/span><\/h2>\n<p><span style=\"color: #ffffff; font-size: 6pt;\">Genel olarak havlu havl\u0131 bir yap\u0131ya sahip olan kuma\u015f olarak tan\u0131mlan\u0131r, kullan\u0131m alan\u0131 ise \u00f6zellikle banyo, tuvalet ve ayr\u0131ca mutfak, y\u00fczme gibi d\u0131\u015f mekan etkinlikleridir. Ayr\u0131ca havlu kuma\u015f\u0131n \u00e7ok yumu\u015fak ve su emicili\u011finin y\u00fcksek olmas\u0131 beklenir.<\/span><\/p>\n<p><span style=\"color: #ffffff; font-size: 6pt;\">Havlunun kalitesini etkileyen s\u0131kl\u0131k, iplik t\u00fcr\u00fc, hav uzunlu\u011fu ve tasar\u0131m\u0131, nak\u0131\u015f\u0131 yada rengi gibi teknik ve pratik parametreler vard\u0131r. B\u00fct\u00fcn tasar\u0131m ad\u0131mlar\u0131 m\u00fc\u015fteri talepleri ve son kullan\u0131m alan\u0131 do\u011frultusunda ayarlanmaktad\u0131r. \u00d6rne\u011fin; plaj havlusu ile bir ofis i\u00e7in al\u0131nan el havlusu teknik ve tasar\u0131m bak\u0131m\u0131ndan olduk\u00e7a farkl\u0131d\u0131r.<\/span><\/p>\n<h3><span style=\"color: #ffffff; font-size: 6pt;\">OTEL BORNOZU<\/span><\/h3>\n<p><span style=\"font-family: arial, helvetica, sans-serif; color: #ffffff; font-size: 6pt;\">Otel bornozu \u00fcr\u00fcnlerini\u00a0% 100 pamuk kalitesiyle sizlere giyilebilir konforu sunar. Siz m\u00fc\u015fterilerimize v\u00fccudunuzla bir harmoni yakalayacak \u00f6zel bir konfor ser\u00fcveni s\u00f6z\u00fc veriyoruz. \u00c7\u00fcnk\u00fc firmam\u0131z taraf\u0131ndan en iyi tasar\u0131mlar, gelecek trendleri ve konseptler g\u00fcn be g\u00fcn takip edilip g\u00fcncellenmektedir. Se\u00e7kin hizmetimize ek olarak, kuma\u015f kalite gereksinimlerini kar\u015f\u0131layan \u00fcr\u00fcnlerimiz <a style=\"color: #ffffff;\" href=\"https:\/\/www.oeko-tex.com\/de\/business\/business_home\/business_home.xhtml\" target=\"_blank\" rel=\"nofollow noopener noreferrer\">OEKOTEX<\/a> sertifikas\u0131na sahiptirSize sundu\u011fumuz bornoz tiplerimiz:<\/span><\/p>\n<p><span style=\"font-family: arial, helvetica, sans-serif; color: #ffffff; font-size: 6pt;\">Jakarl\u0131 Dokuma<\/span><\/p>\n<p><span style=\"font-family: arial, helvetica, sans-serif; color: #ffffff; font-size: 6pt;\">Nak\u0131\u015fl\u0131<\/span><\/p>\n<p><span style=\"font-family: arial, helvetica, sans-serif; color: #ffffff; font-size: 6pt;\">Yumu\u015fak Kadife<\/span><\/p>\n<p>&nbsp;<\/p>\n","protected":false},"excerpt":{"rendered":"<h3><span style=\"font-family: arial, helvetica, sans-serif; color: #000000;\">OTEL BORNOZU<\/span><\/h3>\n<p><span style=\"font-family: arial, helvetica, sans-serif; color: #000000;\">Ebat : 8 -12 Ya\u015f &#8211; S -M- L -XL -XXL &#8211; XXL- XXXL<\/span><\/p>\n<p><span style=\"font-family: arial, helvetica, sans-serif; color: #000000;\">Renk: Beyaz- Krem<\/span><\/p>\n<p>&nbsp;<\/p>\n<p><span style=\"font-family: arial, helvetica, sans-serif; color: #000000;\">Otel bornozu \u00fcr\u00fcnlerini\u00a0% 100 pamuk kalitesiyle sizlere giyilebilir konforu sunar. Siz m\u00fc\u015fterilerimize v\u00fccudunuzla bir harmoni yakalayacak \u00f6zel bir konfor ser\u00fcveni s\u00f6z\u00fc veriyoruz. \u00c7\u00fcnk\u00fc firmam\u0131z taraf\u0131ndan en iyi tasar\u0131mlar, gelecek trendleri ve konseptler g\u00fcn be g\u00fcn takip edilip g\u00fcncellenmektedir. <\/span><\/p>\n<p><span style=\"font-family: arial, helvetica, sans-serif; color: #000000;\">Se\u00e7kin hizmetimize ek olarak, kuma\u015f kalite gereksinimlerini kar\u015f\u0131layan \u00fcr\u00fcnlerimiz <a style=\"color: #000000;\" href=\"https:\/\/www.oeko-tex.com\/de\/business\/business_home\/business_home.xhtml\" target=\"_blank\" rel=\"nofollow noopener noreferrer\">OEKOTEX<\/a> sertifikas\u0131na sahiptir<\/span><\/p>\n<p><span style=\"font-family: arial, helvetica, sans-serif; color: #000000;\">Size sundu\u011fumuz bornoz tiplerimiz:<\/span><\/p>\n<p><span style=\"font-family: arial, helvetica, sans-serif; color: #000000;\">Jakarl\u0131 Dokuma<\/span><\/p>\n<p><span style=\"font-family: arial, helvetica, sans-serif; color: #000000;\">Nak\u0131\u015fl\u0131<\/span><\/p>\n<p><span style=\"font-family: arial, helvetica, sans-serif; color: #000000;\">Yumu\u015fak Kadife<\/span><\/p>\n","protected":false},"featured_media":10491,"comment_status":"closed","ping_status":"closed","template":"","meta":[],"product_cat":[112],"product_tag":[85],"yoast_head":"<!-- This site is optimized with the Yoast SEO plugin v20.11 - https:\/\/yoast.com\/wordpress\/plugins\/seo\/ -->\n<title>Otel Bornozu - Otel Tekstil | Zorel Tekstil Denizli<\/title>\n<meta name=\"description\" content=\"Zorel olarak, otel bornozu \u00fcr\u00fcnlerimizi m\u00fc\u015fterilerimizin taleplerine gore sunuyoruz ve geni\u015f bir havlu serisi tasar\u0131m\u0131na sahibiz.\" \/>\n<meta name=\"robots\" content=\"index, follow, max-snippet:-1, max-image-preview:large, max-video-preview:-1\" \/>\n<link rel=\"canonical\" href=\"https:\/\/www.zoreltekstil.com.tr\/tr\/urun\/otel-bornozu\/\" \/>\n<meta property=\"og:locale\" content=\"tr_TR\" \/>\n<meta property=\"og:type\" content=\"article\" \/>\n<meta property=\"og:title\" content=\"Otel Bornozu - Otel Tekstil | Zorel Tekstil Denizli\" \/>\n<meta property=\"og:description\" content=\"Zorel olarak, otel bornozu \u00fcr\u00fcnlerimizi m\u00fc\u015fterilerimizin taleplerine gore sunuyoruz ve geni\u015f bir havlu serisi tasar\u0131m\u0131na sahibiz.\" \/>\n<meta property=\"og:url\" content=\"https:\/\/www.zoreltekstil.com.tr\/tr\/urun\/otel-bornozu\/\" \/>\n<meta property=\"og:site_name\" content=\"Havlu, Bornoz, Otel Havlusu | Zorel Tekstil\" \/>\n<meta property=\"article:modified_time\" content=\"2018-12-20T08:05:26+00:00\" \/>\n<meta property=\"og:image\" content=\"https:\/\/www.zoreltekstil.com.tr\/tr\/turkishtextile\/salyaka_bornoz.jpg\" \/>\n\t<meta property=\"og:image:width\" content=\"750\" \/>\n\t<meta property=\"og:image:height\" content=\"1000\" \/>\n\t<meta property=\"og:image:type\" content=\"image\/jpeg\" \/>\n<meta name=\"twitter:card\" content=\"summary_large_image\" \/>\n<meta name=\"twitter:label1\" content=\"Tahmini okuma s\u00fcresi\" \/>\n\t<meta name=\"twitter:data1\" content=\"2 dakika\" \/>\n<script type=\"application\/ld+json\" class=\"yoast-schema-graph\">{\"@context\":\"https:\/\/schema.org\",\"@graph\":[{\"@type\":\"WebPage\",\"@id\":\"https:\/\/www.zoreltekstil.com.tr\/tr\/urun\/otel-bornozu\/\",\"url\":\"https:\/\/www.zoreltekstil.com.tr\/tr\/urun\/otel-bornozu\/\",\"name\":\"Otel Bornozu - Otel Tekstil | Zorel Tekstil Denizli\",\"isPartOf\":{\"@id\":\"https:\/\/www.zoreltekstil.com.tr\/tr\/#website\"},\"datePublished\":\"2016-02-17T09:57:13+00:00\",\"dateModified\":\"2018-12-20T08:05:26+00:00\",\"description\":\"Zorel olarak, otel bornozu \u00fcr\u00fcnlerimizi m\u00fc\u015fterilerimizin taleplerine gore sunuyoruz ve geni\u015f bir havlu serisi tasar\u0131m\u0131na sahibiz.\",\"breadcrumb\":{\"@id\":\"https:\/\/www.zoreltekstil.com.tr\/tr\/urun\/otel-bornozu\/#breadcrumb\"},\"inLanguage\":\"tr\",\"potentialAction\":[{\"@type\":\"ReadAction\",\"target\":[\"https:\/\/www.zoreltekstil.com.tr\/tr\/urun\/otel-bornozu\/\"]}]},{\"@type\":\"BreadcrumbList\",\"@id\":\"https:\/\/www.zoreltekstil.com.tr\/tr\/urun\/otel-bornozu\/#breadcrumb\",\"itemListElement\":[{\"@type\":\"ListItem\",\"position\":1,\"name\":\"Home\",\"item\":\"https:\/\/www.zoreltekstil.com.tr\/tr\/\"},{\"@type\":\"ListItem\",\"position\":2,\"name\":\"\u00dcr\u00fcnler\",\"item\":\"https:\/\/www.zoreltekstil.com.tr\/tr\/shop\/\"},{\"@type\":\"ListItem\",\"position\":3,\"name\":\"Bornoz\"}]},{\"@type\":\"WebSite\",\"@id\":\"https:\/\/www.zoreltekstil.com.tr\/tr\/#website\",\"url\":\"https:\/\/www.zoreltekstil.com.tr\/tr\/\",\"name\":\"Havlu, Bornoz, Otel Havlusu | Zorel Tekstil\",\"description\":\"\",\"potentialAction\":[{\"@type\":\"SearchAction\",\"target\":{\"@type\":\"EntryPoint\",\"urlTemplate\":\"https:\/\/www.zoreltekstil.com.tr\/tr\/?s={search_term_string}\"},\"query-input\":\"required name=search_term_string\"}],\"inLanguage\":\"tr\"}]}<\/script>\n<!-- \/ Yoast SEO plugin. -->","yoast_head_json":{"title":"Otel Bornozu - Otel Tekstil | Zorel Tekstil Denizli","description":"Zorel olarak, otel bornozu \u00fcr\u00fcnlerimizi m\u00fc\u015fterilerimizin taleplerine gore sunuyoruz ve geni\u015f bir havlu serisi tasar\u0131m\u0131na sahibiz.","robots":{"index":"index","follow":"follow","max-snippet":"max-snippet:-1","max-image-preview":"max-image-preview:large","max-video-preview":"max-video-preview:-1"},"canonical":"https:\/\/www.zoreltekstil.com.tr\/tr\/urun\/otel-bornozu\/","og_locale":"tr_TR","og_type":"article","og_title":"Otel Bornozu - Otel Tekstil | Zorel Tekstil Denizli","og_description":"Zorel olarak, otel bornozu \u00fcr\u00fcnlerimizi m\u00fc\u015fterilerimizin taleplerine gore sunuyoruz ve geni\u015f bir havlu serisi tasar\u0131m\u0131na sahibiz.","og_url":"https:\/\/www.zoreltekstil.com.tr\/tr\/urun\/otel-bornozu\/","og_site_name":"Havlu, Bornoz, Otel Havlusu | Zorel Tekstil","article_modified_time":"2018-12-20T08:05:26+00:00","og_image":[{"width":750,"height":1000,"url":"https:\/\/www.zoreltekstil.com.tr\/tr\/turkishtextile\/salyaka_bornoz.jpg","type":"image\/jpeg"}],"twitter_card":"summary_large_image","twitter_misc":{"Tahmini okuma s\u00fcresi":"2 dakika"},"schema":{"@context":"https:\/\/schema.org","@graph":[{"@type":"WebPage","@id":"https:\/\/www.zoreltekstil.com.tr\/tr\/urun\/otel-bornozu\/","url":"https:\/\/www.zoreltekstil.com.tr\/tr\/urun\/otel-bornozu\/","name":"Otel Bornozu - Otel Tekstil | Zorel Tekstil Denizli","isPartOf":{"@id":"https:\/\/www.zoreltekstil.com.tr\/tr\/#website"},"datePublished":"2016-02-17T09:57:13+00:00","dateModified":"2018-12-20T08:05:26+00:00","description":"Zorel olarak, otel bornozu \u00fcr\u00fcnlerimizi m\u00fc\u015fterilerimizin taleplerine gore sunuyoruz ve geni\u015f bir havlu serisi tasar\u0131m\u0131na sahibiz.","breadcrumb":{"@id":"https:\/\/www.zoreltekstil.com.tr\/tr\/urun\/otel-bornozu\/#breadcrumb"},"inLanguage":"tr","potentialAction":[{"@type":"ReadAction","target":["https:\/\/www.zoreltekstil.com.tr\/tr\/urun\/otel-bornozu\/"]}]},{"@type":"BreadcrumbList","@id":"https:\/\/www.zoreltekstil.com.tr\/tr\/urun\/otel-bornozu\/#breadcrumb","itemListElement":[{"@type":"ListItem","position":1,"name":"Home","item":"https:\/\/www.zoreltekstil.com.tr\/tr\/"},{"@type":"ListItem","position":2,"name":"\u00dcr\u00fcnler","item":"https:\/\/www.zoreltekstil.com.tr\/tr\/shop\/"},{"@type":"ListItem","position":3,"name":"Bornoz"}]},{"@type":"WebSite","@id":"https:\/\/www.zoreltekstil.com.tr\/tr\/#website","url":"https:\/\/www.zoreltekstil.com.tr\/tr\/","name":"Havlu, Bornoz, Otel Havlusu | Zorel Tekstil","description":"","potentialAction":[{"@type":"SearchAction","target":{"@type":"EntryPoint","urlTemplate":"https:\/\/www.zoreltekstil.com.tr\/tr\/?s={search_term_string}"},"query-input":"required name=search_term_string"}],"inLanguage":"tr"}]}},"_links":{"self":[{"href":"https:\/\/www.zoreltekstil.com.tr\/tr\/wp-json\/wp\/v2\/product\/9655"}],"collection":[{"href":"https:\/\/www.zoreltekstil.com.tr\/tr\/wp-json\/wp\/v2\/product"}],"about":[{"href":"https:\/\/www.zoreltekstil.com.tr\/tr\/wp-json\/wp\/v2\/types\/product"}],"replies":[{"embeddable":true,"href":"https:\/\/www.zoreltekstil.com.tr\/tr\/wp-json\/wp\/v2\/comments?post=9655"}],"wp:featuredmedia":[{"embeddable":true,"href":"https:\/\/www.zoreltekstil.com.tr\/tr\/wp-json\/wp\/v2\/media\/10491"}],"wp:attachment":[{"href":"https:\/\/www.zoreltekstil.com.tr\/tr\/wp-json\/wp\/v2\/media?parent=9655"}],"wp:term":[{"taxonomy":"product_cat","embeddable":true,"href":"https:\/\/www.zoreltekstil.com.tr\/tr\/wp-json\/wp\/v2\/product_cat?post=9655"},{"taxonomy":"product_tag","embeddable":true,"href":"https:\/\/www.zoreltekstil.com.tr\/tr\/wp-json\/wp\/v2\/product_tag?post=9655"}],"curies":[{"name":"wp","href":"https:\/\/api.w.org\/{rel}","templated":true}]}}