{"id":9543,"date":"2016-02-16T17:11:11","date_gmt":"2016-02-16T15:11:11","guid":{"rendered":"https:\/\/www.zoreltekstil.com.tr\/?post_type=product&#038;p=9543"},"modified":"2026-03-06T03:57:50","modified_gmt":"2026-03-06T00:57:50","slug":"otel-havlusu","status":"publish","type":"product","link":"https:\/\/www.zoreltekstil.com.tr\/tr\/urun\/otel-havlusu\/","title":{"rendered":"OTEL HAVLUSU"},"content":{"rendered":"<p><span style=\"color: #000000;\"><span style=\"vertical-align: inherit;\"><span style=\"vertical-align: inherit;\">Otel havlusu, kalitesini etkileyen s\u0131kl\u0131k, iplik t\u00fcr\u00fc, hav uzunlu\u011fu ve tasar\u0131m\u0131, nak\u0131\u015f\u0131 yada rengi gibi teknik ve pratik parametreler vard\u0131r. B\u00fct\u00fcn tasar\u0131m ad\u0131mlar\u0131 m\u00fc\u015fteri talepleri ve son kullan\u0131m alan\u0131 do\u011frultusunda ayarlanmaktad\u0131r. \u00d6rne\u011fin; plaj havlusu ile bir ofis i\u00e7in al\u0131nan el havlusu teknik ve tasar\u0131m bak\u0131m\u0131ndan olduk\u00e7a farkl\u0131d\u0131r.<\/span><\/span><\/span><\/p>\n<p><span style=\"color: #000000;\">Zorel olarak, otel havlusu \u00fcr\u00fcnlerimizi m\u00fc\u015fterilerimizin taleplerine gore sunuyoruz ve geni\u015f bir havlu serisi tasar\u0131m\u0131na sahibiz. Bunlar, s\u0131n\u0131flar\u0131na g\u00f6re;<\/span><\/p>\n<ul>\n<li><span style=\"color: #000000;\">Boya &amp; Bask\u0131; D\u00fcz boyama, \u0130plik boyama ve Bask\u0131,<\/span><\/li>\n<li><span style=\"color: #000000;\">\u00dcretim tipi: Dokuma \u2013 Arm\u00fcrl\u00fc\u00a0ve Jakarl\u0131,<\/span><\/li>\n<li><span style=\"color: #000000;\">\u00d6rme \u2013 \u00d6rg\u00fc Havlu,<\/span><\/li>\n<li><span style=\"color: #000000;\">Tasar\u0131m: Waffle, Kadife ve Nak\u0131\u015fl\u0131 havlular<\/span><\/li>\n<\/ul>\n<p><span style=\"color: #000000;\">Se\u00e7kin hizmetimize ek olarak, kuma\u015f kalite gereksinimlerini kar\u015f\u0131layan \u00fcr\u00fcnlerimiz <a style=\"color: #000000;\" href=\"https:\/\/www.oeko-tex.com\/de\/business\/business_home\/business_home.xhtml\" target=\"_blank\" rel=\"nofollow noopener noreferrer\">OEKOTEX<\/a> sertifikas\u0131na sahiptir.<\/span><\/p>\n<p>&nbsp;<\/p>\n<p><a href=\"https:\/\/www.zoreltekstil.com.tr\/tr\/urun\/otel-bornozu\/\"><span style=\"color: #000000;\"><strong>OTEL BORNOZU<\/strong><\/span><\/a><\/p>\n<p><a class=\"fa fa-facebook\" href=\"https:\/\/www.facebook.com\/zoreltekstil\" target=\"_blank\" rel=\"noopener\"><span style=\"vertical-align: inherit;\"><span style=\"vertical-align: inherit;\">f<\/span><\/span><\/a><\/p>\n","protected":false},"excerpt":{"rendered":"<h2>OTEL HAVLUSU<\/h2>\n<p><span style=\"color: #000000;\">El &amp; Mutfak Havlusu\u00a0 \u00a0 \u00a0: 30 x 50 cm<\/span><\/p>\n<p><span style=\"color: #000000;\">El Y\u00fcz Havlusu\u00a0 \u00a0 \u00a0 \u00a0 \u00a0 \u00a0 \u00a0 \u00a0: 50 x 90 cm<\/span><\/p>\n<p><span style=\"color: #000000;\">Banyo Paspas\u0131\u00a0 \u00a0 \u00a0 \u00a0 \u00a0 \u00a0 \u00a0 \u00a0 : 50 x 70 cm\u00a0\u00a0<\/span><\/p>\n<p><span style=\"color: #000000;\">Banyo Havlusu\u00a0 \u00a0 \u00a0 \u00a0 \u00a0 \u00a0 \u00a0 \u00a0:\u00a0 90 x 150 cm &amp; 100&#215;150 cm<\/span><\/p>\n<p><span style=\"color: #000000;\">Plaj Havlusu\u00a0 \u00a0 \u00a0 \u00a0<\/span> \u00a0 \u00a0 \u00a0 \u00a0 \u00a0 \u00a0<span style=\"color: #000000;\">:\u00a070 x 140 cm<\/span><\/p>\n<p><span style=\"color: #000000;\"> \u00dcr\u00fcnlerimiz tek kat ve \u00e7ift kat olarak ikiye ayr\u0131lmaktad\u0131r.<\/span><\/p>\n<p><span style=\"color: #000000;\"> Tek kat \u00fcr\u00fcnlerimiz 16\/1 ring % 100 pamuk iplikten<\/span><\/p>\n<p><span style=\"color: #000000;\"><span style=\"vertical-align: inherit;\"><span style=\"vertical-align: inherit;\"> \u00c7ift kat \u00fcr\u00fcnlerimiz 20\/2 ring\u00a0 % 100 pamuk iplikten \u00fcretilmektedir.<\/span><\/span><\/span><\/p>\n<p><span style=\"color: #000000;\"><img loading=\"lazy\" decoding=\"async\" class=\"size-full wp-image-9859 alignleft\" src=\"https:\/\/www.zoreltekstil.com.tr\/turkishtextile\/degre.jpg\" alt=\"derece\" width=\"200\" height=\"27\" srcset=\"https:\/\/www.zoreltekstil.com.tr\/tr\/turkishtextile\/degre.jpg 200w, https:\/\/www.zoreltekstil.com.tr\/tr\/turkishtextile\/degre-500x67.jpg 500w, https:\/\/www.zoreltekstil.com.tr\/tr\/turkishtextile\/degre-400x54.jpg 400w\" sizes=\"(max-width: 200px) 100vw, 200px\" \/><\/span><\/p>\n","protected":false},"featured_media":9651,"comment_status":"open","ping_status":"closed","template":"","meta":[],"product_cat":[112],"product_tag":[88],"yoast_head":"<!-- This site is optimized with the Yoast SEO plugin v20.11 - https:\/\/yoast.com\/wordpress\/plugins\/seo\/ -->\n<title>Otel Havlusu | Kaliteli Otel Havlular\u0131 - Zorel Tekstil Ltd. \u015eti. Denizli<\/title>\n<meta name=\"description\" content=\"otel havlusu tasar\u0131m\u0131ndaki geli\u015fmi\u015f servisimizi m\u00fc\u015fterilerimizin talepleri do\u011frultusunda y\u00fckseltiyor ve geni\u015fletiyoruz. Otel havlusu kalitesinde iddial\u0131y\u0131z.\" \/>\n<meta name=\"robots\" content=\"index, follow, max-snippet:-1, max-image-preview:large, max-video-preview:-1\" \/>\n<link rel=\"canonical\" href=\"https:\/\/www.zoreltekstil.com.tr\/tr\/urun\/otel-havlusu\/\" \/>\n<meta property=\"og:locale\" content=\"tr_TR\" \/>\n<meta property=\"og:type\" content=\"article\" \/>\n<meta property=\"og:title\" content=\"Otel Havlusu &gt;&gt; Zorel Tekstil\" \/>\n<meta property=\"og:description\" content=\"otel havlusu tasar\u0131m\u0131ndaki geli\u015fmi\u015f servisimizi m\u00fc\u015fterilerimizin talepleri do\u011frultusunda y\u00fckseltiyor ve geni\u015fletiyoruz.\" \/>\n<meta property=\"og:url\" content=\"https:\/\/www.zoreltekstil.com.tr\/tr\/urun\/otel-havlusu\/\" \/>\n<meta property=\"og:site_name\" content=\"Havlu, Bornoz, Otel Havlusu | Zorel Tekstil\" \/>\n<meta property=\"article:modified_time\" content=\"2026-03-06T00:57:50+00:00\" \/>\n<meta property=\"og:image\" content=\"https:\/\/www.zoreltekstil.com.tr\/tr\/turkishtextile\/Hotel_Spa_Towels_154006.jpg\" \/>\n\t<meta property=\"og:image:width\" content=\"750\" \/>\n\t<meta property=\"og:image:height\" content=\"1000\" \/>\n\t<meta property=\"og:image:type\" content=\"image\/jpeg\" \/>\n<meta name=\"twitter:card\" content=\"summary_large_image\" \/>\n<meta name=\"twitter:label1\" content=\"Tahmini okuma s\u00fcresi\" \/>\n\t<meta name=\"twitter:data1\" content=\"1 dakika\" \/>\n<script type=\"application\/ld+json\" class=\"yoast-schema-graph\">{\"@context\":\"https:\/\/schema.org\",\"@graph\":[{\"@type\":\"WebPage\",\"@id\":\"https:\/\/www.zoreltekstil.com.tr\/tr\/urun\/otel-havlusu\/\",\"url\":\"https:\/\/www.zoreltekstil.com.tr\/tr\/urun\/otel-havlusu\/\",\"name\":\"Otel Havlusu | Kaliteli Otel Havlular\u0131 - Zorel Tekstil Ltd. \u015eti. Denizli\",\"isPartOf\":{\"@id\":\"https:\/\/www.zoreltekstil.com.tr\/tr\/#website\"},\"datePublished\":\"2016-02-16T15:11:11+00:00\",\"dateModified\":\"2026-03-06T00:57:50+00:00\",\"description\":\"otel havlusu tasar\u0131m\u0131ndaki geli\u015fmi\u015f servisimizi m\u00fc\u015fterilerimizin talepleri do\u011frultusunda y\u00fckseltiyor ve geni\u015fletiyoruz. Otel havlusu kalitesinde iddial\u0131y\u0131z.\",\"breadcrumb\":{\"@id\":\"https:\/\/www.zoreltekstil.com.tr\/tr\/urun\/otel-havlusu\/#breadcrumb\"},\"inLanguage\":\"tr\",\"potentialAction\":[{\"@type\":\"ReadAction\",\"target\":[\"https:\/\/www.zoreltekstil.com.tr\/tr\/urun\/otel-havlusu\/\"]}]},{\"@type\":\"BreadcrumbList\",\"@id\":\"https:\/\/www.zoreltekstil.com.tr\/tr\/urun\/otel-havlusu\/#breadcrumb\",\"itemListElement\":[{\"@type\":\"ListItem\",\"position\":1,\"name\":\"Home\",\"item\":\"https:\/\/www.zoreltekstil.com.tr\/tr\/\"},{\"@type\":\"ListItem\",\"position\":2,\"name\":\"\u00dcr\u00fcnler\",\"item\":\"https:\/\/www.zoreltekstil.com.tr\/tr\/shop\/\"},{\"@type\":\"ListItem\",\"position\":3,\"name\":\"OTEL HAVLUSU\"}]},{\"@type\":\"WebSite\",\"@id\":\"https:\/\/www.zoreltekstil.com.tr\/tr\/#website\",\"url\":\"https:\/\/www.zoreltekstil.com.tr\/tr\/\",\"name\":\"Havlu, Bornoz, Otel Havlusu | Zorel Tekstil\",\"description\":\"\",\"potentialAction\":[{\"@type\":\"SearchAction\",\"target\":{\"@type\":\"EntryPoint\",\"urlTemplate\":\"https:\/\/www.zoreltekstil.com.tr\/tr\/?s={search_term_string}\"},\"query-input\":\"required name=search_term_string\"}],\"inLanguage\":\"tr\"}]}<\/script>\n<!-- \/ Yoast SEO plugin. -->","yoast_head_json":{"title":"Otel Havlusu | Kaliteli Otel Havlular\u0131 - Zorel Tekstil Ltd. \u015eti. Denizli","description":"otel havlusu tasar\u0131m\u0131ndaki geli\u015fmi\u015f servisimizi m\u00fc\u015fterilerimizin talepleri do\u011frultusunda y\u00fckseltiyor ve geni\u015fletiyoruz. Otel havlusu kalitesinde iddial\u0131y\u0131z.","robots":{"index":"index","follow":"follow","max-snippet":"max-snippet:-1","max-image-preview":"max-image-preview:large","max-video-preview":"max-video-preview:-1"},"canonical":"https:\/\/www.zoreltekstil.com.tr\/tr\/urun\/otel-havlusu\/","og_locale":"tr_TR","og_type":"article","og_title":"Otel Havlusu >> Zorel Tekstil","og_description":"otel havlusu tasar\u0131m\u0131ndaki geli\u015fmi\u015f servisimizi m\u00fc\u015fterilerimizin talepleri do\u011frultusunda y\u00fckseltiyor ve geni\u015fletiyoruz.","og_url":"https:\/\/www.zoreltekstil.com.tr\/tr\/urun\/otel-havlusu\/","og_site_name":"Havlu, Bornoz, Otel Havlusu | Zorel Tekstil","article_modified_time":"2026-03-06T00:57:50+00:00","og_image":[{"width":750,"height":1000,"url":"https:\/\/www.zoreltekstil.com.tr\/tr\/turkishtextile\/Hotel_Spa_Towels_154006.jpg","type":"image\/jpeg"}],"twitter_card":"summary_large_image","twitter_misc":{"Tahmini okuma s\u00fcresi":"1 dakika"},"schema":{"@context":"https:\/\/schema.org","@graph":[{"@type":"WebPage","@id":"https:\/\/www.zoreltekstil.com.tr\/tr\/urun\/otel-havlusu\/","url":"https:\/\/www.zoreltekstil.com.tr\/tr\/urun\/otel-havlusu\/","name":"Otel Havlusu | Kaliteli Otel Havlular\u0131 - Zorel Tekstil Ltd. \u015eti. Denizli","isPartOf":{"@id":"https:\/\/www.zoreltekstil.com.tr\/tr\/#website"},"datePublished":"2016-02-16T15:11:11+00:00","dateModified":"2026-03-06T00:57:50+00:00","description":"otel havlusu tasar\u0131m\u0131ndaki geli\u015fmi\u015f servisimizi m\u00fc\u015fterilerimizin talepleri do\u011frultusunda y\u00fckseltiyor ve geni\u015fletiyoruz. Otel havlusu kalitesinde iddial\u0131y\u0131z.","breadcrumb":{"@id":"https:\/\/www.zoreltekstil.com.tr\/tr\/urun\/otel-havlusu\/#breadcrumb"},"inLanguage":"tr","potentialAction":[{"@type":"ReadAction","target":["https:\/\/www.zoreltekstil.com.tr\/tr\/urun\/otel-havlusu\/"]}]},{"@type":"BreadcrumbList","@id":"https:\/\/www.zoreltekstil.com.tr\/tr\/urun\/otel-havlusu\/#breadcrumb","itemListElement":[{"@type":"ListItem","position":1,"name":"Home","item":"https:\/\/www.zoreltekstil.com.tr\/tr\/"},{"@type":"ListItem","position":2,"name":"\u00dcr\u00fcnler","item":"https:\/\/www.zoreltekstil.com.tr\/tr\/shop\/"},{"@type":"ListItem","position":3,"name":"OTEL HAVLUSU"}]},{"@type":"WebSite","@id":"https:\/\/www.zoreltekstil.com.tr\/tr\/#website","url":"https:\/\/www.zoreltekstil.com.tr\/tr\/","name":"Havlu, Bornoz, Otel Havlusu | Zorel Tekstil","description":"","potentialAction":[{"@type":"SearchAction","target":{"@type":"EntryPoint","urlTemplate":"https:\/\/www.zoreltekstil.com.tr\/tr\/?s={search_term_string}"},"query-input":"required name=search_term_string"}],"inLanguage":"tr"}]}},"_links":{"self":[{"href":"https:\/\/www.zoreltekstil.com.tr\/tr\/wp-json\/wp\/v2\/product\/9543"}],"collection":[{"href":"https:\/\/www.zoreltekstil.com.tr\/tr\/wp-json\/wp\/v2\/product"}],"about":[{"href":"https:\/\/www.zoreltekstil.com.tr\/tr\/wp-json\/wp\/v2\/types\/product"}],"replies":[{"embeddable":true,"href":"https:\/\/www.zoreltekstil.com.tr\/tr\/wp-json\/wp\/v2\/comments?post=9543"}],"wp:featuredmedia":[{"embeddable":true,"href":"https:\/\/www.zoreltekstil.com.tr\/tr\/wp-json\/wp\/v2\/media\/9651"}],"wp:attachment":[{"href":"https:\/\/www.zoreltekstil.com.tr\/tr\/wp-json\/wp\/v2\/media?parent=9543"}],"wp:term":[{"taxonomy":"product_cat","embeddable":true,"href":"https:\/\/www.zoreltekstil.com.tr\/tr\/wp-json\/wp\/v2\/product_cat?post=9543"},{"taxonomy":"product_tag","embeddable":true,"href":"https:\/\/www.zoreltekstil.com.tr\/tr\/wp-json\/wp\/v2\/product_tag?post=9543"}],"curies":[{"name":"wp","href":"https:\/\/api.w.org\/{rel}","templated":true}]}}