{"id":10718,"date":"2018-12-26T12:07:26","date_gmt":"2018-12-26T10:07:26","guid":{"rendered":"https:\/\/www.zoreltekstil.com.tr\/tr\/?post_type=product&#038;p=10718"},"modified":"2018-12-26T12:08:11","modified_gmt":"2018-12-26T10:08:11","slug":"nevresim","status":"publish","type":"product","link":"https:\/\/www.zoreltekstil.com.tr\/tr\/urun\/nevresim\/","title":{"rendered":"NEVRES\u0130M"},"content":{"rendered":"<h3><span style=\"font-family: arial, helvetica, sans-serif; color: #000000;\">UNIQUE \u00a0Nevresim Tak\u0131m\u0131<\/span><\/h3>\n<p><span style=\"font-family: arial, helvetica, sans-serif; color: #000000;\">Bizler, Zorel Tekstil\u00a0olarak sizlere en konforlu tecr\u00fcbeyi yani g\u00fczel r\u00fcyalar sunmak i\u00e7in, unique nevresim tak\u0131m\u0131 serimizde kaliteyi en \u00fcst seviyelere \u00e7\u0131kard\u0131k. Pastel ve soft renklerden olu\u015fan otel tekstili kategorimizdeki nevresim tak\u0131m\u0131\u00a0ile\u00a0en g\u00fczel dinlenme dakikalar\u0131n\u0131 hediye ediyoruz. Nevresim tak\u0131mlar\u0131m\u0131z\u00a0size en iyi dokunu\u015fu sunmak i\u00e7in do\u011fal keten life ve ipliklerinden elde edilmi\u015ftir.<\/span><\/p>\n<h3><span style=\"font-family: arial, helvetica, sans-serif;\">Unique Nevresim Tak\u0131m\u0131\u00a0\u00c7e\u015fitlerimiz<\/span><\/h3>\n<ul>\n<li><span style=\"font-family: arial, helvetica, sans-serif; color: #000000; font-size: 12pt;\">G\u00fcp\u00fcrl\u00fc Nevresim<\/span><\/li>\n<li><span style=\"font-family: arial, helvetica, sans-serif; color: #000000; font-size: 12pt;\">Kopanagi D\u00fc\u011fmeli Nevresim Tak\u0131m\u0131<\/span><\/li>\n<li><span style=\"font-family: arial, helvetica, sans-serif; color: #000000; font-size: 12pt;\">Biyeli Nevresim Tak\u0131m\u0131<\/span><\/li>\n<\/ul>\n<p>&nbsp;<\/p>\n<p>&nbsp;<\/p>\n<p><span style=\"color: #ffffff; font-size: 6pt;\">[mk_tooltip width:1px; height:1px; text=&#8221;Unique Nevresim Tak\u0131mlar\u0131&#8221; tooltip_text=&#8221;<\/span><\/p>\n<p><span style=\"color: #ffffff; font-size: 6pt;\">Zorel Tekstil olarak en iyi pamu\u011fu i\u015fleyerek, en kaliteli havlu, bornoz ve nevresimleri \u00fcretti\u011fimiz fabrikalar\u0131m\u0131z\u0131n bulundu\u011fu bu b\u00f6lgemizde b\u00f6ylece pamu\u011fun en eski hikayesi ba\u015flam\u0131\u015f oldu. Denizli\u2019deki pek \u00e7ok firma gibi bizimde modern tesislerde \u00fcretim yapma yolunda ilerleyi\u015fimiz, eski mekikli tezg\u00e2hlar da \u00fcretilen kuma\u015flar\u0131n ticaretini yaparak ba\u015flad\u0131.<\/span><\/p>\n<p><span style=\"color: #ffffff; font-size: 6pt;\">1989 y\u0131l\u0131nda \u00e7\u00f6zg\u00fc, ha\u015f\u0131l ve dokuma fabrikas\u0131 olarak kuruldu.1996 y\u0131l\u0131nda ihracata ba\u015flayan Zorel Tekstil 150 \u00e7al\u0131\u015fan\u0131yla 11000 m2\u2019lik kapal\u0131 alanda y\u0131ll\u0131k yakla\u015f\u0131k 15 milyon dolarl\u0131k ihracat rakam\u0131na ula\u015fm\u0131\u015ft\u0131r. \u0130ngiltere, Amerika ve Avrupa \u00fclkeleri ba\u015fta olmak \u00fczere bir\u00e7ok \u00fclkedeki se\u00e7kin ev tekstil al\u0131c\u0131lar\u0131na hitap etmektedir.<\/span><\/p>\n<p><span style=\"color: #ffffff; font-size: 6pt;\">Firmam\u0131z Zorel Tekstil, havlu, bornoz ve nevresim \u00fcr\u00fcn gruplar\u0131yla tekstil end\u00fcstrisinin en se\u00e7kin firmalar\u0131ndand\u0131r. Amac\u0131m\u0131z m\u00fc\u015fterilerimize konfor, kullan\u0131\u015f, tasar\u0131m, g\u00fcncel trend ve teknolojiler gibi ba\u015fl\u0131klar alt\u0131nda y\u00fcksek m\u00fc\u015fteri memnuniyetini sa\u011flamakt\u0131r.<\/span><\/p>\n<p><span style=\"color: #ffffff; font-size: 6pt;\">Tasar\u0131mdaki geli\u015fmi\u015f servisimizi m\u00fc\u015fterilerimizin talepleri do\u011frultusunda y\u00fckseltiyor ve geni\u015fletiyoruz. Bug\u00fcn, sat\u0131\u015flar\u0131m\u0131z\u0131n %85\u2019ini yurtd\u0131\u015f\u0131 oteller ve ma\u011fazalar ile ger\u00e7ekle\u015ftirmekteyiz. Toptan ve perakende miktar\u0131m\u0131z ise sat\u0131\u015f\u0131n ini olu\u015fturmaktad\u0131r. \u00dcretimin kuma\u015ftan mam\u00fcle kadar her bir ad\u0131m\u0131nda m\u00fc\u015fterilerimizle ili\u015fkilerimizde hassasiyetle hareket ediyor ve onlar\u0131n talepleri do\u011frultusunda ilerliyoruz.<\/span><\/p>\n<p><span style=\"color: #ffffff; font-size: 6pt;\">Her bir \u00fcretim i\u00e7in hedefimiz ise m\u00fc\u015fterilerimize kesintisiz hizmet, zaman\u0131nda teslim ve sonu\u00e7 olarak y\u00fcksek kaliteli \u00fcr\u00fcnler sunarak memnun etmektir.<\/span><br \/>\n<span style=\"color: #ffffff; font-size: 6pt;\">&#8221; href=&#8221;#&#8221;]<\/span><\/p>\n","protected":false},"excerpt":{"rendered":"<h3><span style=\"font-family: arial, helvetica, sans-serif; color: #000000;\">UNIQUE Nevresim Tak\u0131m\u0131<\/span><\/h3>\n<h4><span style=\"font-family: arial, helvetica, sans-serif;\"><b><span style=\"color: black;\">Tek Ki\u015filik Nevresim Tak\u0131m\u0131<\/span><\/b><\/span><\/h4>\n<p style=\"line-height: 18.0pt; orphans: auto; widows: 1; -webkit-text-stroke-width: 0px; word-spacing: 0px;\"><span style=\"font-family: arial, helvetica, sans-serif; color: black;\">Nevresim \u00a0 \u00a0 \u00a0 \u00a0 \u00a0 \u00a0 \u00a0 \u00a0 : 160 x 220 cm<\/span><\/p>\n<p style=\"line-height: 18.0pt; orphans: auto; text-align: start; widows: 1; -webkit-text-stroke-width: 0px; word-spacing: 0px;\"><span style=\"font-family: arial, helvetica, sans-serif; color: black;\">\u00c7ar\u015faf \u00a0 \u00a0 \u00a0 \u00a0 \u00a0 \u00a0 \u00a0 \u00a0 \u00a0 \u00a0 \u00a0: 160 x 240 cm<\/span><\/p>\n<p style=\"line-height: 18.0pt; orphans: auto; text-align: start; widows: 1; -webkit-text-stroke-width: 0px; word-spacing: 0px;\"><span style=\"font-family: arial, helvetica, sans-serif; color: black;\">Std. Yast\u0131k K\u0131l\u0131f\u0131 \u00a0 \u00a0 \u00a0 \u00a0: 50 x 70 cm (1 Ad.)<\/span><\/p>\n<p style=\"line-height: 18.0pt; orphans: auto; text-align: start; widows: 1; -webkit-text-stroke-width: 0px; word-spacing: 0px;\"><span style=\"font-family: arial, helvetica, sans-serif; color: black;\">Oxfd. Yast\u0131k K\u0131l\u0131f\u0131 \u00a0 \u00a0 \u00a0: 50 x 70+5 cm (1 Ad.)<\/span><\/p>\n<p style=\"line-height: 18.0pt; orphans: auto; text-align: start; widows: 1; -webkit-text-stroke-width: 0px; word-spacing: 0px;\"><span style=\"color: #ffffff;\">.<\/span><\/p>\n<h4 style=\"line-height: 18.0pt; orphans: auto; text-align: start; widows: 1; -webkit-text-stroke-width: 0px; word-spacing: 0px;\"><span style=\"font-family: arial, helvetica, sans-serif;\"><span style=\"color: black;\">\u00c7ift Ki\u015filik Nevresim Tak\u0131m\u0131<\/span><\/span><\/h4>\n<p style=\"line-height: 18.0pt; orphans: auto; widows: 1; -webkit-text-stroke-width: 0px; word-spacing: 0px;\"><span style=\"font-family: arial, helvetica, sans-serif; color: black;\">Nevresim \u00a0 \u00a0 \u00a0 \u00a0 \u00a0 \u00a0 \u00a0 \u00a0 \u00a0: 200 x 220 cm<\/span><\/p>\n<p style=\"line-height: 18.0pt; orphans: auto; text-align: start; widows: 1; -webkit-text-stroke-width: 0px; word-spacing: 0px;\"><span style=\"font-family: arial, helvetica, sans-serif; color: black;\">\u00c7ar\u015faf \u00a0 \u00a0 \u00a0 \u00a0 \u00a0 \u00a0 \u00a0 \u00a0 \u00a0 \u00a0 \u00a0 : 240 x 260 cm<\/span><\/p>\n<p style=\"line-height: 18.0pt; orphans: auto; text-align: start; widows: 1; -webkit-text-stroke-width: 0px; word-spacing: 0px;\"><span style=\"font-family: arial, helvetica, sans-serif; color: black;\">Std. Yast\u0131k K\u0131l\u0131f\u0131 \u00a0 \u00a0 \u00a0 \u00a0: 50 x 70 cm (2 Ad.)<\/span><\/p>\n<p style=\"line-height: 18.0pt; orphans: auto; text-align: start; widows: 1; -webkit-text-stroke-width: 0px; word-spacing: 0px;\"><span style=\"font-family: arial, helvetica, sans-serif; color: black;\">Oxfd. Yast\u0131k K\u0131l\u0131f\u0131 \u00a0 \u00a0 \u00a0: 50 x 70+5 cm (2 Ad.) \u00a0\u00a0<\/span><\/p>\n<p style=\"line-height: 18.0pt; orphans: auto; text-align: start; widows: 1; -webkit-text-stroke-width: 0px; word-spacing: 0px;\"><span style=\"color: #ffffff;\">.<\/span><\/p>\n<p style=\"line-height: 18.0pt; orphans: auto; text-align: start; widows: 1; -webkit-text-stroke-width: 0px; word-spacing: 0px;\"><span style=\"color: #000000; font-family: arial, helvetica, sans-serif;\">Oxford Kuma\u015f Nedir? :\u00a0\u00c7ift \u00e7\u00f6zg\u00fc ipli\u011finin tek bir iplik gibi dokundu\u011fu kuma\u015flard\u0131r. \u00d6rg\u00fcs\u00fc itibariyle kanvas\u0131n ayn\u0131s\u0131d\u0131r. Kaliteli bir kuma\u015f tipidir. Su ge\u00e7irmez \u00f6zelli\u011fi vard\u0131r.<\/span><\/p>\n<p style=\"line-height: 18.0pt; orphans: auto; text-align: start; widows: 1; -webkit-text-stroke-width: 0px; word-spacing: 0px;\"><span style=\"color: #ffffff;\">.<\/span><\/p>\n<p style=\"line-height: 18.0pt; orphans: auto; text-align: start; widows: 1; -webkit-text-stroke-width: 0px; word-spacing: 0px;\"><span style=\"color: #000000; font-family: arial, helvetica, sans-serif;\">Se\u00e7kin hizmetimize ek olarak, kuma\u015f kalite gereksinimlerini kar\u015f\u0131layan \u00fcr\u00fcnlerimiz <a style=\"color: #000000;\" href=\"https:\/\/www.oeko-tex.com\/de\/business\/business_home\/business_home.xhtml\" target=\"_blank\" rel=\"nofollow noopener\">OEKOTEX<\/a> sertifikas\u0131na sahiptir.<\/span><\/p>\n<p style=\"line-height: 18.0pt;\"><span style=\"font-family: arial, helvetica, sans-serif;\"><span style=\"color: black;\">\u00a0<\/span><img loading=\"lazy\" decoding=\"async\" class=\"size-full wp-image-9859 alignleft\" src=\"https:\/\/www.zoreltekstil.com.tr\/turkishtextile\/degre.jpg\" alt=\"degre\" width=\"200\" height=\"27\" srcset=\"https:\/\/www.zoreltekstil.com.tr\/tr\/turkishtextile\/degre.jpg 200w, https:\/\/www.zoreltekstil.com.tr\/tr\/turkishtextile\/degre-500x67.jpg 500w, https:\/\/www.zoreltekstil.com.tr\/tr\/turkishtextile\/degre-400x54.jpg 400w\" sizes=\"(max-width: 200px) 100vw, 200px\" \/><\/span><\/p>\n","protected":false},"featured_media":9532,"comment_status":"closed","ping_status":"closed","template":"","meta":[],"product_cat":[112],"product_tag":[],"yoast_head":"<!-- This site is optimized with the Yoast SEO plugin v20.11 - https:\/\/yoast.com\/wordpress\/plugins\/seo\/ -->\n<title>Unique Nevresim Tak\u0131m\u0131 - Zorel Tekstil Nevresim Tak\u0131mlar\u0131<\/title>\n<meta name=\"description\" content=\"Zorel olarak sizlere en konforlu tecr\u00fcbeyi yani g\u00fczel r\u00fcyalar sunmak i\u00e7in unique nevresim tak\u0131m\u0131 \u00fcr\u00fcn gruplar\u0131m\u0131zla kaliteyi en \u00fcst seviyelere \u00e7\u0131kard\u0131k!\" \/>\n<meta name=\"robots\" content=\"index, follow, max-snippet:-1, max-image-preview:large, max-video-preview:-1\" \/>\n<link rel=\"canonical\" href=\"https:\/\/www.zoreltekstil.com.tr\/tr\/urun\/nevresim\/\" \/>\n<meta property=\"og:locale\" content=\"tr_TR\" \/>\n<meta property=\"og:type\" content=\"article\" \/>\n<meta property=\"og:title\" content=\"Unique Nevresim Tak\u0131m\u0131 - Zorel Tekstil Nevresim Tak\u0131mlar\u0131\" \/>\n<meta property=\"og:description\" content=\"Zorel olarak sizlere en konforlu tecr\u00fcbeyi yani g\u00fczel r\u00fcyalar sunmak i\u00e7in unique nevresim tak\u0131m\u0131 \u00fcr\u00fcn gruplar\u0131m\u0131zla kaliteyi en \u00fcst seviyelere \u00e7\u0131kard\u0131k!\" \/>\n<meta property=\"og:url\" content=\"https:\/\/www.zoreltekstil.com.tr\/tr\/urun\/nevresim\/\" \/>\n<meta property=\"og:site_name\" content=\"Havlu, Bornoz, Otel Havlusu | Zorel Tekstil\" \/>\n<meta property=\"article:modified_time\" content=\"2018-12-26T10:08:11+00:00\" \/>\n<meta property=\"og:image\" content=\"https:\/\/www.zoreltekstil.com.tr\/tr\/turkishtextile\/Calisto_Linens_157009.jpg\" \/>\n\t<meta property=\"og:image:width\" content=\"750\" \/>\n\t<meta property=\"og:image:height\" content=\"1000\" \/>\n\t<meta property=\"og:image:type\" content=\"image\/jpeg\" \/>\n<meta name=\"twitter:card\" content=\"summary_large_image\" \/>\n<meta name=\"twitter:label1\" content=\"Tahmini okuma s\u00fcresi\" \/>\n\t<meta name=\"twitter:data1\" content=\"2 dakika\" \/>\n<script type=\"application\/ld+json\" class=\"yoast-schema-graph\">{\"@context\":\"https:\/\/schema.org\",\"@graph\":[{\"@type\":\"WebPage\",\"@id\":\"https:\/\/www.zoreltekstil.com.tr\/tr\/urun\/nevresim\/\",\"url\":\"https:\/\/www.zoreltekstil.com.tr\/tr\/urun\/nevresim\/\",\"name\":\"Unique Nevresim Tak\u0131m\u0131 - Zorel Tekstil Nevresim Tak\u0131mlar\u0131\",\"isPartOf\":{\"@id\":\"https:\/\/www.zoreltekstil.com.tr\/tr\/#website\"},\"datePublished\":\"2018-12-26T10:07:26+00:00\",\"dateModified\":\"2018-12-26T10:08:11+00:00\",\"description\":\"Zorel olarak sizlere en konforlu tecr\u00fcbeyi yani g\u00fczel r\u00fcyalar sunmak i\u00e7in unique nevresim tak\u0131m\u0131 \u00fcr\u00fcn gruplar\u0131m\u0131zla kaliteyi en \u00fcst seviyelere \u00e7\u0131kard\u0131k!\",\"breadcrumb\":{\"@id\":\"https:\/\/www.zoreltekstil.com.tr\/tr\/urun\/nevresim\/#breadcrumb\"},\"inLanguage\":\"tr\",\"potentialAction\":[{\"@type\":\"ReadAction\",\"target\":[\"https:\/\/www.zoreltekstil.com.tr\/tr\/urun\/nevresim\/\"]}]},{\"@type\":\"BreadcrumbList\",\"@id\":\"https:\/\/www.zoreltekstil.com.tr\/tr\/urun\/nevresim\/#breadcrumb\",\"itemListElement\":[{\"@type\":\"ListItem\",\"position\":1,\"name\":\"Home\",\"item\":\"https:\/\/www.zoreltekstil.com.tr\/tr\/\"},{\"@type\":\"ListItem\",\"position\":2,\"name\":\"\u00dcr\u00fcnler\",\"item\":\"https:\/\/www.zoreltekstil.com.tr\/tr\/shop\/\"},{\"@type\":\"ListItem\",\"position\":3,\"name\":\"NEVRES\u0130M\"}]},{\"@type\":\"WebSite\",\"@id\":\"https:\/\/www.zoreltekstil.com.tr\/tr\/#website\",\"url\":\"https:\/\/www.zoreltekstil.com.tr\/tr\/\",\"name\":\"Havlu, Bornoz, Otel Havlusu | Zorel Tekstil\",\"description\":\"\",\"potentialAction\":[{\"@type\":\"SearchAction\",\"target\":{\"@type\":\"EntryPoint\",\"urlTemplate\":\"https:\/\/www.zoreltekstil.com.tr\/tr\/?s={search_term_string}\"},\"query-input\":\"required name=search_term_string\"}],\"inLanguage\":\"tr\"}]}<\/script>\n<!-- \/ Yoast SEO plugin. -->","yoast_head_json":{"title":"Unique Nevresim Tak\u0131m\u0131 - Zorel Tekstil Nevresim Tak\u0131mlar\u0131","description":"Zorel olarak sizlere en konforlu tecr\u00fcbeyi yani g\u00fczel r\u00fcyalar sunmak i\u00e7in unique nevresim tak\u0131m\u0131 \u00fcr\u00fcn gruplar\u0131m\u0131zla kaliteyi en \u00fcst seviyelere \u00e7\u0131kard\u0131k!","robots":{"index":"index","follow":"follow","max-snippet":"max-snippet:-1","max-image-preview":"max-image-preview:large","max-video-preview":"max-video-preview:-1"},"canonical":"https:\/\/www.zoreltekstil.com.tr\/tr\/urun\/nevresim\/","og_locale":"tr_TR","og_type":"article","og_title":"Unique Nevresim Tak\u0131m\u0131 - Zorel Tekstil Nevresim Tak\u0131mlar\u0131","og_description":"Zorel olarak sizlere en konforlu tecr\u00fcbeyi yani g\u00fczel r\u00fcyalar sunmak i\u00e7in unique nevresim tak\u0131m\u0131 \u00fcr\u00fcn gruplar\u0131m\u0131zla kaliteyi en \u00fcst seviyelere \u00e7\u0131kard\u0131k!","og_url":"https:\/\/www.zoreltekstil.com.tr\/tr\/urun\/nevresim\/","og_site_name":"Havlu, Bornoz, Otel Havlusu | Zorel Tekstil","article_modified_time":"2018-12-26T10:08:11+00:00","og_image":[{"width":750,"height":1000,"url":"https:\/\/www.zoreltekstil.com.tr\/tr\/turkishtextile\/Calisto_Linens_157009.jpg","type":"image\/jpeg"}],"twitter_card":"summary_large_image","twitter_misc":{"Tahmini okuma s\u00fcresi":"2 dakika"},"schema":{"@context":"https:\/\/schema.org","@graph":[{"@type":"WebPage","@id":"https:\/\/www.zoreltekstil.com.tr\/tr\/urun\/nevresim\/","url":"https:\/\/www.zoreltekstil.com.tr\/tr\/urun\/nevresim\/","name":"Unique Nevresim Tak\u0131m\u0131 - Zorel Tekstil Nevresim Tak\u0131mlar\u0131","isPartOf":{"@id":"https:\/\/www.zoreltekstil.com.tr\/tr\/#website"},"datePublished":"2018-12-26T10:07:26+00:00","dateModified":"2018-12-26T10:08:11+00:00","description":"Zorel olarak sizlere en konforlu tecr\u00fcbeyi yani g\u00fczel r\u00fcyalar sunmak i\u00e7in unique nevresim tak\u0131m\u0131 \u00fcr\u00fcn gruplar\u0131m\u0131zla kaliteyi en \u00fcst seviyelere \u00e7\u0131kard\u0131k!","breadcrumb":{"@id":"https:\/\/www.zoreltekstil.com.tr\/tr\/urun\/nevresim\/#breadcrumb"},"inLanguage":"tr","potentialAction":[{"@type":"ReadAction","target":["https:\/\/www.zoreltekstil.com.tr\/tr\/urun\/nevresim\/"]}]},{"@type":"BreadcrumbList","@id":"https:\/\/www.zoreltekstil.com.tr\/tr\/urun\/nevresim\/#breadcrumb","itemListElement":[{"@type":"ListItem","position":1,"name":"Home","item":"https:\/\/www.zoreltekstil.com.tr\/tr\/"},{"@type":"ListItem","position":2,"name":"\u00dcr\u00fcnler","item":"https:\/\/www.zoreltekstil.com.tr\/tr\/shop\/"},{"@type":"ListItem","position":3,"name":"NEVRES\u0130M"}]},{"@type":"WebSite","@id":"https:\/\/www.zoreltekstil.com.tr\/tr\/#website","url":"https:\/\/www.zoreltekstil.com.tr\/tr\/","name":"Havlu, Bornoz, Otel Havlusu | Zorel Tekstil","description":"","potentialAction":[{"@type":"SearchAction","target":{"@type":"EntryPoint","urlTemplate":"https:\/\/www.zoreltekstil.com.tr\/tr\/?s={search_term_string}"},"query-input":"required name=search_term_string"}],"inLanguage":"tr"}]}},"_links":{"self":[{"href":"https:\/\/www.zoreltekstil.com.tr\/tr\/wp-json\/wp\/v2\/product\/10718"}],"collection":[{"href":"https:\/\/www.zoreltekstil.com.tr\/tr\/wp-json\/wp\/v2\/product"}],"about":[{"href":"https:\/\/www.zoreltekstil.com.tr\/tr\/wp-json\/wp\/v2\/types\/product"}],"replies":[{"embeddable":true,"href":"https:\/\/www.zoreltekstil.com.tr\/tr\/wp-json\/wp\/v2\/comments?post=10718"}],"wp:featuredmedia":[{"embeddable":true,"href":"https:\/\/www.zoreltekstil.com.tr\/tr\/wp-json\/wp\/v2\/media\/9532"}],"wp:attachment":[{"href":"https:\/\/www.zoreltekstil.com.tr\/tr\/wp-json\/wp\/v2\/media?parent=10718"}],"wp:term":[{"taxonomy":"product_cat","embeddable":true,"href":"https:\/\/www.zoreltekstil.com.tr\/tr\/wp-json\/wp\/v2\/product_cat?post=10718"},{"taxonomy":"product_tag","embeddable":true,"href":"https:\/\/www.zoreltekstil.com.tr\/tr\/wp-json\/wp\/v2\/product_tag?post=10718"}],"curies":[{"name":"wp","href":"https:\/\/api.w.org\/{rel}","templated":true}]}}