{"id":10708,"date":"2018-12-20T09:54:01","date_gmt":"2018-12-20T07:54:01","guid":{"rendered":"https:\/\/www.zoreltekstil.com.tr\/tr\/?post_type=product&#038;p=10708"},"modified":"2019-12-04T15:56:45","modified_gmt":"2019-12-04T12:56:45","slug":"basic-pamuklu-havlu-seti","status":"publish","type":"product","link":"https:\/\/www.zoreltekstil.com.tr\/tr\/urun\/basic-pamuklu-havlu-seti\/","title":{"rendered":"BASIC HAVLU SET\u0130"},"content":{"rendered":"<p><span style=\"color: #000000;\">Pamuklu havlu, kalitesini etkileyen s\u0131kl\u0131k, iplik t\u00fcr\u00fc, hav uzunlu\u011fu ve tasar\u0131m\u0131, nak\u0131\u015f\u0131 yada rengi gibi teknik ve pratik parametreler vard\u0131r. B\u00fct\u00fcn tasar\u0131m ad\u0131mlar\u0131 m\u00fc\u015fteri talepleri ve son kullan\u0131m alan\u0131 do\u011frultusunda ayarlanmaktad\u0131r. \u00d6rne\u011fin; plaj havlusu ile bir ofis i\u00e7in al\u0131nan el havlusu teknik ve tasar\u0131m bak\u0131m\u0131ndan olduk\u00e7a farkl\u0131d\u0131r.<\/span><\/p>\n<p><span style=\"color: #000000;\">Zorel olarak, pamuklu havlu \u00fcr\u00fcnlerimizi m\u00fc\u015fterilerimizin taleplerine g\u00f6re sunuyoruz ve geni\u015f bir havlu serisi tasar\u0131m\u0131na sahibiz. Bunlar, s\u0131n\u0131flar\u0131na g\u00f6re;<\/span><\/p>\n<ul>\n<li><span style=\"color: #000000;\">Boya &amp; Bask\u0131; D\u00fcz boyama, \u0130plik boyama ve Bask\u0131,<\/span><\/li>\n<li><span style=\"color: #000000;\">\u00dcretim tipi: Dokuma \u2013 Arm\u00fcrl\u00fc\u00a0ve Jakarl\u0131,<\/span><\/li>\n<li><span style=\"color: #000000;\">\u00d6rme \u2013 \u00d6rg\u00fc Havlu,<\/span><\/li>\n<li><span style=\"color: #000000;\">Tasar\u0131m: Waffle, Kadife ve Nak\u0131\u015fl\u0131 havlular<\/span><\/li>\n<\/ul>\n<p><span style=\"color: #000000;\">Se\u00e7kin hizmetimize ek olarak, kuma\u015f kalite gereksinimlerini kar\u015f\u0131layan \u00fcr\u00fcnlerimiz <a style=\"color: #000000;\" href=\"https:\/\/www.oeko-tex.com\/de\/business\/business_home\/business_home.xhtml\" target=\"_blank\" rel=\"nofollow noopener noreferrer\">OEKO &#8211; TEX<\/a> sertifikas\u0131na sahiptir.<\/span><\/p>\n<p>&nbsp;<\/p>\n<p>&nbsp;<\/p>\n","protected":false},"excerpt":{"rendered":"<div class=\"description\">\n<p><span style=\"color: #000000;\">\u00a0<\/span><\/p>\n<div class=\"description\">\n<p><span style=\"color: #000000;\">El Havlusu \u00a0 \u00a0 \u00a0 \u00a0 \u00a0 \u00a0 \u00a0 : 30 x 50 cm<\/span><\/p>\n<p><span style=\"color: #000000;\">Ba\u015f Havlusu \u00a0 \u00a0 \u00a0 \u00a0 \u00a0 \u00a0 \u00a0: 50 x 90 cm<\/span><\/p>\n<p><span style=\"color: #000000;\">Banyo Havlusu \u00a0 \u00a0 \u00a0 \u00a0 :\u00a0 70 x 140 cm<\/span><\/p>\n<p><span style=\"color: #000000;\"> Tek kat \u00fcr\u00fcnlerimiz 16\/1 % 100 pamuk iplikten<\/span><span style=\"color: #000000;\">\u00a0\u00fcretilmi\u015ftir.<\/span><\/p>\n<p><span style=\"color: #000000;\"><img loading=\"lazy\" decoding=\"async\" class=\"size-full wp-image-9859 alignleft\" src=\"https:\/\/www.zoreltekstil.com.tr\/turkishtextile\/degre.jpg\" alt=\"degre\" width=\"200\" height=\"27\" srcset=\"https:\/\/www.zoreltekstil.com.tr\/tr\/turkishtextile\/degre.jpg 200w, https:\/\/www.zoreltekstil.com.tr\/tr\/turkishtextile\/degre-500x67.jpg 500w, https:\/\/www.zoreltekstil.com.tr\/tr\/turkishtextile\/degre-400x54.jpg 400w\" sizes=\"(max-width: 200px) 100vw, 200px\" \/><\/span><\/p>\n<\/div>\n<p>&nbsp;<\/p>\n<\/div>\n<p>&nbsp;<\/p>\n<p>&nbsp;<\/p>\n<div class=\"description\"><\/div>\n<p><button class=\"btn btn-orange\" type=\"button\"><a target=\"_new\" href=\"https:\/\/www.hepsiburada.com\/zrhome\/banyo-havlulari-c-9010079\" rel=\"noopener noreferrer\">HepsiBurada<\/a><\/button><button class=\"btn btn-red\" type=\"button\">N11<\/button><\/p>\n","protected":false},"featured_media":10673,"comment_status":"closed","ping_status":"closed","template":"","meta":[],"product_cat":[112],"product_tag":[88],"yoast_head":"<!-- This site is optimized with the Yoast SEO plugin v20.11 - https:\/\/yoast.com\/wordpress\/plugins\/seo\/ -->\n<title>Basic Pamuklu Havlu Seti - Zorel Tekstil<\/title>\n<meta name=\"description\" content=\"pamuklu havlu tasar\u0131m\u0131ndaki geli\u015fmi\u015f servisimizi m\u00fc\u015fterilerimizin talepleri do\u011frultusunda y\u00fckseltiyor ve geni\u015fletiyoruz.\" \/>\n<meta name=\"robots\" content=\"index, follow, max-snippet:-1, max-image-preview:large, max-video-preview:-1\" \/>\n<link rel=\"canonical\" href=\"https:\/\/www.zoreltekstil.com.tr\/tr\/urun\/basic-pamuklu-havlu-seti\/\" \/>\n<meta property=\"og:locale\" content=\"tr_TR\" \/>\n<meta property=\"og:type\" content=\"article\" \/>\n<meta property=\"og:title\" content=\"Otel Havlusu &gt;&gt; Zorel Tekstil\" \/>\n<meta property=\"og:description\" content=\"otel havlusu tasar\u0131m\u0131ndaki geli\u015fmi\u015f servisimizi m\u00fc\u015fterilerimizin talepleri do\u011frultusunda y\u00fckseltiyor ve geni\u015fletiyoruz.\" \/>\n<meta property=\"og:url\" content=\"https:\/\/www.zoreltekstil.com.tr\/tr\/urun\/basic-pamuklu-havlu-seti\/\" \/>\n<meta property=\"og:site_name\" content=\"Havlu, Bornoz, Otel Havlusu | Zorel Tekstil\" \/>\n<meta property=\"article:modified_time\" content=\"2019-12-04T12:56:45+00:00\" \/>\n<meta property=\"og:image\" content=\"https:\/\/www.zoreltekstil.com.tr\/tr\/turkishtextile\/Hotel_Spa_Towels_154006.jpg\" \/>\n\t<meta property=\"og:image:width\" content=\"750\" \/>\n\t<meta property=\"og:image:height\" content=\"1000\" \/>\n\t<meta property=\"og:image:type\" content=\"image\/jpeg\" \/>\n<meta name=\"twitter:card\" content=\"summary_large_image\" \/>\n<meta name=\"twitter:label1\" content=\"Tahmini okuma s\u00fcresi\" \/>\n\t<meta name=\"twitter:data1\" content=\"1 dakika\" \/>\n<script type=\"application\/ld+json\" class=\"yoast-schema-graph\">{\"@context\":\"https:\/\/schema.org\",\"@graph\":[{\"@type\":\"WebPage\",\"@id\":\"https:\/\/www.zoreltekstil.com.tr\/tr\/urun\/basic-pamuklu-havlu-seti\/\",\"url\":\"https:\/\/www.zoreltekstil.com.tr\/tr\/urun\/basic-pamuklu-havlu-seti\/\",\"name\":\"Basic Pamuklu Havlu Seti - Zorel Tekstil\",\"isPartOf\":{\"@id\":\"https:\/\/www.zoreltekstil.com.tr\/tr\/#website\"},\"datePublished\":\"2018-12-20T07:54:01+00:00\",\"dateModified\":\"2019-12-04T12:56:45+00:00\",\"description\":\"pamuklu havlu tasar\u0131m\u0131ndaki geli\u015fmi\u015f servisimizi m\u00fc\u015fterilerimizin talepleri do\u011frultusunda y\u00fckseltiyor ve geni\u015fletiyoruz.\",\"breadcrumb\":{\"@id\":\"https:\/\/www.zoreltekstil.com.tr\/tr\/urun\/basic-pamuklu-havlu-seti\/#breadcrumb\"},\"inLanguage\":\"tr\",\"potentialAction\":[{\"@type\":\"ReadAction\",\"target\":[\"https:\/\/www.zoreltekstil.com.tr\/tr\/urun\/basic-pamuklu-havlu-seti\/\"]}]},{\"@type\":\"BreadcrumbList\",\"@id\":\"https:\/\/www.zoreltekstil.com.tr\/tr\/urun\/basic-pamuklu-havlu-seti\/#breadcrumb\",\"itemListElement\":[{\"@type\":\"ListItem\",\"position\":1,\"name\":\"Home\",\"item\":\"https:\/\/www.zoreltekstil.com.tr\/tr\/\"},{\"@type\":\"ListItem\",\"position\":2,\"name\":\"\u00dcr\u00fcnler\",\"item\":\"https:\/\/www.zoreltekstil.com.tr\/tr\/shop\/\"},{\"@type\":\"ListItem\",\"position\":3,\"name\":\"BASIC HAVLU SET\u0130\"}]},{\"@type\":\"WebSite\",\"@id\":\"https:\/\/www.zoreltekstil.com.tr\/tr\/#website\",\"url\":\"https:\/\/www.zoreltekstil.com.tr\/tr\/\",\"name\":\"Havlu, Bornoz, Otel Havlusu | Zorel Tekstil\",\"description\":\"\",\"potentialAction\":[{\"@type\":\"SearchAction\",\"target\":{\"@type\":\"EntryPoint\",\"urlTemplate\":\"https:\/\/www.zoreltekstil.com.tr\/tr\/?s={search_term_string}\"},\"query-input\":\"required name=search_term_string\"}],\"inLanguage\":\"tr\"}]}<\/script>\n<!-- \/ Yoast SEO plugin. -->","yoast_head_json":{"title":"Basic Pamuklu Havlu Seti - Zorel Tekstil","description":"pamuklu havlu tasar\u0131m\u0131ndaki geli\u015fmi\u015f servisimizi m\u00fc\u015fterilerimizin talepleri do\u011frultusunda y\u00fckseltiyor ve geni\u015fletiyoruz.","robots":{"index":"index","follow":"follow","max-snippet":"max-snippet:-1","max-image-preview":"max-image-preview:large","max-video-preview":"max-video-preview:-1"},"canonical":"https:\/\/www.zoreltekstil.com.tr\/tr\/urun\/basic-pamuklu-havlu-seti\/","og_locale":"tr_TR","og_type":"article","og_title":"Otel Havlusu >> Zorel Tekstil","og_description":"otel havlusu tasar\u0131m\u0131ndaki geli\u015fmi\u015f servisimizi m\u00fc\u015fterilerimizin talepleri do\u011frultusunda y\u00fckseltiyor ve geni\u015fletiyoruz.","og_url":"https:\/\/www.zoreltekstil.com.tr\/tr\/urun\/basic-pamuklu-havlu-seti\/","og_site_name":"Havlu, Bornoz, Otel Havlusu | Zorel Tekstil","article_modified_time":"2019-12-04T12:56:45+00:00","og_image":[{"width":750,"height":1000,"url":"https:\/\/www.zoreltekstil.com.tr\/tr\/turkishtextile\/Hotel_Spa_Towels_154006.jpg","type":"image\/jpeg"}],"twitter_card":"summary_large_image","twitter_misc":{"Tahmini okuma s\u00fcresi":"1 dakika"},"schema":{"@context":"https:\/\/schema.org","@graph":[{"@type":"WebPage","@id":"https:\/\/www.zoreltekstil.com.tr\/tr\/urun\/basic-pamuklu-havlu-seti\/","url":"https:\/\/www.zoreltekstil.com.tr\/tr\/urun\/basic-pamuklu-havlu-seti\/","name":"Basic Pamuklu Havlu Seti - Zorel Tekstil","isPartOf":{"@id":"https:\/\/www.zoreltekstil.com.tr\/tr\/#website"},"datePublished":"2018-12-20T07:54:01+00:00","dateModified":"2019-12-04T12:56:45+00:00","description":"pamuklu havlu tasar\u0131m\u0131ndaki geli\u015fmi\u015f servisimizi m\u00fc\u015fterilerimizin talepleri do\u011frultusunda y\u00fckseltiyor ve geni\u015fletiyoruz.","breadcrumb":{"@id":"https:\/\/www.zoreltekstil.com.tr\/tr\/urun\/basic-pamuklu-havlu-seti\/#breadcrumb"},"inLanguage":"tr","potentialAction":[{"@type":"ReadAction","target":["https:\/\/www.zoreltekstil.com.tr\/tr\/urun\/basic-pamuklu-havlu-seti\/"]}]},{"@type":"BreadcrumbList","@id":"https:\/\/www.zoreltekstil.com.tr\/tr\/urun\/basic-pamuklu-havlu-seti\/#breadcrumb","itemListElement":[{"@type":"ListItem","position":1,"name":"Home","item":"https:\/\/www.zoreltekstil.com.tr\/tr\/"},{"@type":"ListItem","position":2,"name":"\u00dcr\u00fcnler","item":"https:\/\/www.zoreltekstil.com.tr\/tr\/shop\/"},{"@type":"ListItem","position":3,"name":"BASIC HAVLU SET\u0130"}]},{"@type":"WebSite","@id":"https:\/\/www.zoreltekstil.com.tr\/tr\/#website","url":"https:\/\/www.zoreltekstil.com.tr\/tr\/","name":"Havlu, Bornoz, Otel Havlusu | Zorel Tekstil","description":"","potentialAction":[{"@type":"SearchAction","target":{"@type":"EntryPoint","urlTemplate":"https:\/\/www.zoreltekstil.com.tr\/tr\/?s={search_term_string}"},"query-input":"required name=search_term_string"}],"inLanguage":"tr"}]}},"_links":{"self":[{"href":"https:\/\/www.zoreltekstil.com.tr\/tr\/wp-json\/wp\/v2\/product\/10708"}],"collection":[{"href":"https:\/\/www.zoreltekstil.com.tr\/tr\/wp-json\/wp\/v2\/product"}],"about":[{"href":"https:\/\/www.zoreltekstil.com.tr\/tr\/wp-json\/wp\/v2\/types\/product"}],"replies":[{"embeddable":true,"href":"https:\/\/www.zoreltekstil.com.tr\/tr\/wp-json\/wp\/v2\/comments?post=10708"}],"wp:featuredmedia":[{"embeddable":true,"href":"https:\/\/www.zoreltekstil.com.tr\/tr\/wp-json\/wp\/v2\/media\/10673"}],"wp:attachment":[{"href":"https:\/\/www.zoreltekstil.com.tr\/tr\/wp-json\/wp\/v2\/media?parent=10708"}],"wp:term":[{"taxonomy":"product_cat","embeddable":true,"href":"https:\/\/www.zoreltekstil.com.tr\/tr\/wp-json\/wp\/v2\/product_cat?post=10708"},{"taxonomy":"product_tag","embeddable":true,"href":"https:\/\/www.zoreltekstil.com.tr\/tr\/wp-json\/wp\/v2\/product_tag?post=10708"}],"curies":[{"name":"wp","href":"https:\/\/api.w.org\/{rel}","templated":true}]}}