{"id":10644,"date":"2018-12-18T08:54:24","date_gmt":"2018-12-18T06:54:24","guid":{"rendered":"https:\/\/www.zoreltekstil.com.tr\/tr\/?post_type=product&#038;p=10644"},"modified":"2018-12-18T09:06:46","modified_gmt":"2018-12-18T07:06:46","slug":"stone-bambu-aile-seti","status":"publish","type":"product","link":"https:\/\/www.zoreltekstil.com.tr\/tr\/urun\/stone-bambu-aile-seti\/","title":{"rendered":"Stone Bambu Aile Seti"},"content":{"rendered":"<h3><span style=\"font-family: arial, helvetica, sans-serif;\">\u00a0STONE BAMBU A\u0130LE BORNOZ SET\u0130<\/span><\/h3>\n<p><span style=\"color: #000000; font-family: arial, helvetica, sans-serif;\"><strong>Neden bambu aile bornoz seti tercih etmeliyim?<\/strong><\/span><\/p>\n<p><span style=\"color: #000000; font-family: arial, helvetica, sans-serif;\">Piyasada bir\u00e7ok tarzda bornoz \u00e7e\u015fitleri\u00a0vard\u0131r. Elbette hepsi kullan\u0131m a\u00e7\u0131s\u0131ndan sa\u011fl\u0131kl\u0131 ve uzun \u00f6m\u00fcrl\u00fc olmuyor. E\u011fer kalite ar\u0131yorsan\u0131z o zaman\u00a0bambu aile bornoz seti \u00fcr\u00fcn\u00fcn\u00fcn \u00f6zelliklerini inceleyelim ve sonra karar\u0131 size b\u0131rakal\u0131m.<\/span><\/p>\n<p><span style=\"color: #000000; font-family: arial, helvetica, sans-serif;\"><strong>Antibakteriyeldir<\/strong><\/span><\/p>\n<p><span style=\"color: #000000; font-family: arial, helvetica, sans-serif;\">Antibakteriyel \u00f6zellik: Bakterilerin \u00fcremesini, \u00e7o\u011falmas\u0131n\u0131 ve yay\u0131lmas\u0131n\u0131 \u00f6nleyen \u00f6zelliktir. Bambu aile bornoz seti \u00fcr\u00fcn\u00fcnde bu\u00a0\u00f6zelli\u011fi sayesinde bakterisiz bir \u015fekilde sa\u011fl\u0131kl\u0131 olarak kullanmak m\u00fcmk\u00fcnd\u00fcr. Ayr\u0131ca bu\u00a0\u00f6zelli\u011fi ile olu\u015fabilecek ve bula\u015fabilecek hastal\u0131klara da kap\u0131lar\u0131 kapatm\u0131\u015f olursunuz.<\/span><\/p>\n<p><span style=\"color: #000000; font-family: arial, helvetica, sans-serif;\"><strong>Uzun \u00f6m\u00fcrl\u00fcd\u00fcr<\/strong><\/span><\/p>\n<p><span style=\"color: #000000; font-family: arial, helvetica, sans-serif;\">Uzun \u00f6m\u00fcrl\u00fcl\u00fc\u011f\u00fc sayesinde uzun y\u0131llar boyunca sanki ilk g\u00fcn gibi kullanabilecek ve kolay kolay eskitemeyeceksiniz. Ayr\u0131ca bu \u015fekilde b\u00fctcenize de b\u00fcy\u00fck katk\u0131s\u0131 olacakt\u0131r.<\/span><\/p>\n<p>&nbsp;<\/p>\n<p><span style=\"color: #000000; font-family: arial, helvetica, sans-serif;\"><strong>Yumu\u015fakt\u0131r<\/strong><\/span><\/p>\n<p><span style=\"color: #000000; font-family: arial, helvetica, sans-serif;\">Du\u015ftan \u00e7\u0131kt\u0131\u011f\u0131n\u0131zda kurulanma ihtiyac\u0131n\u0131z\u0131 en iyi \u015fekilde ger\u00e7ekle\u015ftirebileceksiniz. Yumu\u015fak yap\u0131s\u0131 ile her teniniz temas etti\u011finde\u00a0g\u00fczel hisler i\u00e7erisinde bulacaks\u0131n\u0131z kendinizi.<\/span><\/p>\n<p><span style=\"color: #000000; font-family: arial, helvetica, sans-serif;\"><strong>G\u00fc\u00e7l\u00fc su emme \u00f6zelli\u011fi vard\u0131r<\/strong><\/span><\/p>\n<p><span style=\"color: #000000; font-family: arial, helvetica, sans-serif;\">G\u00fc\u00e7l\u00fc su emme \u00f6zelli\u011fi ile h\u0131zl\u0131 bir \u015fekilde kurulanma imkan\u0131n\u0131z vard\u0131r. Bambu aile bornoz seti \u00fcr\u00fcn\u00fc, bambudan yap\u0131ld\u0131\u011f\u0131 i\u00e7in emme oran\u0131, pamuk ile kar\u015f\u0131la\u015ft\u0131r\u0131ld\u0131\u011f\u0131nda bambudan yap\u0131lan \u00fcr\u00fcn,\u00a0oranla daha \u00e7ok \u00f6n plana \u00e7\u0131kt\u0131\u011f\u0131n\u0131 s\u00f6yleyebiliriz.<\/span><\/p>\n<p><span style=\"color: #000000; font-family: arial, helvetica, sans-serif;\"><strong>Alerji etkisi yok<\/strong><\/span><\/p>\n<p><span style=\"color: #000000; font-family: arial, helvetica, sans-serif;\">Kuma\u015f ve ya pamuklara kar\u015f\u0131 alerjiniz varsa, o halde bambu bornoz aile setini se\u00e7meniz sizin a\u00e7\u0131n\u0131zdan\u00a0en uygun se\u00e7im olur.<\/span><\/p>\n<p><span style=\"color: #000000; font-family: arial, helvetica, sans-serif;\"><strong>Hafiftir<\/strong><\/span><\/p>\n<p><span style=\"color: #000000; font-family: arial, helvetica, sans-serif;\">\u00dczerinize giydi\u011finizde\u00a0size y\u00fck olmayacak ve \u00fcst\u00fcn\u00fczde hafif duru\u015fuyla kendinizi daha iyi hissedeceksiniz.<\/span><\/p>\n<p><span style=\"color: #000000; font-family: arial, helvetica, sans-serif;\"><strong>Serinleticidir ve ferahlat\u0131c\u0131d\u0131r<\/strong><\/span><\/p>\n<p><span style=\"color: #000000; font-family: arial, helvetica, sans-serif;\">Kurulan\u0131rken\u00a0ayn\u0131 zamanda serinleten ve ferahlatan \u00f6zelli\u011fi de bulunan bambu aile bornoz seti \u00fcr\u00fcn\u00fc ile \u00e7ok etkili bir \u015fekilde rahatlayabileceksiniz.<\/span><\/p>\n<p><span style=\"color: #000000; font-family: arial, helvetica, sans-serif;\"><strong>Neden tercih etmeliyim?<\/strong><\/span><\/p>\n<p><span style=\"color: #000000; font-family: arial, helvetica, sans-serif;\">Bambu aile bornoz setinin \u00f6zelliklerini yukar\u0131da sayd\u0131k. Neden tercih etmeliyim? sorusuna en iyi cevab\u0131 siz verin. Sa\u011fl\u0131\u011f\u0131n\u0131z ve kullan\u0131m a\u00e7\u0131s\u0131ndan bo\u015fa para vermek yerine, paran\u0131z\u0131n hakk\u0131n\u0131 verecek olan bambu aile bornoz setini tercih etmeniz,\u00a0yapm\u0131\u015f oldu\u011funuz en do\u011fru tercih olur. Ayr\u0131ca pamuk ve ya di\u011fer kuma\u015flara kar\u015f\u0131 g\u00f6stermi\u015f oldu\u011funuz alerjik rahats\u0131zl\u0131klar kar\u015f\u0131s\u0131nda bambu aile bornoz seti ile hi\u00e7 bir \u015fekilde alerjik rahats\u0131zl\u0131\u011fa maruz kalmadan kullanabileceksiniz.\u00a0<\/span><\/p>\n<p>&nbsp;<\/p>\n<p>&nbsp;<\/p>\n","protected":false},"excerpt":{"rendered":"<h3><span style=\"font-family: arial, helvetica, sans-serif;\">STONE BAMBU A\u0130LE BORNOZ SET\u0130<\/span><\/h3>\n<p><span style=\"font-family: arial, helvetica, sans-serif; color: black;\">Bambu Aile Bornoz Seti\u00a0: 2 Adet<\/span><\/p>\n<p style=\"line-height: 18.0pt; orphans: auto; text-align: start; widows: 1; -webkit-text-stroke-width: 0px; word-spacing: 0px;\"><span style=\"font-family: arial, helvetica, sans-serif; color: black;\">Bornoz \u00a0 \u00a0 \u00a0 \u00a0 \u00a0 \u00a0 \u00a0 \u00a0 \u00a0 \u00a0 \u00a0: SM &#8211; ML\u00a0<\/span><\/p>\n<p style=\"line-height: 18.0pt; orphans: auto; text-align: start; widows: 1; -webkit-text-stroke-width: 0px; word-spacing: 0px;\"><span style=\"font-family: arial, helvetica, sans-serif; color: black;\">Havlu \u00a0 \u00a0 \u00a0 \u00a0 \u00a0 \u00a0 \u00a0 \u00a0 \u00a0 \u00a0 \u00a0 \u00a0: 50 x 90 cm (2 Adet)<\/span><\/p>\n<p style=\"line-height: 18.0pt; orphans: auto; text-align: start; widows: 1; -webkit-text-stroke-width: 0px; word-spacing: 0px;\"><span style=\"font-family: arial, helvetica, sans-serif; color: black;\">Banyo Havlusu \u00a0 \u00a0 \u00a0 \u00a0 : 85 x 150 cm (2 Adet )<\/span><\/p>\n<p style=\"line-height: 18.0pt; orphans: auto; text-align: start; widows: 1; -webkit-text-stroke-width: 0px; word-spacing: 0px;\"><span style=\"font-family: arial, helvetica, sans-serif; color: black;\">Terlik\u00a0 \u00a0 \u00a0 \u00a0 \u00a0 \u00a0 \u00a0 \u00a0 \u00a0 \u00a0 \u00a0 \u00a0 \u00a0: 2 \u00e7ift<\/span><\/p>\n<p style=\"line-height: 18.0pt; orphans: auto; text-align: start; widows: 1; -webkit-text-stroke-width: 0px; word-spacing: 0px;\">\n<p style=\"line-height: 18.0pt; orphans: auto; text-align: start; widows: 1; -webkit-text-stroke-width: 0px; word-spacing: 0px;\"><span style=\"font-family: arial, helvetica, sans-serif;\"><img loading=\"lazy\" decoding=\"async\" class=\"size-full wp-image-9859 alignleft\" src=\"https:\/\/www.zoreltekstil.com.tr\/turkishtextile\/degre.jpg\" alt=\"degre\" width=\"200\" height=\"27\" srcset=\"https:\/\/www.zoreltekstil.com.tr\/tr\/turkishtextile\/degre.jpg 200w, https:\/\/www.zoreltekstil.com.tr\/tr\/turkishtextile\/degre-500x67.jpg 500w, https:\/\/www.zoreltekstil.com.tr\/tr\/turkishtextile\/degre-400x54.jpg 400w\" sizes=\"(max-width: 200px) 100vw, 200px\" \/><\/span><\/p>\n<p style=\"line-height: 18.0pt; orphans: auto; text-align: start; widows: 1; -webkit-text-stroke-width: 0px; word-spacing: 0px;\"><span style=\"font-family: arial, helvetica, sans-serif;\">\u00a0<\/span><\/p>\n<p style=\"text-align: justify;\"><span style=\"color: #000000; font-family: arial, helvetica, sans-serif;\">Bornoz almay\u0131 d\u00fc\u015f\u00fcn\u00fcrken tekli almak yerine tak\u0131m halinde almay\u0131 tercih edebilirsiniz. Rahatl\u0131\u011f\u0131, \u015f\u0131kl\u0131\u011f\u0131 ve en \u00f6nemlisi olan kaliteyi bambu aile bornoz\u00a0seti \u00fcr\u00fcnlerinde\u00a0bulabilirsiniz. \u00dcr\u00fcnleri\u00a0almak i\u00e7in en do\u011fru yere geldiniz. B\u00fct\u00e7enize uygun t\u00fcrde ve tarzda olan bambu aile bornoz seti\u00a0\u00fcr\u00fcnleri\u00a0ile du\u015ftan sonra kurulanman\u0131n keyfini ve rahatl\u0131\u011f\u0131n\u0131 memnun kalma garantisi ile ya\u015fayabileceksiniz. \u00c7evre dostu, kimyasal madde\u00a0ve sa\u011fl\u0131k a\u00e7\u0131s\u0131ndan hi\u00e7 bir \u015fekilde tehdit olu\u015fturmuyor. G\u00fcvenli bir \u015fekilde kullanabilece\u011finiz aile bornoz seti \u00fcr\u00fcnleri\u00a0aras\u0131ndan istedi\u011finizi, ilginizi \u00e7eken ve merak etti\u011finiz \u00fcr\u00fcnleri kolayca sat\u0131n alabilir ve hemen kullanmaya ba\u015flayabilirsiniz. Kullan\u0131rken v\u00fccudunuzun aile bornoz seti \u00fcr\u00fcnleri ile b\u00fcy\u00fck bir uyumda\u00a0birle\u015fece\u011finden hi\u00e7 bir \u015f\u00fcpheniz olmas\u0131n. Kullan\u0131m\u0131 olduk\u00e7a basit, etkileri olduk\u00e7a h\u0131zl\u0131d\u0131r.<\/span><\/p>\n<p style=\"text-align: justify;\"><span style=\"color: #000000; font-family: arial, helvetica, sans-serif;\">Se\u00e7kin hizmetimize ek olarak, kuma\u015f kalite gereksinimlerini kar\u015f\u0131layan \u00fcr\u00fcnlerimiz <a href=\"https:\/\/www.oeko-tex.com\/de\/business\/business_home\/business_home.xhtml\" target=\"_blank\" rel=\"nofollow noopener\">OEKOTEX<\/a> sertifikas\u0131na sahiptir.<\/span><\/p>\n","protected":false},"featured_media":10649,"comment_status":"closed","ping_status":"closed","template":"","meta":[],"product_cat":[112],"product_tag":[],"yoast_head":"<!-- This site is optimized with the Yoast SEO plugin v20.11 - https:\/\/yoast.com\/wordpress\/plugins\/seo\/ -->\n<title>Bambu Aile Bornoz Seti - Zorel Tekstil Bambu Aile Setleri<\/title>\n<meta name=\"description\" content=\"Bambu Aile Bornoz Seti en belirgin \u00f6zelli\u011fi g\u00f6zenekli dokusu sayesinde nefes alabilmesi ve pamu\u011fa k\u0131yasla \u0131slakl\u0131\u011f\u0131 daha \u00e7ok ve \u00e7abuk hapsetmesidir.\" \/>\n<meta name=\"robots\" content=\"index, follow, max-snippet:-1, max-image-preview:large, max-video-preview:-1\" \/>\n<link rel=\"canonical\" href=\"https:\/\/www.zoreltekstil.com.tr\/tr\/urun\/stone-bambu-aile-seti\/\" \/>\n<meta property=\"og:locale\" content=\"tr_TR\" \/>\n<meta property=\"og:type\" content=\"article\" \/>\n<meta property=\"og:title\" content=\"Bambu Aile Bornoz Seti &gt;&gt;Bamboo Towel Family Set\" \/>\n<meta property=\"og:description\" content=\"Bambu Aile Bornoz Seti en belirgin \u00f6zelli\u011fi g\u00f6zenekli dokusu sayesinde nefes alabilmesi ve pamu\u011fa k\u0131yasla \u0131slakl\u0131\u011f\u0131 daha \u00e7ok ve \u00e7abuk hapsetmesidir.\" \/>\n<meta property=\"og:url\" content=\"https:\/\/www.zoreltekstil.com.tr\/tr\/urun\/stone-bambu-aile-seti\/\" \/>\n<meta property=\"og:site_name\" content=\"Havlu, Bornoz, Otel Havlusu | Zorel Tekstil\" \/>\n<meta property=\"article:modified_time\" content=\"2018-12-18T07:06:46+00:00\" \/>\n<meta property=\"og:image\" content=\"https:\/\/www.zoreltekstil.com.tr\/tr\/turkishtextile\/Raina_Towels_Bathrobe_151006.jpg\" \/>\n\t<meta property=\"og:image:width\" content=\"750\" \/>\n\t<meta property=\"og:image:height\" content=\"1000\" \/>\n\t<meta property=\"og:image:type\" content=\"image\/jpeg\" \/>\n<meta name=\"twitter:card\" content=\"summary_large_image\" \/>\n<meta name=\"twitter:label1\" content=\"Tahmini okuma s\u00fcresi\" \/>\n\t<meta name=\"twitter:data1\" content=\"2 dakika\" \/>\n<script type=\"application\/ld+json\" class=\"yoast-schema-graph\">{\"@context\":\"https:\/\/schema.org\",\"@graph\":[{\"@type\":\"WebPage\",\"@id\":\"https:\/\/www.zoreltekstil.com.tr\/tr\/urun\/stone-bambu-aile-seti\/\",\"url\":\"https:\/\/www.zoreltekstil.com.tr\/tr\/urun\/stone-bambu-aile-seti\/\",\"name\":\"Bambu Aile Bornoz Seti - Zorel Tekstil Bambu Aile Setleri\",\"isPartOf\":{\"@id\":\"https:\/\/www.zoreltekstil.com.tr\/tr\/#website\"},\"datePublished\":\"2018-12-18T06:54:24+00:00\",\"dateModified\":\"2018-12-18T07:06:46+00:00\",\"description\":\"Bambu Aile Bornoz Seti en belirgin \u00f6zelli\u011fi g\u00f6zenekli dokusu sayesinde nefes alabilmesi ve pamu\u011fa k\u0131yasla \u0131slakl\u0131\u011f\u0131 daha \u00e7ok ve \u00e7abuk hapsetmesidir.\",\"breadcrumb\":{\"@id\":\"https:\/\/www.zoreltekstil.com.tr\/tr\/urun\/stone-bambu-aile-seti\/#breadcrumb\"},\"inLanguage\":\"tr\",\"potentialAction\":[{\"@type\":\"ReadAction\",\"target\":[\"https:\/\/www.zoreltekstil.com.tr\/tr\/urun\/stone-bambu-aile-seti\/\"]}]},{\"@type\":\"BreadcrumbList\",\"@id\":\"https:\/\/www.zoreltekstil.com.tr\/tr\/urun\/stone-bambu-aile-seti\/#breadcrumb\",\"itemListElement\":[{\"@type\":\"ListItem\",\"position\":1,\"name\":\"Home\",\"item\":\"https:\/\/www.zoreltekstil.com.tr\/tr\/\"},{\"@type\":\"ListItem\",\"position\":2,\"name\":\"\u00dcr\u00fcnler\",\"item\":\"https:\/\/www.zoreltekstil.com.tr\/tr\/shop\/\"},{\"@type\":\"ListItem\",\"position\":3,\"name\":\"Stone Bambu Aile Seti\"}]},{\"@type\":\"WebSite\",\"@id\":\"https:\/\/www.zoreltekstil.com.tr\/tr\/#website\",\"url\":\"https:\/\/www.zoreltekstil.com.tr\/tr\/\",\"name\":\"Havlu, Bornoz, Otel Havlusu | Zorel Tekstil\",\"description\":\"\",\"potentialAction\":[{\"@type\":\"SearchAction\",\"target\":{\"@type\":\"EntryPoint\",\"urlTemplate\":\"https:\/\/www.zoreltekstil.com.tr\/tr\/?s={search_term_string}\"},\"query-input\":\"required name=search_term_string\"}],\"inLanguage\":\"tr\"}]}<\/script>\n<!-- \/ Yoast SEO plugin. -->","yoast_head_json":{"title":"Bambu Aile Bornoz Seti - Zorel Tekstil Bambu Aile Setleri","description":"Bambu Aile Bornoz Seti en belirgin \u00f6zelli\u011fi g\u00f6zenekli dokusu sayesinde nefes alabilmesi ve pamu\u011fa k\u0131yasla \u0131slakl\u0131\u011f\u0131 daha \u00e7ok ve \u00e7abuk hapsetmesidir.","robots":{"index":"index","follow":"follow","max-snippet":"max-snippet:-1","max-image-preview":"max-image-preview:large","max-video-preview":"max-video-preview:-1"},"canonical":"https:\/\/www.zoreltekstil.com.tr\/tr\/urun\/stone-bambu-aile-seti\/","og_locale":"tr_TR","og_type":"article","og_title":"Bambu Aile Bornoz Seti >>Bamboo Towel Family Set","og_description":"Bambu Aile Bornoz Seti en belirgin \u00f6zelli\u011fi g\u00f6zenekli dokusu sayesinde nefes alabilmesi ve pamu\u011fa k\u0131yasla \u0131slakl\u0131\u011f\u0131 daha \u00e7ok ve \u00e7abuk hapsetmesidir.","og_url":"https:\/\/www.zoreltekstil.com.tr\/tr\/urun\/stone-bambu-aile-seti\/","og_site_name":"Havlu, Bornoz, Otel Havlusu | Zorel Tekstil","article_modified_time":"2018-12-18T07:06:46+00:00","og_image":[{"width":750,"height":1000,"url":"https:\/\/www.zoreltekstil.com.tr\/tr\/turkishtextile\/Raina_Towels_Bathrobe_151006.jpg","type":"image\/jpeg"}],"twitter_card":"summary_large_image","twitter_misc":{"Tahmini okuma s\u00fcresi":"2 dakika"},"schema":{"@context":"https:\/\/schema.org","@graph":[{"@type":"WebPage","@id":"https:\/\/www.zoreltekstil.com.tr\/tr\/urun\/stone-bambu-aile-seti\/","url":"https:\/\/www.zoreltekstil.com.tr\/tr\/urun\/stone-bambu-aile-seti\/","name":"Bambu Aile Bornoz Seti - Zorel Tekstil Bambu Aile Setleri","isPartOf":{"@id":"https:\/\/www.zoreltekstil.com.tr\/tr\/#website"},"datePublished":"2018-12-18T06:54:24+00:00","dateModified":"2018-12-18T07:06:46+00:00","description":"Bambu Aile Bornoz Seti en belirgin \u00f6zelli\u011fi g\u00f6zenekli dokusu sayesinde nefes alabilmesi ve pamu\u011fa k\u0131yasla \u0131slakl\u0131\u011f\u0131 daha \u00e7ok ve \u00e7abuk hapsetmesidir.","breadcrumb":{"@id":"https:\/\/www.zoreltekstil.com.tr\/tr\/urun\/stone-bambu-aile-seti\/#breadcrumb"},"inLanguage":"tr","potentialAction":[{"@type":"ReadAction","target":["https:\/\/www.zoreltekstil.com.tr\/tr\/urun\/stone-bambu-aile-seti\/"]}]},{"@type":"BreadcrumbList","@id":"https:\/\/www.zoreltekstil.com.tr\/tr\/urun\/stone-bambu-aile-seti\/#breadcrumb","itemListElement":[{"@type":"ListItem","position":1,"name":"Home","item":"https:\/\/www.zoreltekstil.com.tr\/tr\/"},{"@type":"ListItem","position":2,"name":"\u00dcr\u00fcnler","item":"https:\/\/www.zoreltekstil.com.tr\/tr\/shop\/"},{"@type":"ListItem","position":3,"name":"Stone Bambu Aile Seti"}]},{"@type":"WebSite","@id":"https:\/\/www.zoreltekstil.com.tr\/tr\/#website","url":"https:\/\/www.zoreltekstil.com.tr\/tr\/","name":"Havlu, Bornoz, Otel Havlusu | Zorel Tekstil","description":"","potentialAction":[{"@type":"SearchAction","target":{"@type":"EntryPoint","urlTemplate":"https:\/\/www.zoreltekstil.com.tr\/tr\/?s={search_term_string}"},"query-input":"required name=search_term_string"}],"inLanguage":"tr"}]}},"_links":{"self":[{"href":"https:\/\/www.zoreltekstil.com.tr\/tr\/wp-json\/wp\/v2\/product\/10644"}],"collection":[{"href":"https:\/\/www.zoreltekstil.com.tr\/tr\/wp-json\/wp\/v2\/product"}],"about":[{"href":"https:\/\/www.zoreltekstil.com.tr\/tr\/wp-json\/wp\/v2\/types\/product"}],"replies":[{"embeddable":true,"href":"https:\/\/www.zoreltekstil.com.tr\/tr\/wp-json\/wp\/v2\/comments?post=10644"}],"wp:featuredmedia":[{"embeddable":true,"href":"https:\/\/www.zoreltekstil.com.tr\/tr\/wp-json\/wp\/v2\/media\/10649"}],"wp:attachment":[{"href":"https:\/\/www.zoreltekstil.com.tr\/tr\/wp-json\/wp\/v2\/media?parent=10644"}],"wp:term":[{"taxonomy":"product_cat","embeddable":true,"href":"https:\/\/www.zoreltekstil.com.tr\/tr\/wp-json\/wp\/v2\/product_cat?post=10644"},{"taxonomy":"product_tag","embeddable":true,"href":"https:\/\/www.zoreltekstil.com.tr\/tr\/wp-json\/wp\/v2\/product_tag?post=10644"}],"curies":[{"name":"wp","href":"https:\/\/api.w.org\/{rel}","templated":true}]}}