{"id":10306,"date":"2016-11-18T16:30:40","date_gmt":"2016-11-18T14:30:40","guid":{"rendered":"https:\/\/www.zoreltekstil.com.tr\/tr\/urun\/bebek-nevresim\/"},"modified":"2019-01-11T11:39:45","modified_gmt":"2019-01-11T08:39:45","slug":"cocuk-nevresim-takimlari","status":"publish","type":"product","link":"https:\/\/www.zoreltekstil.com.tr\/tr\/urun\/cocuk-nevresim-takimlari\/","title":{"rendered":"Nevresim"},"content":{"rendered":"<p><span style=\"font-size: 1pt; color: #ffffff;\">\u00e7ocuk nevresim tak\u0131mlar\u0131<\/span><\/p>\n<p><span style=\"color: #ffffff; font-size: 6pt;\">[mk_tooltip width:1px; height:1px; text=&#8221;\u00c7ocuk Nevresim Tak\u0131mlar\u0131&#8221; tooltip_text=&#8221;<\/span><\/p>\n<p><span style=\"color: #ffffff; font-size: 6pt;\">Zorel Tekstil olarak en iyi pamu\u011fu i\u015fleyerek, en kaliteli havlu, bornoz ve nevresimleri \u00fcretti\u011fimiz fabrikalar\u0131m\u0131z\u0131n bulundu\u011fu bu b\u00f6lgemizde b\u00f6ylece pamu\u011fun en eski hikayesi ba\u015flam\u0131\u015f oldu. Denizli\u2019deki pek \u00e7ok firma gibi bizimde modern tesislerde \u00fcretim yapma yolunda ilerleyi\u015fimiz, eski mekikli tezg\u00e2hlar da \u00fcretilen kuma\u015flar\u0131n ticaretini yaparak ba\u015flad\u0131.<\/span><\/p>\n<p><span style=\"color: #ffffff; font-size: 6pt;\">1989 y\u0131l\u0131nda \u00e7\u00f6zg\u00fc, ha\u015f\u0131l ve dokuma fabrikas\u0131 olarak kuruldu.1996 y\u0131l\u0131nda ihracata ba\u015flayan Zorel Tekstil 150 \u00e7al\u0131\u015fan\u0131yla 11000 m2\u2019lik kapal\u0131 alanda y\u0131ll\u0131k yakla\u015f\u0131k 15 milyon dolarl\u0131k ihracat rakam\u0131na ula\u015fm\u0131\u015ft\u0131r. \u0130ngiltere, Amerika ve Avrupa \u00fclkeleri ba\u015fta olmak \u00fczere bir\u00e7ok \u00fclkedeki se\u00e7kin ev tekstil al\u0131c\u0131lar\u0131na hitap etmektedir.<\/span><\/p>\n<p><span style=\"color: #ffffff; font-size: 6pt;\">Firmam\u0131z Zorel Tekstil, havlu, bornoz ve nevresim \u00fcr\u00fcn gruplar\u0131yla tekstil end\u00fcstrisinin en se\u00e7kin firmalar\u0131ndand\u0131r. Amac\u0131m\u0131z m\u00fc\u015fterilerimize konfor, kullan\u0131\u015f, tasar\u0131m, g\u00fcncel trend ve teknolojiler gibi ba\u015fl\u0131klar alt\u0131nda y\u00fcksek m\u00fc\u015fteri memnuniyetini sa\u011flamakt\u0131r.<\/span><\/p>\n<p><span style=\"color: #ffffff; font-size: 6pt;\">Tasar\u0131mdaki geli\u015fmi\u015f servisimizi m\u00fc\u015fterilerimizin talepleri do\u011frultusunda y\u00fckseltiyor ve geni\u015fletiyoruz. Bug\u00fcn, sat\u0131\u015flar\u0131m\u0131z\u0131n %85\u2019ini yurtd\u0131\u015f\u0131 oteller ve ma\u011fazalar ile ger\u00e7ekle\u015ftirmekteyiz. Toptan ve perakende miktar\u0131m\u0131z ise sat\u0131\u015f\u0131n ini olu\u015fturmaktad\u0131r. \u00dcretimin kuma\u015ftan mam\u00fcle kadar her bir ad\u0131m\u0131nda m\u00fc\u015fterilerimizle ili\u015fkilerimizde hassasiyetle hareket ediyor ve onlar\u0131n talepleri do\u011frultusunda ilerliyoruz.<\/span><\/p>\n<p><span style=\"color: #ffffff; font-size: 6pt;\">Her bir \u00fcretim i\u00e7in hedefimiz ise m\u00fc\u015fterilerimize kesintisiz hizmet, zaman\u0131nda teslim ve sonu\u00e7 olarak y\u00fcksek kaliteli \u00fcr\u00fcnler sunarak memnun etmektir.<\/span><\/p>\n<p><span style=\"color: #ffffff; font-size: 6pt;\">OTEL HAVLUSU<\/span><\/p>\n<p><span style=\"color: #ffffff; font-size: 6pt;\">Genel olarak havlu havl\u0131 bir yap\u0131ya sahip olan kuma\u015f olarak tan\u0131mlan\u0131r, kullan\u0131m alan\u0131 ise \u00f6zellikle banyo, tuvalet ve ayr\u0131ca mutfak, y\u00fczme gibi d\u0131\u015f mekan etkinlikleridir. Ayr\u0131ca havlu kuma\u015f\u0131n \u00e7ok yumu\u015fak ve su emicili\u011finin y\u00fcksek olmas\u0131 beklenir.<\/span><\/p>\n<p><span style=\"color: #ffffff; font-size: 6pt;\">Havlunun kalitesini etkileyen s\u0131kl\u0131k, iplik t\u00fcr\u00fc, hav uzunlu\u011fu ve tasar\u0131m\u0131, nak\u0131\u015f\u0131 yada rengi gibi teknik ve pratik parametreler vard\u0131r. B\u00fct\u00fcn tasar\u0131m ad\u0131mlar\u0131 m\u00fc\u015fteri talepleri ve son kullan\u0131m alan\u0131 do\u011frultusunda ayarlanmaktad\u0131r. \u00d6rne\u011fin; plaj havlusu ile bir ofis i\u00e7in al\u0131nan el havlusu teknik ve tasar\u0131m bak\u0131m\u0131ndan olduk\u00e7a farkl\u0131d\u0131r.<\/span><\/p>\n<p><span style=\"color: #ffffff; font-size: 6pt;\">BORNOZ<\/span><\/p>\n<p><span style=\"color: #ffffff; font-size: 6pt;\">ZOREL bornozlar\u0131 % 100 pamuk kalitesiyle sizlere giyilebilir konforu sunar. Siz m\u00fc\u015fterilerimize v\u00fccudunuzla bir harmoni yakalayacak \u00f6zel bir konfor ser\u00fcveni s\u00f6z\u00fc veriyoruz. \u00c7\u00fcnk\u00fc firmam\u0131z taraf\u0131ndan en iyi tasar\u0131mlar, gelecek trendleri ve konseptler g\u00fcn be g\u00fcn takip edilip g\u00fcncellenmektedir. Size sundu\u011fumuz bornoz tiplerimiz:<\/span><\/p>\n<p><span style=\"color: #ffffff; font-size: 6pt;\">Renkli &amp; Bask\u0131l\u0131<\/span><br \/>\n<span style=\"color: #ffffff; font-size: 6pt;\"> Jakarl\u0131 Dokuma<\/span><br \/>\n<span style=\"color: #ffffff; font-size: 6pt;\"> Nak\u0131\u015fl\u0131<\/span><br \/>\n<span style=\"color: #ffffff; font-size: 6pt;\"> Yumu\u015fak Kadife<\/span><\/p>\n<p><span style=\"color: #ffffff; font-size: 6pt;\">Zorel Tekstil\u00a0olarak \u00e7ocuklar\u0131m\u0131za\u00a0en konforlu tecr\u00fcbeyi yani g\u00fczel r\u00fcyalar sunmak i\u00e7in \u00a0\u00e7ocuk nevresim tak\u0131mlar\u0131 ve bebek\u00a0nevresim tak\u0131mlar\u0131m\u0131zda kaliteyi en \u00fcst seviyelere \u00e7\u0131kard\u0131k! Pastel ve soft renklerden olu\u015fan otel tekstili kategorimizdeki bebek nevresim tak\u0131mlar\u0131 ile \u00e7ocuk ve bebeklerimize \u00a0en g\u00fczel dinlenme dakikalar\u0131n\u0131 hediye ediyoruz. Nevresimlerimiz \u00e7ocuklar\u0131n\u0131z\u0131n iyi uyku \u00e7ekebilmesi ve geli\u015fimini sa\u011fl\u0131kl\u0131 yapabilmesi i\u00e7in do\u011fal keten lif ve ipliklerinden elde edilmi\u015ftir.<\/span><br \/>\n<span style=\"color: #ffffff; font-size: 6pt;\"> &#8221; href=&#8221;#&#8221;]<\/span><\/p>\n","protected":false},"excerpt":{"rendered":"<h3><span style=\"font-family: arial, helvetica, sans-serif;\">Bebek Nevresim Tak\u0131m\u0131<\/span><\/h3>\n<p><span style=\"font-family: arial, helvetica, sans-serif; color: #000000;\">Bebek Nevresim \u00a0 \u00a0 \u00a0 \u00a0 : 100 x 150 cm<\/span><\/p>\n<p style=\"line-height: 18.0pt; orphans: auto; text-align: start; widows: 1; -webkit-text-stroke-width: 0px; word-spacing: 0px;\"><span style=\"font-family: arial, helvetica, sans-serif; color: #000000;\">Yast\u0131k \u00a0 \u00a0 \u00a0 \u00a0 \u00a0 \u00a0 \u00a0 \u00a0 \u00a0 \u00a0 \u00a0 \u00a0 \u00a0: 120 x 180 cm<\/span><\/p>\n<p style=\"line-height: 18.0pt; orphans: auto; text-align: start; widows: 1; -webkit-text-stroke-width: 0px; word-spacing: 0px;\"><span style=\"font-family: arial, helvetica, sans-serif; color: #000000;\">Std. Yast\u0131k K\u0131l\u0131f\u0131\u00a0 \u00a0 \u00a0 \u00a0 \u00a0 : 35 x 45 cm (1 Adet)<\/span><\/p>\n<p style=\"line-height: 18.0pt; orphans: auto; text-align: start; widows: 1; -webkit-text-stroke-width: 0px; word-spacing: 0px;\"><span style=\"font-family: arial, helvetica, sans-serif; color: #000000;\">Oxf. Yast\u0131k K\u0131l\u0131f\u0131 \u00a0 \u00a0 \u00a0 \u00a0 \u00a0: 40 x 40 cm (1 Adet)<\/span><\/p>\n<p style=\"line-height: 18.0pt; orphans: auto; text-align: start; widows: 1; -webkit-text-stroke-width: 0px; word-spacing: 0px;\"><span style=\"color: #ffffff;\">.<\/span><\/p>\n<p style=\"line-height: 18pt; text-align: justify; widows: 1; -webkit-text-stroke-width: 0px; word-spacing: 0px;\"><span style=\"font-family: arial, helvetica, sans-serif; color: #000000;\">Zorel Tekstil\u00a0olarak \u00e7ocuklar\u0131m\u0131za\u00a0en konforlu tecr\u00fcbeyi yani g\u00fczel r\u00fcyalar sunmak i\u00e7in \u00a0\u00e7ocuk nevresim tak\u0131mlar\u0131 ve bebek\u00a0nevresim tak\u0131mlar\u0131m\u0131zda kaliteyi en \u00fcst seviyelere \u00e7\u0131kard\u0131k! Pastel ve soft renklerden olu\u015fan otel tekstili kategorimizdeki bebek nevresim tak\u0131mlar\u0131 ile \u00e7ocuk ve bebeklerimize \u00a0en g\u00fczel dinlenme dakikalar\u0131n\u0131 hediye ediyoruz. Nevresimlerimiz \u00e7ocuklar\u0131n\u0131z\u0131n iyi uyku \u00e7ekebilmesi ve geli\u015fimini sa\u011fl\u0131kl\u0131 yapabilmesi i\u00e7in do\u011fal keten lif ve ipliklerinden elde edilmi\u015ftir.<\/span><\/p>\n<p style=\"line-height: 18pt; text-align: justify; widows: 1; -webkit-text-stroke-width: 0px; word-spacing: 0px;\"><a href=\"http:\/\/www.n11.com\/magaza\/zrhome\/bebek-odasi-ve-park-yatak-1000087\" target=\"_blank\" rel=\"nevresim noopener zrhome \u00e7ocuk\"><img loading=\"lazy\" decoding=\"async\" class=\"alignleft wp-image-10407 size-full\" src=\"https:\/\/www.zoreltekstil.com.tr\/tr\/turkishtextile\/n11125.jpg\" width=\"125\" height=\"55\" \/><\/a><\/p>\n","protected":false},"featured_media":9585,"comment_status":"closed","ping_status":"closed","template":"","meta":[],"product_cat":[112],"product_tag":[],"yoast_head":"<!-- This site is optimized with the Yoast SEO plugin v20.11 - https:\/\/yoast.com\/wordpress\/plugins\/seo\/ -->\n<title>\u00c7ocuk Nevresim Tak\u0131mlar\u0131 - Bebek Nevresim Tak\u0131mlar\u0131 | Zorel Tekstil<\/title>\n<meta name=\"description\" content=\"Bizler \u00e7ocuklar\u0131m\u0131za g\u00fczel r\u00fcyalar sunmak i\u00e7in \u00e7ocuk nevresim tak\u0131mlar\u0131 ve \u00e7ocuk nevresim tak\u0131mlar\u0131m\u0131zda kaliteyi en \u00fcst seviyelere \u00e7\u0131kard\u0131k!\" \/>\n<meta name=\"robots\" content=\"index, follow, max-snippet:-1, max-image-preview:large, max-video-preview:-1\" \/>\n<link rel=\"canonical\" href=\"https:\/\/www.zoreltekstil.com.tr\/tr\/urun\/cocuk-nevresim-takimlari\/\" \/>\n<meta property=\"og:locale\" content=\"tr_TR\" \/>\n<meta property=\"og:type\" content=\"article\" \/>\n<meta property=\"og:title\" content=\"Baby Linens Series\" \/>\n<meta property=\"og:description\" content=\"Zorel Textile Baby Linens Series\" \/>\n<meta property=\"og:url\" content=\"https:\/\/www.zoreltekstil.com.tr\/tr\/urun\/cocuk-nevresim-takimlari\/\" \/>\n<meta property=\"og:site_name\" content=\"Havlu, Bornoz, Otel Havlusu | Zorel Tekstil\" \/>\n<meta property=\"article:modified_time\" content=\"2019-01-11T08:39:45+00:00\" \/>\n<meta name=\"twitter:card\" content=\"summary_large_image\" \/>\n<meta name=\"twitter:image\" content=\"https:\/\/www.zoreltekstil.com.tr\/tr\/turkishtextile\/Safari_baby_Linens_Series_158001.jpg\" \/>\n<meta name=\"twitter:label1\" content=\"Tahmini okuma s\u00fcresi\" \/>\n\t<meta name=\"twitter:data1\" content=\"3 dakika\" \/>\n<script type=\"application\/ld+json\" class=\"yoast-schema-graph\">{\"@context\":\"https:\/\/schema.org\",\"@graph\":[{\"@type\":\"WebPage\",\"@id\":\"https:\/\/www.zoreltekstil.com.tr\/tr\/urun\/cocuk-nevresim-takimlari\/\",\"url\":\"https:\/\/www.zoreltekstil.com.tr\/tr\/urun\/cocuk-nevresim-takimlari\/\",\"name\":\"\u00c7ocuk Nevresim Tak\u0131mlar\u0131 - Bebek Nevresim Tak\u0131mlar\u0131 | Zorel Tekstil\",\"isPartOf\":{\"@id\":\"https:\/\/www.zoreltekstil.com.tr\/tr\/#website\"},\"datePublished\":\"2016-11-18T14:30:40+00:00\",\"dateModified\":\"2019-01-11T08:39:45+00:00\",\"description\":\"Bizler \u00e7ocuklar\u0131m\u0131za g\u00fczel r\u00fcyalar sunmak i\u00e7in \u00e7ocuk nevresim tak\u0131mlar\u0131 ve \u00e7ocuk nevresim tak\u0131mlar\u0131m\u0131zda kaliteyi en \u00fcst seviyelere \u00e7\u0131kard\u0131k!\",\"breadcrumb\":{\"@id\":\"https:\/\/www.zoreltekstil.com.tr\/tr\/urun\/cocuk-nevresim-takimlari\/#breadcrumb\"},\"inLanguage\":\"tr\",\"potentialAction\":[{\"@type\":\"ReadAction\",\"target\":[\"https:\/\/www.zoreltekstil.com.tr\/tr\/urun\/cocuk-nevresim-takimlari\/\"]}]},{\"@type\":\"BreadcrumbList\",\"@id\":\"https:\/\/www.zoreltekstil.com.tr\/tr\/urun\/cocuk-nevresim-takimlari\/#breadcrumb\",\"itemListElement\":[{\"@type\":\"ListItem\",\"position\":1,\"name\":\"Home\",\"item\":\"https:\/\/www.zoreltekstil.com.tr\/tr\/\"},{\"@type\":\"ListItem\",\"position\":2,\"name\":\"\u00dcr\u00fcnler\",\"item\":\"https:\/\/www.zoreltekstil.com.tr\/tr\/shop\/\"},{\"@type\":\"ListItem\",\"position\":3,\"name\":\"Nevresim\"}]},{\"@type\":\"WebSite\",\"@id\":\"https:\/\/www.zoreltekstil.com.tr\/tr\/#website\",\"url\":\"https:\/\/www.zoreltekstil.com.tr\/tr\/\",\"name\":\"Havlu, Bornoz, Otel Havlusu | Zorel Tekstil\",\"description\":\"\",\"potentialAction\":[{\"@type\":\"SearchAction\",\"target\":{\"@type\":\"EntryPoint\",\"urlTemplate\":\"https:\/\/www.zoreltekstil.com.tr\/tr\/?s={search_term_string}\"},\"query-input\":\"required name=search_term_string\"}],\"inLanguage\":\"tr\"}]}<\/script>\n<!-- \/ Yoast SEO plugin. -->","yoast_head_json":{"title":"\u00c7ocuk Nevresim Tak\u0131mlar\u0131 - Bebek Nevresim Tak\u0131mlar\u0131 | Zorel Tekstil","description":"Bizler \u00e7ocuklar\u0131m\u0131za g\u00fczel r\u00fcyalar sunmak i\u00e7in \u00e7ocuk nevresim tak\u0131mlar\u0131 ve \u00e7ocuk nevresim tak\u0131mlar\u0131m\u0131zda kaliteyi en \u00fcst seviyelere \u00e7\u0131kard\u0131k!","robots":{"index":"index","follow":"follow","max-snippet":"max-snippet:-1","max-image-preview":"max-image-preview:large","max-video-preview":"max-video-preview:-1"},"canonical":"https:\/\/www.zoreltekstil.com.tr\/tr\/urun\/cocuk-nevresim-takimlari\/","og_locale":"tr_TR","og_type":"article","og_title":"Baby Linens Series","og_description":"Zorel Textile Baby Linens Series","og_url":"https:\/\/www.zoreltekstil.com.tr\/tr\/urun\/cocuk-nevresim-takimlari\/","og_site_name":"Havlu, Bornoz, Otel Havlusu | Zorel Tekstil","article_modified_time":"2019-01-11T08:39:45+00:00","twitter_card":"summary_large_image","twitter_image":"https:\/\/www.zoreltekstil.com.tr\/tr\/turkishtextile\/Safari_baby_Linens_Series_158001.jpg","twitter_misc":{"Tahmini okuma s\u00fcresi":"3 dakika"},"schema":{"@context":"https:\/\/schema.org","@graph":[{"@type":"WebPage","@id":"https:\/\/www.zoreltekstil.com.tr\/tr\/urun\/cocuk-nevresim-takimlari\/","url":"https:\/\/www.zoreltekstil.com.tr\/tr\/urun\/cocuk-nevresim-takimlari\/","name":"\u00c7ocuk Nevresim Tak\u0131mlar\u0131 - Bebek Nevresim Tak\u0131mlar\u0131 | Zorel Tekstil","isPartOf":{"@id":"https:\/\/www.zoreltekstil.com.tr\/tr\/#website"},"datePublished":"2016-11-18T14:30:40+00:00","dateModified":"2019-01-11T08:39:45+00:00","description":"Bizler \u00e7ocuklar\u0131m\u0131za g\u00fczel r\u00fcyalar sunmak i\u00e7in \u00e7ocuk nevresim tak\u0131mlar\u0131 ve \u00e7ocuk nevresim tak\u0131mlar\u0131m\u0131zda kaliteyi en \u00fcst seviyelere \u00e7\u0131kard\u0131k!","breadcrumb":{"@id":"https:\/\/www.zoreltekstil.com.tr\/tr\/urun\/cocuk-nevresim-takimlari\/#breadcrumb"},"inLanguage":"tr","potentialAction":[{"@type":"ReadAction","target":["https:\/\/www.zoreltekstil.com.tr\/tr\/urun\/cocuk-nevresim-takimlari\/"]}]},{"@type":"BreadcrumbList","@id":"https:\/\/www.zoreltekstil.com.tr\/tr\/urun\/cocuk-nevresim-takimlari\/#breadcrumb","itemListElement":[{"@type":"ListItem","position":1,"name":"Home","item":"https:\/\/www.zoreltekstil.com.tr\/tr\/"},{"@type":"ListItem","position":2,"name":"\u00dcr\u00fcnler","item":"https:\/\/www.zoreltekstil.com.tr\/tr\/shop\/"},{"@type":"ListItem","position":3,"name":"Nevresim"}]},{"@type":"WebSite","@id":"https:\/\/www.zoreltekstil.com.tr\/tr\/#website","url":"https:\/\/www.zoreltekstil.com.tr\/tr\/","name":"Havlu, Bornoz, Otel Havlusu | Zorel Tekstil","description":"","potentialAction":[{"@type":"SearchAction","target":{"@type":"EntryPoint","urlTemplate":"https:\/\/www.zoreltekstil.com.tr\/tr\/?s={search_term_string}"},"query-input":"required name=search_term_string"}],"inLanguage":"tr"}]}},"_links":{"self":[{"href":"https:\/\/www.zoreltekstil.com.tr\/tr\/wp-json\/wp\/v2\/product\/10306"}],"collection":[{"href":"https:\/\/www.zoreltekstil.com.tr\/tr\/wp-json\/wp\/v2\/product"}],"about":[{"href":"https:\/\/www.zoreltekstil.com.tr\/tr\/wp-json\/wp\/v2\/types\/product"}],"replies":[{"embeddable":true,"href":"https:\/\/www.zoreltekstil.com.tr\/tr\/wp-json\/wp\/v2\/comments?post=10306"}],"wp:featuredmedia":[{"embeddable":true,"href":"https:\/\/www.zoreltekstil.com.tr\/tr\/wp-json\/wp\/v2\/media\/9585"}],"wp:attachment":[{"href":"https:\/\/www.zoreltekstil.com.tr\/tr\/wp-json\/wp\/v2\/media?parent=10306"}],"wp:term":[{"taxonomy":"product_cat","embeddable":true,"href":"https:\/\/www.zoreltekstil.com.tr\/tr\/wp-json\/wp\/v2\/product_cat?post=10306"},{"taxonomy":"product_tag","embeddable":true,"href":"https:\/\/www.zoreltekstil.com.tr\/tr\/wp-json\/wp\/v2\/product_tag?post=10306"}],"curies":[{"name":"wp","href":"https:\/\/api.w.org\/{rel}","templated":true}]}}