{"id":10798,"date":"2021-01-08T11:05:20","date_gmt":"2021-01-08T08:05:20","guid":{"rendered":"https:\/\/www.zoreltekstil.com.tr\/tr\/?page_id=10798"},"modified":"2021-01-08T12:11:59","modified_gmt":"2021-01-08T09:11:59","slug":"sosyal-medya-kullanimi-politikasi","status":"publish","type":"page","link":"https:\/\/www.zoreltekstil.com.tr\/tr\/sosyal-medya-kullanimi-politikasi\/","title":{"rendered":"SOSYAL MEDYA KULLANIMI POL\u0130T\u0130KASI"},"content":{"rendered":"[vc_row fullwidth=&#8221;true&#8221;][vc_column width=&#8221;3\/12&#8243;][vc_btn title=&#8221;\u015e\u0130RKET G\u0130ZL\u0130L\u0130K POL\u0130T\u0130KASI&#8221; color=&#8221;warning&#8221; size=&#8221;sm&#8221; align=&#8221;center&#8221; button_block=&#8221;true&#8221; link=&#8221;url:https%3A%2F%2Fwww.zoreltekstil.com.tr%2Ftr%2Fsirket-gizlilik-politikasi%2F|title:%C5%9E%C4%B0RKET%20G%C4%B0ZL%C4%B0L%C4%B0K%20POL%C4%B0T%C4%B0KASI||&#8221;][vc_btn title=&#8221;K\u0130\u015e\u0130SEL VER\u0130LERLE \u0130LG\u0130L\u0130 GENEL AYDINLATMA METN\u0130&#8221; color=&#8221;warning&#8221; size=&#8221;sm&#8221; align=&#8221;center&#8221; button_block=&#8221;true&#8221; link=&#8221;url:https%3A%2F%2Fwww.zoreltekstil.com.tr%2Ftr%2Fkisisel-verilerle-ilgili-genel-aydinlatma-metni%2F|title:K%C4%B0%C5%9E%C4%B0SEL%20VER%C4%B0LERLE%20%C4%B0LG%C4%B0L%C4%B0%20GENEL%20AYDINLATMA%20METN%C4%B0||&#8221;][vc_btn title=&#8221;K\u0130\u015e\u0130SEL VER\u0130LER\u0130 SAKLAMA VE \u0130MHA POL\u0130T\u0130KASI&#8221; color=&#8221;warning&#8221; size=&#8221;sm&#8221; align=&#8221;center&#8221; button_block=&#8221;true&#8221; link=&#8221;url:https%3A%2F%2Fwww.zoreltekstil.com.tr%2Ftr%2Fkisisel-verileri-saklama-ve-imha-politikasi%2F|title:K%C4%B0%C5%9E%C4%B0SEL%20VER%C4%B0LER%C4%B0%20SAKLAMA%20VE%20%C4%B0MHA%20POL%C4%B0T%C4%B0KASI||&#8221;][vc_btn title=&#8221;SOSYAL MEDYA KULLANIMI POL\u0130T\u0130KASI&#8221; color=&#8221;warning&#8221; size=&#8221;sm&#8221; align=&#8221;center&#8221; button_block=&#8221;true&#8221; link=&#8221;url:https%3A%2F%2Fwww.zoreltekstil.com.tr%2Ftr%2Fsosyal-medya-kullanimi-politikasi%2F|title:SOSYAL%20MEDYA%20KULLANIMI%20POL%C4%B0T%C4%B0KASI||&#8221;][vc_btn title=&#8221;K\u0130\u015e\u0130SEL VER\u0130LER \u0130\u00c7\u0130N TALEP VE DE\u011eERLEND\u0130RME FORMU&#8221; color=&#8221;warning&#8221; size=&#8221;sm&#8221; align=&#8221;center&#8221; button_block=&#8221;true&#8221; link=&#8221;url:https%3A%2F%2Fwww.zoreltekstil.com.tr%2Ftr%2Fkisisel-veriler-icin-talep-ve-degerlendirme-formu%2F|title:K%C4%B0%C5%9E%C4%B0SEL%20VER%C4%B0LER%20%C4%B0%C3%87%C4%B0N%20TALEP%20VE%20DE%C4%9EERLEND%C4%B0RME%20FORMU||&#8221;][\/vc_column][vc_column width=&#8221;9\/12&#8243;][vc_column_text css=&#8221;.vc_custom_1610097117331{margin-bottom: 0px !important;}&#8221;]\n<p style=\"text-align: center;\"><span style=\"color: #000000;\"><strong>SOSYAL MEDYA KULLANIMI POL\u0130T\u0130KASI<\/strong><\/span><\/p>\n<ol>\n<li><span style=\"color: #000000;\">ZOREL Tekstil Ltd.\u015eti., a\u015fa\u011f\u0131da ad\u0131 ge\u00e7en sosyal medya platformlar\u0131nda kendi sayfalar\u0131n\u0131 \/ kanallar\u0131n\u0131 s\u00fcrd\u00fcrmektedir:<\/span>\n<ul>\n<li><span style=\"color: #000000;\">Facebook<\/span><\/li>\n<li><span style=\"color: #000000;\">Twitter<\/span><\/li>\n<li><span style=\"color: #000000;\">Instagram<\/span><\/li>\n<li><span style=\"color: #000000;\">LinkedIn<\/span><\/li>\n<li><span style=\"color: #000000;\">Youtube<\/span><\/li>\n<\/ul>\n<p><span style=\"color: #000000;\">Sayfalar\u0131n a\u00e7\u0131lmas\u0131 ve y\u00f6netim yetkisi, Bilgi Sistemleri Sorumlusu\u2019ndad\u0131r. Bunun d\u0131\u015f\u0131nda a\u00e7\u0131lan hesaplar ve sayfalar \u015firketimizle ilgili de\u011fildir. Tespiti halinde, ZOREL Tekstil yasal yollara ba\u015fvurabilir. Sayfalarda, \u015firket faaliyetleri (Fabrika geneli, \u00fcretim faaliyeti, fuar, defile etkinlikleri, sosyal faaliyetler vb) s\u0131ras\u0131nda \u00e7ekilen foto\u011fraf ve videolar payla\u015f\u0131lmaktad\u0131r. Bunun d\u0131\u015f\u0131nda milli ve dini bayramlara ait kutlama \/ anma mesajlar\u0131 yay\u0131nlanabilmektedir.<\/span><\/p>\n<p><span style=\"color: #000000;\">Sosyal medya sayfalar\u0131nda, gerekli parametre ve gizlilik ayarlar\u0131 Bilgi Sistemleri Sorumlusu taraf\u0131ndan yap\u0131l\u0131r.<\/span><\/p>\n<p><span style=\"color: #000000;\">Foto\u011fraf ve videolarda yer alan \u00e7al\u0131\u015fanlar\u0131m\u0131z\u0131n, alt i\u015fverenlerimizin \u00e7al\u0131\u015fanlar\u0131n\u0131n g\u00f6r\u00fcnt\u00fcleri ancak a\u00e7\u0131k r\u0131zalar\u0131 al\u0131nm\u0131\u015fsa yay\u0131nlanabilir, bunun d\u0131\u015f\u0131nda m\u00fc\u015fterilerimizin, tedarik\u00e7ilerimizin, ziyaret\u00e7ilerimizin g\u00f6r\u00fcnt\u00fclerine yer verilmez. Payla\u015f\u0131mlarda, \u00e7al\u0131\u015fanlar\u0131m\u0131z\u0131n adlar\u0131 etiketlenmez, hi\u00e7bir ki\u015fisel verisi izni olmaks\u0131z\u0131n payla\u015f\u0131lmaz.<\/span><\/p>\n<p><span style=\"color: #000000;\">Bunun d\u0131\u015f\u0131nda, \u00e7al\u0131\u015fanlar\u0131m\u0131z\u0131n ve alt i\u015fveren \u00e7al\u0131\u015fanlar\u0131m\u0131z\u0131n, sosyal medya kullan\u0131m\u0131nda dikkat etmesi kurallar a\u015fa\u011f\u0131da a\u00e7\u0131klanm\u0131\u015ft\u0131r:<\/span><\/p>\n<ol>\n<li><span style=\"color: #000000;\">Sosyal a\u011flarda, ZOREL Tekstil veya sekt\u00f6rle ilgili bir konuda fikir beyan ediliyorsa, ki\u015fisel d\u00fc\u015f\u00fcnceniz oldu\u011fu belirtmek zorundad\u0131r.<\/span><\/li>\n<li><span style=\"color: #000000;\">\u015eirket, \u00e7al\u0131\u015fma arkada\u015flar\u0131 ve kendi itibar\u0131n\u0131 korumak zorundad\u0131r. \u0130tibar zedeleyici herhangi bir yorum yap\u0131lmaktan ka\u00e7\u0131n\u0131lacakt\u0131r.<\/span><\/li>\n<li><span style=\"color: #000000;\">M\u00fc\u015fteriler, rakipler, tedarik\u00e7iler, kamu veya \u00f6zel kurum ve kurulu\u015flar hakk\u0131nda itibar zedeleyici herhangi bir yorum yap\u0131lmayacakt\u0131r.<\/span><\/li>\n<li><span style=\"color: #000000;\">ZOREL Tekstil \u00e7al\u0131\u015fanlar\u0131na, alt i\u015fverenlerine, m\u00fc\u015fterilerine, tedarik\u00e7ilerine ve di\u011fer payda\u015flara ait hi\u00e7bir bilgi payla\u015f\u0131lmayacakt\u0131r.<\/span><\/li>\n<li><span style=\"color: #000000;\">Sosyal a\u011flarda, onay al\u0131nmad\u0131k\u00e7a di\u011fer ki\u015filerin foto\u011fraflar\u0131n\u0131 payla\u015fmamal\u0131 ve adlar\u0131n\u0131 etiketlememelidir.<\/span><\/li>\n<li><span style=\"color: #000000;\">Ayr\u0131mc\u0131, tacizci, \u0131rk\u00e7\u0131, dini veya cinsel i\u00e7erikli, sald\u0131rgan ve rahats\u0131z edici tarzda yorumlar yaz\u0131lmayacakt\u0131r.<\/span><\/li>\n<li><span style=\"color: #000000;\">\u015eirketin sosyal medya sayfalar\u0131nda, hi\u00e7bir ticari \u00fcr\u00fcn\u00fcn reklam\u0131, hi\u00e7bir siyasi partinin propagandas\u0131 yap\u0131lmayacakt\u0131r.<\/span><\/li>\n<li><span style=\"color: #000000;\">\u015eirket b\u00fcnyesindeki ki\u015fi, ofis, toplant\u0131, \u00e7al\u0131\u015fma i\u00e7eri\u011fine ait detaylar, mekanlar vb sosyal medyada etiketlenmeyecektir. \u00d6rne\u011fin Facebook\u2019ta \u201cXXX Otel\u2019de, X, Y ve Z ile birlikte XXX ama\u00e7l\u0131 e\u011fitimdeyiz\u201d yaz\u0131lmayacakt\u0131r. Gizlilik, g\u00fcvenlik ve rekabet a\u00e7\u0131s\u0131ndan risk olu\u015fturulabilir.<\/span><\/li>\n<li><span style=\"color: #000000;\">Payla\u015f\u0131lmas\u0131 d\u00fc\u015f\u00fcn\u00fclen bir i\u00e7erik hakk\u0131nda \u015f\u00fcpheye d\u00fc\u015f\u00fclm\u00fc\u015fse, Bilgi \u0130\u015flemleri Sorumlusu\u2019na dan\u0131\u015f\u0131lacakt\u0131r.<\/span><\/li>\n<li><span style=\"color: #000000;\">Sosyal medya platformlar\u0131na herhangi bir i\u00e7erik (metin, resim, video vb.) y\u00fcklemesi yaparken dikkatli olmak gerekir. Fark\u0131nda olmadan marka ya da telif haklar\u0131 ihlal edilebilir.<\/span><\/li>\n<li><span style=\"color: #000000;\">\u00c7al\u0131\u015fanlar sosyal medyada payla\u015ft\u0131klar\u0131 ve yay\u0131nlad\u0131klar\u0131 i\u00e7eriklerden ki\u015fisel olarak sorumludur.<\/span><\/li>\n<li><span style=\"color: #000000;\">Sosyal medyada yaz\u0131l\u0131 mesajlar\u0131n yanl\u0131\u015f anla\u015f\u0131lma ihtimaline kar\u015f\u0131, yaz\u0131m kurallar\u0131na uygun davran\u0131lacakt\u0131r.<\/span><\/li>\n<li><span style=\"color: #000000;\">Yetki verilmemi\u015f ki\u015filer asla kendini firman\u0131n resmi s\u00f6zc\u00fcs\u00fc olarak tan\u0131tmamal\u0131d\u0131r.<\/span><\/li>\n<li><span style=\"color: #000000;\">\u015eirketle ilgili ba\u015fkalar\u0131 taraf\u0131ndan yaz\u0131lm\u0131\u015f olumsuz mesajlara kar\u015f\u0131 olumsuz mesaj yaz\u0131lmayacak, sa\u011fduyulu ve nazik yakla\u015f\u0131lacakt\u0131r.<\/span><\/li>\n<\/ol>\n<p><span style=\"color: #000000;\">\u0130nternette payla\u015f\u0131lanlar\u0131n, kald\u0131r\u0131lsa veya silinse bile tamamen kald\u0131r\u0131lamayaca\u011f\u0131n\u0131n fark\u0131nda olunacak.<\/span><\/li>\n<\/ol>\n[\/vc_column_text][\/vc_column][\/vc_row]\n","protected":false},"excerpt":{"rendered":"<p>[vc_row fullwidth=&#8221;true&#8221;][vc_column width=&#8221;3\/12&#8243;][vc_btn title=&#8221;\u015e\u0130RKET G\u0130ZL\u0130L\u0130K POL\u0130T\u0130KASI&#8221; color=&#8221;warning&#8221; size=&#8221;sm&#8221; align=&#8221;center&#8221; button_block=&#8221;true&#8221; link=&#8221;url:https%3A%2F%2Fwww.zoreltekstil.com.tr%2Ftr%2Fsirket-gizlilik-politikasi%2F|title:%C5%9E%C4%B0RKET%20G%C4%B0ZL%C4%B0L%C4%B0K%20POL%C4%B0T%C4%B0KASI||&#8221;][vc_btn title=&#8221;K\u0130\u015e\u0130SEL VER\u0130LERLE \u0130LG\u0130L\u0130 GENEL AYDINLATMA METN\u0130&#8221; color=&#8221;warning&#8221; size=&#8221;sm&#8221; align=&#8221;center&#8221; button_block=&#8221;true&#8221; link=&#8221;url:https%3A%2F%2Fwww.zoreltekstil.com.tr%2Ftr%2Fkisisel-verilerle-ilgili-genel-aydinlatma-metni%2F|title:K%C4%B0%C5%9E%C4%B0SEL%20VER%C4%B0LERLE%20%C4%B0LG%C4%B0L%C4%B0%20GENEL%20AYDINLATMA%20METN%C4%B0||&#8221;][vc_btn title=&#8221;K\u0130\u015e\u0130SEL VER\u0130LER\u0130 SAKLAMA VE \u0130MHA POL\u0130T\u0130KASI&#8221; color=&#8221;warning&#8221; size=&#8221;sm&#8221; align=&#8221;center&#8221; button_block=&#8221;true&#8221; link=&#8221;url:https%3A%2F%2Fwww.zoreltekstil.com.tr%2Ftr%2Fkisisel-verileri-saklama-ve-imha-politikasi%2F|title:K%C4%B0%C5%9E%C4%B0SEL%20VER%C4%B0LER%C4%B0%20SAKLAMA%20VE%20%C4%B0MHA%20POL%C4%B0T%C4%B0KASI||&#8221;][vc_btn title=&#8221;SOSYAL MEDYA KULLANIMI POL\u0130T\u0130KASI&#8221; color=&#8221;warning&#8221; size=&#8221;sm&#8221; align=&#8221;center&#8221; button_block=&#8221;true&#8221; link=&#8221;url:https%3A%2F%2Fwww.zoreltekstil.com.tr%2Ftr%2Fsosyal-medya-kullanimi-politikasi%2F|title:SOSYAL%20MEDYA%20KULLANIMI%20POL%C4%B0T%C4%B0KASI||&#8221;][vc_btn title=&#8221;K\u0130\u015e\u0130SEL VER\u0130LER \u0130\u00c7\u0130N TALEP VE DE\u011eERLEND\u0130RME FORMU&#8221; color=&#8221;warning&#8221; size=&#8221;sm&#8221; align=&#8221;center&#8221; button_block=&#8221;true&#8221; link=&#8221;url:https%3A%2F%2Fwww.zoreltekstil.com.tr%2Ftr%2Fkisisel-veriler-icin-talep-ve-degerlendirme-formu%2F|title:K%C4%B0%C5%9E%C4%B0SEL%20VER%C4%B0LER%20%C4%B0%C3%87%C4%B0N%20TALEP%20VE%20DE%C4%9EERLEND%C4%B0RME%20FORMU||&#8221;][\/vc_column][vc_column width=&#8221;9\/12&#8243;][vc_column_text [&hellip;]<\/p>\n","protected":false},"author":1,"featured_media":0,"parent":0,"menu_order":0,"comment_status":"closed","ping_status":"closed","template":"","meta":{"footnotes":""},"yoast_head":"<!-- This site is optimized with the Yoast SEO plugin v20.11 - https:\/\/yoast.com\/wordpress\/plugins\/seo\/ -->\n<title>SOSYAL MEDYA KULLANIMI POL\u0130T\u0130KASI - Havlu, Bornoz, Otel Havlusu | Zorel Tekstil<\/title>\n<meta name=\"robots\" content=\"index, follow, max-snippet:-1, max-image-preview:large, max-video-preview:-1\" \/>\n<link rel=\"canonical\" href=\"https:\/\/www.zoreltekstil.com.tr\/tr\/sosyal-medya-kullanimi-politikasi\/\" \/>\n<meta property=\"og:locale\" content=\"tr_TR\" \/>\n<meta property=\"og:type\" content=\"article\" \/>\n<meta property=\"og:title\" content=\"SOSYAL MEDYA KULLANIMI POL\u0130T\u0130KASI - Havlu, Bornoz, Otel Havlusu | Zorel Tekstil\" \/>\n<meta property=\"og:description\" content=\"[vc_row fullwidth=&#8221;true&#8221;][vc_column width=&#8221;3\/12&#8243;][vc_btn title=&#8221;\u015e\u0130RKET G\u0130ZL\u0130L\u0130K POL\u0130T\u0130KASI&#8221; color=&#8221;warning&#8221; size=&#8221;sm&#8221; align=&#8221;center&#8221; button_block=&#8221;true&#8221; link=&#8221;url:https%3A%2F%2Fwww.zoreltekstil.com.tr%2Ftr%2Fsirket-gizlilik-politikasi%2F|title:%C5%9E%C4%B0RKET%20G%C4%B0ZL%C4%B0L%C4%B0K%20POL%C4%B0T%C4%B0KASI||&#8221;][vc_btn title=&#8221;K\u0130\u015e\u0130SEL VER\u0130LERLE \u0130LG\u0130L\u0130 GENEL AYDINLATMA METN\u0130&#8221; color=&#8221;warning&#8221; size=&#8221;sm&#8221; align=&#8221;center&#8221; button_block=&#8221;true&#8221; link=&#8221;url:https%3A%2F%2Fwww.zoreltekstil.com.tr%2Ftr%2Fkisisel-verilerle-ilgili-genel-aydinlatma-metni%2F|title:K%C4%B0%C5%9E%C4%B0SEL%20VER%C4%B0LERLE%20%C4%B0LG%C4%B0L%C4%B0%20GENEL%20AYDINLATMA%20METN%C4%B0||&#8221;][vc_btn title=&#8221;K\u0130\u015e\u0130SEL VER\u0130LER\u0130 SAKLAMA VE \u0130MHA POL\u0130T\u0130KASI&#8221; color=&#8221;warning&#8221; size=&#8221;sm&#8221; align=&#8221;center&#8221; button_block=&#8221;true&#8221; link=&#8221;url:https%3A%2F%2Fwww.zoreltekstil.com.tr%2Ftr%2Fkisisel-verileri-saklama-ve-imha-politikasi%2F|title:K%C4%B0%C5%9E%C4%B0SEL%20VER%C4%B0LER%C4%B0%20SAKLAMA%20VE%20%C4%B0MHA%20POL%C4%B0T%C4%B0KASI||&#8221;][vc_btn title=&#8221;SOSYAL MEDYA KULLANIMI POL\u0130T\u0130KASI&#8221; color=&#8221;warning&#8221; size=&#8221;sm&#8221; align=&#8221;center&#8221; button_block=&#8221;true&#8221; link=&#8221;url:https%3A%2F%2Fwww.zoreltekstil.com.tr%2Ftr%2Fsosyal-medya-kullanimi-politikasi%2F|title:SOSYAL%20MEDYA%20KULLANIMI%20POL%C4%B0T%C4%B0KASI||&#8221;][vc_btn title=&#8221;K\u0130\u015e\u0130SEL VER\u0130LER \u0130\u00c7\u0130N TALEP VE DE\u011eERLEND\u0130RME FORMU&#8221; color=&#8221;warning&#8221; size=&#8221;sm&#8221; align=&#8221;center&#8221; button_block=&#8221;true&#8221; link=&#8221;url:https%3A%2F%2Fwww.zoreltekstil.com.tr%2Ftr%2Fkisisel-veriler-icin-talep-ve-degerlendirme-formu%2F|title:K%C4%B0%C5%9E%C4%B0SEL%20VER%C4%B0LER%20%C4%B0%C3%87%C4%B0N%20TALEP%20VE%20DE%C4%9EERLEND%C4%B0RME%20FORMU||&#8221;][\/vc_column][vc_column width=&#8221;9\/12&#8243;][vc_column_text [&hellip;]\" \/>\n<meta property=\"og:url\" content=\"https:\/\/www.zoreltekstil.com.tr\/tr\/sosyal-medya-kullanimi-politikasi\/\" \/>\n<meta property=\"og:site_name\" content=\"Havlu, Bornoz, Otel Havlusu | Zorel Tekstil\" \/>\n<meta property=\"article:modified_time\" content=\"2021-01-08T09:11:59+00:00\" \/>\n<meta name=\"twitter:card\" content=\"summary_large_image\" \/>\n<meta name=\"twitter:label1\" content=\"Tahmini okuma s\u00fcresi\" \/>\n\t<meta name=\"twitter:data1\" content=\"4 dakika\" \/>\n<script type=\"application\/ld+json\" class=\"yoast-schema-graph\">{\"@context\":\"https:\/\/schema.org\",\"@graph\":[{\"@type\":\"WebPage\",\"@id\":\"https:\/\/www.zoreltekstil.com.tr\/tr\/sosyal-medya-kullanimi-politikasi\/\",\"url\":\"https:\/\/www.zoreltekstil.com.tr\/tr\/sosyal-medya-kullanimi-politikasi\/\",\"name\":\"SOSYAL MEDYA KULLANIMI POL\u0130T\u0130KASI - Havlu, Bornoz, Otel Havlusu | Zorel Tekstil\",\"isPartOf\":{\"@id\":\"https:\/\/www.zoreltekstil.com.tr\/tr\/#website\"},\"datePublished\":\"2021-01-08T08:05:20+00:00\",\"dateModified\":\"2021-01-08T09:11:59+00:00\",\"breadcrumb\":{\"@id\":\"https:\/\/www.zoreltekstil.com.tr\/tr\/sosyal-medya-kullanimi-politikasi\/#breadcrumb\"},\"inLanguage\":\"tr\",\"potentialAction\":[{\"@type\":\"ReadAction\",\"target\":[\"https:\/\/www.zoreltekstil.com.tr\/tr\/sosyal-medya-kullanimi-politikasi\/\"]}]},{\"@type\":\"BreadcrumbList\",\"@id\":\"https:\/\/www.zoreltekstil.com.tr\/tr\/sosyal-medya-kullanimi-politikasi\/#breadcrumb\",\"itemListElement\":[{\"@type\":\"ListItem\",\"position\":1,\"name\":\"Home\",\"item\":\"https:\/\/www.zoreltekstil.com.tr\/tr\/\"},{\"@type\":\"ListItem\",\"position\":2,\"name\":\"SOSYAL MEDYA KULLANIMI POL\u0130T\u0130KASI\"}]},{\"@type\":\"WebSite\",\"@id\":\"https:\/\/www.zoreltekstil.com.tr\/tr\/#website\",\"url\":\"https:\/\/www.zoreltekstil.com.tr\/tr\/\",\"name\":\"Havlu, Bornoz, Otel Havlusu | Zorel Tekstil\",\"description\":\"\",\"potentialAction\":[{\"@type\":\"SearchAction\",\"target\":{\"@type\":\"EntryPoint\",\"urlTemplate\":\"https:\/\/www.zoreltekstil.com.tr\/tr\/?s={search_term_string}\"},\"query-input\":\"required name=search_term_string\"}],\"inLanguage\":\"tr\"}]}<\/script>\n<!-- \/ Yoast SEO plugin. -->","yoast_head_json":{"title":"SOSYAL MEDYA KULLANIMI POL\u0130T\u0130KASI - Havlu, Bornoz, Otel Havlusu | Zorel Tekstil","robots":{"index":"index","follow":"follow","max-snippet":"max-snippet:-1","max-image-preview":"max-image-preview:large","max-video-preview":"max-video-preview:-1"},"canonical":"https:\/\/www.zoreltekstil.com.tr\/tr\/sosyal-medya-kullanimi-politikasi\/","og_locale":"tr_TR","og_type":"article","og_title":"SOSYAL MEDYA KULLANIMI POL\u0130T\u0130KASI - Havlu, Bornoz, Otel Havlusu | Zorel Tekstil","og_description":"[vc_row fullwidth=&#8221;true&#8221;][vc_column width=&#8221;3\/12&#8243;][vc_btn title=&#8221;\u015e\u0130RKET G\u0130ZL\u0130L\u0130K POL\u0130T\u0130KASI&#8221; color=&#8221;warning&#8221; size=&#8221;sm&#8221; align=&#8221;center&#8221; button_block=&#8221;true&#8221; link=&#8221;url:https%3A%2F%2Fwww.zoreltekstil.com.tr%2Ftr%2Fsirket-gizlilik-politikasi%2F|title:%C5%9E%C4%B0RKET%20G%C4%B0ZL%C4%B0L%C4%B0K%20POL%C4%B0T%C4%B0KASI||&#8221;][vc_btn title=&#8221;K\u0130\u015e\u0130SEL VER\u0130LERLE \u0130LG\u0130L\u0130 GENEL AYDINLATMA METN\u0130&#8221; color=&#8221;warning&#8221; size=&#8221;sm&#8221; align=&#8221;center&#8221; button_block=&#8221;true&#8221; link=&#8221;url:https%3A%2F%2Fwww.zoreltekstil.com.tr%2Ftr%2Fkisisel-verilerle-ilgili-genel-aydinlatma-metni%2F|title:K%C4%B0%C5%9E%C4%B0SEL%20VER%C4%B0LERLE%20%C4%B0LG%C4%B0L%C4%B0%20GENEL%20AYDINLATMA%20METN%C4%B0||&#8221;][vc_btn title=&#8221;K\u0130\u015e\u0130SEL VER\u0130LER\u0130 SAKLAMA VE \u0130MHA POL\u0130T\u0130KASI&#8221; color=&#8221;warning&#8221; size=&#8221;sm&#8221; align=&#8221;center&#8221; button_block=&#8221;true&#8221; link=&#8221;url:https%3A%2F%2Fwww.zoreltekstil.com.tr%2Ftr%2Fkisisel-verileri-saklama-ve-imha-politikasi%2F|title:K%C4%B0%C5%9E%C4%B0SEL%20VER%C4%B0LER%C4%B0%20SAKLAMA%20VE%20%C4%B0MHA%20POL%C4%B0T%C4%B0KASI||&#8221;][vc_btn title=&#8221;SOSYAL MEDYA KULLANIMI POL\u0130T\u0130KASI&#8221; color=&#8221;warning&#8221; size=&#8221;sm&#8221; align=&#8221;center&#8221; button_block=&#8221;true&#8221; link=&#8221;url:https%3A%2F%2Fwww.zoreltekstil.com.tr%2Ftr%2Fsosyal-medya-kullanimi-politikasi%2F|title:SOSYAL%20MEDYA%20KULLANIMI%20POL%C4%B0T%C4%B0KASI||&#8221;][vc_btn title=&#8221;K\u0130\u015e\u0130SEL VER\u0130LER \u0130\u00c7\u0130N TALEP VE DE\u011eERLEND\u0130RME FORMU&#8221; color=&#8221;warning&#8221; size=&#8221;sm&#8221; align=&#8221;center&#8221; button_block=&#8221;true&#8221; link=&#8221;url:https%3A%2F%2Fwww.zoreltekstil.com.tr%2Ftr%2Fkisisel-veriler-icin-talep-ve-degerlendirme-formu%2F|title:K%C4%B0%C5%9E%C4%B0SEL%20VER%C4%B0LER%20%C4%B0%C3%87%C4%B0N%20TALEP%20VE%20DE%C4%9EERLEND%C4%B0RME%20FORMU||&#8221;][\/vc_column][vc_column width=&#8221;9\/12&#8243;][vc_column_text [&hellip;]","og_url":"https:\/\/www.zoreltekstil.com.tr\/tr\/sosyal-medya-kullanimi-politikasi\/","og_site_name":"Havlu, Bornoz, Otel Havlusu | Zorel Tekstil","article_modified_time":"2021-01-08T09:11:59+00:00","twitter_card":"summary_large_image","twitter_misc":{"Tahmini okuma s\u00fcresi":"4 dakika"},"schema":{"@context":"https:\/\/schema.org","@graph":[{"@type":"WebPage","@id":"https:\/\/www.zoreltekstil.com.tr\/tr\/sosyal-medya-kullanimi-politikasi\/","url":"https:\/\/www.zoreltekstil.com.tr\/tr\/sosyal-medya-kullanimi-politikasi\/","name":"SOSYAL MEDYA KULLANIMI POL\u0130T\u0130KASI - Havlu, Bornoz, Otel Havlusu | Zorel Tekstil","isPartOf":{"@id":"https:\/\/www.zoreltekstil.com.tr\/tr\/#website"},"datePublished":"2021-01-08T08:05:20+00:00","dateModified":"2021-01-08T09:11:59+00:00","breadcrumb":{"@id":"https:\/\/www.zoreltekstil.com.tr\/tr\/sosyal-medya-kullanimi-politikasi\/#breadcrumb"},"inLanguage":"tr","potentialAction":[{"@type":"ReadAction","target":["https:\/\/www.zoreltekstil.com.tr\/tr\/sosyal-medya-kullanimi-politikasi\/"]}]},{"@type":"BreadcrumbList","@id":"https:\/\/www.zoreltekstil.com.tr\/tr\/sosyal-medya-kullanimi-politikasi\/#breadcrumb","itemListElement":[{"@type":"ListItem","position":1,"name":"Home","item":"https:\/\/www.zoreltekstil.com.tr\/tr\/"},{"@type":"ListItem","position":2,"name":"SOSYAL MEDYA KULLANIMI POL\u0130T\u0130KASI"}]},{"@type":"WebSite","@id":"https:\/\/www.zoreltekstil.com.tr\/tr\/#website","url":"https:\/\/www.zoreltekstil.com.tr\/tr\/","name":"Havlu, Bornoz, Otel Havlusu | Zorel Tekstil","description":"","potentialAction":[{"@type":"SearchAction","target":{"@type":"EntryPoint","urlTemplate":"https:\/\/www.zoreltekstil.com.tr\/tr\/?s={search_term_string}"},"query-input":"required name=search_term_string"}],"inLanguage":"tr"}]}},"_links":{"self":[{"href":"https:\/\/www.zoreltekstil.com.tr\/tr\/wp-json\/wp\/v2\/pages\/10798"}],"collection":[{"href":"https:\/\/www.zoreltekstil.com.tr\/tr\/wp-json\/wp\/v2\/pages"}],"about":[{"href":"https:\/\/www.zoreltekstil.com.tr\/tr\/wp-json\/wp\/v2\/types\/page"}],"author":[{"embeddable":true,"href":"https:\/\/www.zoreltekstil.com.tr\/tr\/wp-json\/wp\/v2\/users\/1"}],"replies":[{"embeddable":true,"href":"https:\/\/www.zoreltekstil.com.tr\/tr\/wp-json\/wp\/v2\/comments?post=10798"}],"version-history":[{"count":4,"href":"https:\/\/www.zoreltekstil.com.tr\/tr\/wp-json\/wp\/v2\/pages\/10798\/revisions"}],"predecessor-version":[{"id":10818,"href":"https:\/\/www.zoreltekstil.com.tr\/tr\/wp-json\/wp\/v2\/pages\/10798\/revisions\/10818"}],"wp:attachment":[{"href":"https:\/\/www.zoreltekstil.com.tr\/tr\/wp-json\/wp\/v2\/media?parent=10798"}],"curies":[{"name":"wp","href":"https:\/\/api.w.org\/{rel}","templated":true}]}}