{"id":10778,"date":"2021-01-08T10:46:38","date_gmt":"2021-01-08T07:46:38","guid":{"rendered":"https:\/\/www.zoreltekstil.com.tr\/tr\/?page_id=10778"},"modified":"2021-01-08T12:11:33","modified_gmt":"2021-01-08T09:11:33","slug":"kisisel-verileri-saklama-ve-imha-politikasi","status":"publish","type":"page","link":"https:\/\/www.zoreltekstil.com.tr\/tr\/kisisel-verileri-saklama-ve-imha-politikasi\/","title":{"rendered":"K\u0130\u015e\u0130SEL VER\u0130LER\u0130 SAKLAMA VE \u0130MHA POL\u0130T\u0130KASI"},"content":{"rendered":"[vc_row fullwidth=&#8221;true&#8221;][vc_column width=&#8221;3\/12&#8243;][vc_btn title=&#8221;\u015e\u0130RKET G\u0130ZL\u0130L\u0130K POL\u0130T\u0130KASI&#8221; color=&#8221;warning&#8221; size=&#8221;sm&#8221; align=&#8221;center&#8221; button_block=&#8221;true&#8221; link=&#8221;url:https%3A%2F%2Fwww.zoreltekstil.com.tr%2Ftr%2Fsirket-gizlilik-politikasi%2F|title:%C5%9E%C4%B0RKET%20G%C4%B0ZL%C4%B0L%C4%B0K%20POL%C4%B0T%C4%B0KASI||&#8221;][vc_btn title=&#8221;K\u0130\u015e\u0130SEL VER\u0130LERLE \u0130LG\u0130L\u0130 GENEL AYDINLATMA METN\u0130&#8221; color=&#8221;warning&#8221; size=&#8221;sm&#8221; align=&#8221;center&#8221; button_block=&#8221;true&#8221; link=&#8221;url:https%3A%2F%2Fwww.zoreltekstil.com.tr%2Ftr%2Fkisisel-verilerle-ilgili-genel-aydinlatma-metni%2F|title:K%C4%B0%C5%9E%C4%B0SEL%20VER%C4%B0LERLE%20%C4%B0LG%C4%B0L%C4%B0%20GENEL%20AYDINLATMA%20METN%C4%B0||&#8221;][vc_btn title=&#8221;K\u0130\u015e\u0130SEL VER\u0130LER\u0130 SAKLAMA VE \u0130MHA POL\u0130T\u0130KASI&#8221; color=&#8221;warning&#8221; size=&#8221;sm&#8221; align=&#8221;center&#8221; button_block=&#8221;true&#8221; link=&#8221;url:https%3A%2F%2Fwww.zoreltekstil.com.tr%2Ftr%2Fkisisel-verileri-saklama-ve-imha-politikasi%2F|title:K%C4%B0%C5%9E%C4%B0SEL%20VER%C4%B0LER%C4%B0%20SAKLAMA%20VE%20%C4%B0MHA%20POL%C4%B0T%C4%B0KASI||&#8221;][vc_btn title=&#8221;SOSYAL MEDYA KULLANIMI POL\u0130T\u0130KASI&#8221; color=&#8221;warning&#8221; size=&#8221;sm&#8221; align=&#8221;center&#8221; button_block=&#8221;true&#8221; link=&#8221;url:https%3A%2F%2Fwww.zoreltekstil.com.tr%2Ftr%2Fsosyal-medya-kullanimi-politikasi%2F|title:SOSYAL%20MEDYA%20KULLANIMI%20POL%C4%B0T%C4%B0KASI||&#8221;][vc_btn title=&#8221;K\u0130\u015e\u0130SEL VER\u0130LER \u0130\u00c7\u0130N TALEP VE DE\u011eERLEND\u0130RME FORMU&#8221; color=&#8221;warning&#8221; size=&#8221;sm&#8221; align=&#8221;center&#8221; button_block=&#8221;true&#8221; link=&#8221;url:https%3A%2F%2Fwww.zoreltekstil.com.tr%2Ftr%2Fkisisel-veriler-icin-talep-ve-degerlendirme-formu%2F|title:K%C4%B0%C5%9E%C4%B0SEL%20VER%C4%B0LER%20%C4%B0%C3%87%C4%B0N%20TALEP%20VE%20DE%C4%9EERLEND%C4%B0RME%20FORMU||&#8221;][\/vc_column][vc_column width=&#8221;9\/12&#8243;][vc_column_text css=&#8221;.vc_custom_1610097091261{margin-bottom: 0px !important;}&#8221;]\n<h3 style=\"text-align: center;\"><span style=\"color: #000000;\">K\u0130\u015e\u0130SEL VER\u0130LER\u0130 SAKLAMA VE \u0130MHA POL\u0130T\u0130KASI<\/span><\/h3>\n<p><span style=\"color: #000000;\"><strong>POL\u0130T\u0130KA AMACI:<\/strong><\/span><\/p>\n<p><span style=\"color: #000000;\">Bu politika, \u015firketimizin ald\u0131\u011f\u0131 ve i\u015fledi\u011fi ki\u015fisel verilerin saklanmas\u0131 ve imha i\u015flemlerinin y\u00f6netilmesine dair yakla\u015f\u0131m\u0131n\u0131 tan\u0131mlamak amac\u0131yla, Ki\u015fisel Verilerin Silinmesi, Yok Edilmesi Veya Anonim Hale Getirilmesi Hakk\u0131nda Y\u00f6netmelik baz al\u0131narak haz\u0131rlanm\u0131\u015ft\u0131r.<\/span><\/p>\n<p><span style=\"color: #000000;\"><strong>TANIMLAR:<\/strong><\/span><\/p>\n<p><span style=\"color: #000000;\"><strong>\u0130mha<\/strong>: Ki\u015fisel verilerin silinmesi, yok edilmesi veya anonim hale getirilmesini<\/span><\/p>\n<p><span style=\"color: #000000;\"><strong>Kay\u0131t ortam\u0131<\/strong>: Tamamen veya k\u0131smen otomatik olan ya da herhangi bir veri kay\u0131t sisteminin par\u00e7as\u0131 olmak kayd\u0131yla otomatik olmayan yollarla i\u015flenen ki\u015fisel verilerin bulundu\u011fu her t\u00fcrl\u00fc ortam\u0131<\/span><\/p>\n<p><span style=\"color: #000000;\"><strong>Periyodik imha:<\/strong> Kanunda yer alan ki\u015fisel verilerin i\u015flenme \u015fartlar\u0131n\u0131n tamam\u0131n\u0131n ortadan kalkmas\u0131 durumunda ki\u015fisel verileri saklama ve imha politikas\u0131nda belirtilen ve tekrar eden aral\u0131klarla resen ger\u00e7ekle\u015ftirilecek silme, yok etme veya anonim hale getirme i\u015flemini<\/span><\/p>\n<p><span style=\"color: #000000;\"><strong>Veri kay\u0131t sistemi<\/strong>: Ki\u015fisel verilerin belirli kriterlere g\u00f6re yap\u0131land\u0131r\u0131larak i\u015flendi\u011fi kay\u0131t sistemini ifade eder.<\/span><\/p>\n<p><span style=\"color: #000000;\"><strong>SAKLAMA ve \u0130MHA GEREK\u00c7ELER\u0130, SAKLAMA ve \u0130MHA S\u00dcRELER\u0130:<\/strong><\/span><\/p>\n<p><span style=\"color: #000000;\">\u015eirketimiz, i\u015fledi\u011fi ki\u015fisel verileri, yasal zorunlu faaliyetlerini ve ticari faaliyetlerini yerine getirebilmek amac\u0131yla, <strong>Ki\u015fisel Veri Envanteri<\/strong> ile belirlenen ve VERB\u0130S (Veri Sorumlular\u0131 Sicili)\u2019de kamuya a\u00e7\u0131k \u015fekilde ilan edilen saklama s\u00fcreleri zarf\u0131nda, fiziksel ve\/veya elektronik ortamlarda g\u00fcvenli bir \u015fekilde saklamaktad\u0131r. Ki\u015fisel Veri Envanteri\u2019nde, her bir ki\u015fisel verinin, hangi ortamlarda i\u015flendi\u011fi, sakland\u0131\u011f\u0131 ve hangi y\u00f6ntemlerle imha edildi\u011fi tan\u0131mlanm\u0131\u015ft\u0131r. Ki\u015fisel veriler, ba\u015fta 6698 Say\u0131l\u0131 Ki\u015fisel Verileri Koruma Kanunu, 4857 Say\u0131l\u0131 \u0130\u015f Kanunu, 6331 Say\u0131l\u0131 \u0130\u015f Sa\u011fl\u0131\u011f\u0131 ve G\u00fcvenli\u011fi Kanunu ve \u015firket faaliyetlerimizi ilgilendiren t\u00fcm mevzuat \u015fartlar\u0131na uygun \u015fekilde muhafaza edilmektedir.<\/span><\/p>\n<p><span style=\"color: #000000;\">Ki\u015fisel veri saklama s\u00fcrelerinin belirlenmesinde, ki\u015fisel verinin i\u015flenmesindeki hukuki gerek\u00e7e veya i\u015fleme amac\u0131 dikkate al\u0131n\u0131r. Ki\u015fisel veri, yasal \u015fartlar gere\u011fi olarak\u00a0 toplanan ve i\u015flenen bir veri ise, saklama s\u00fcresi, ilgili mevzuatta yer alan s\u00fcre olarak <strong>Ki\u015fisel Veri Envanteri<\/strong>\u2019nde tan\u0131mlan\u0131r. Di\u011fer veriler i\u00e7in ise, i\u015fleme amac\u0131na uygun \u015fekilde, ilgili faaliyetlerin yerine getirebilmesini sa\u011flayacak s\u00fcreler belirlenir ve <strong>Ki\u015fisel Veri Envanteri<\/strong>\u2019nde tan\u0131mlan\u0131r. Saklama s\u00fcreleri bazen \u201cay\u201d, \u201cy\u0131l\u201d gibi tan\u0131mlan\u0131rken, baz\u0131 ki\u015fisel veriler i\u00e7in \u201c\u2026. Bitiminde\u201d, \u201c\u2026\u2026\u2026\u2026yap\u0131lana kadar\u201d \u015feklinde tan\u0131mlanabilmektedir. Bu sebeple her bir ki\u015fisel veri i\u00e7in, ilgili mevzuatta \u00f6ng\u00f6r\u00fclen veya i\u015flendikleri ama\u00e7 i\u00e7in gerekli olan s\u00fcreye ili\u015fkin farkl\u0131 bir muhafaza s\u00fcresi ge\u00e7erli olabilmektedir.<\/span><\/p>\n<p>&nbsp;<\/p>\n<p>&nbsp;<\/p>\n<p><span style=\"color: #000000;\">Ki\u015fisel veriler, VERB\u0130S\u2019de kamuya a\u00e7\u0131k \u015fekilde ilan edilen \u201cVeri G\u00fcvenli\u011fi Tedbirleri\u201d al\u0131narak saklanmaktad\u0131r. \u00c7al\u0131\u015fanlar i\u00e7in yetki matrisi haz\u0131rlanmas\u0131, e\u011fitimler yap\u0131lmas\u0131, \u00e7al\u0131\u015fanlarla ve veri i\u015fleyenlerle gizlilik s\u00f6zle\u015fmeleri yap\u0131lmas\u0131 gibi idari tedbirlerin yan\u0131 s\u0131ra, g\u00fcncel antivir\u00fcs sistemleri kullan\u0131m\u0131, g\u00fcvenlik duvar\u0131 kullan\u0131m\u0131, yedekleme vb teknik veri g\u00fcvenli\u011fi tedbirleri al\u0131nmaktad\u0131r.<\/span><\/p>\n<p><span style=\"color: #000000;\">Ki\u015fisel verilerin imhas\u0131nda, se\u00e7ilen y\u00f6nteme g\u00f6re, silme, yok etme, anonim hale getirme i\u015flemi, ki\u015fisel verinin tekrar eri\u015filmesi, geri getirilmesi, kullan\u0131lmas\u0131 veya veri sahibi ile ili\u015fkilendirilmesini m\u00fcmk\u00fcn k\u0131lmayacak \u015fekilde hareket edilir.<\/span><\/p>\n<p><span style=\"color: #000000;\">Saklama s\u00fcresi dolan ki\u015fisel veriler, belirlenmi\u015f olan imha y\u00f6ntemlerine g\u00f6re imha edilir ve Veri \u0130mha Tutana\u011f\u0131 kullan\u0131larak i\u015flem kay\u0131t alt\u0131na al\u0131n\u0131r. Bu kay\u0131tlar en az 3 y\u0131l saklan\u0131r.<\/span><\/p>\n<p><span style=\"color: #000000;\">Ki\u015fisel verilerin saklama ve imhas\u0131nda, \u201cKi\u015fisel Veri Envanteri\u201d ve \u201cKi\u015fisel Veriler \u0130\u00e7in Yetki Matrisi ve Yetkilerin Y\u00f6netimi Tablosu\u201dyla belirlenen sorumlular g\u00f6rev al\u0131r. \u0130mha i\u015flemlerinde g\u00f6rev alanlar, Veri \u0130mha Tutana\u011f\u0131\u2019nda kay\u0131t alt\u0131na al\u0131n\u0131r.<\/span><\/p>\n<p><span style=\"color: #000000;\">\u015eirketimiz, her 3 ayda bir (Mart, Haziran, Eyl\u00fcl ve Aral\u0131k aylar\u0131) ki\u015fisel verileri g\u00f6zden ge\u00e7irerek, saklama s\u00fcresi dolan verileri tespit eder ve ki\u015fisel verileri silme, yok etme veya anonim hale getirme y\u00fck\u00fcml\u00fcl\u00fc\u011f\u00fcn\u00fcn ortaya \u00e7\u0131kt\u0131\u011f\u0131 tarihi takip eden ilk periyodik imha i\u015fleminde, ki\u015fisel verileri siler, yok eder veya anonim hale getirir. Bu s\u00fcre, alt\u0131 ay\u0131 ge\u00e7mez.<\/span><\/p>\n<p><span style=\"color: #000000;\"><strong>\u0130LG\u0130L\u0130 K\u0130\u015e\u0130N\u0130N (VER\u0130 SAH\u0130B\u0130N\u0130N) TALEB\u0130 HAL\u0130NDE K\u0130\u015e\u0130SEL VER\u0130LER\u0130N \u0130MHASI<\/strong><\/span><\/p>\n<p><span style=\"color: #000000;\">Ki\u015fisel veri sahipleri, Ki\u015fisel Verilerle \u0130lgili Genel Ayd\u0131nlatma Metni\u2019mizde yer alan ileti\u015fim y\u00f6ntemlerini kullanarak verileri hakk\u0131nda bilgi talep edebilir. Bu talebin, ki\u015fisel verisinin silinmesi olmas\u0131 halinde:<\/span><\/p>\n<ol>\n<li><span style=\"color: #000000;\">Ki\u015fisel veri i\u015fleme \u015fartlar\u0131n\u0131n tamam\u0131 ortadan kalkm\u0131\u015fsa, talebe konu olan ki\u015fisel veriler imha edilir. \u0130lgili ki\u015finin talebi en ge\u00e7 30 g\u00fcn i\u00e7inde sonu\u00e7land\u0131r\u0131l\u0131r ve yaz\u0131l\u0131 olarak \/ elektronik ortamda bilgilendirilir.<\/span><\/li>\n<li><span style=\"color: #000000;\">Ki\u015fisel veri i\u015fleme \u015fartlar\u0131n\u0131n tamam\u0131 ortadan kalkm\u0131\u015fsa ve talebe konu veriler, veri i\u015fleyen taraflara aktar\u0131lm\u0131\u015fsa, \u015firketimiz durumu Veri \u0130\u015fleyen\u2019e bildirir ve imha i\u015flemlerinin yap\u0131lmas\u0131n\u0131 sa\u011flar.<\/span><\/li>\n<li><span style=\"color: #000000;\">Ki\u015fisel veri i\u015fleme \u015fartlar\u0131n\u0131n tamam\u0131 ortadan kalkmam\u0131\u015fsa, \u015firketimiz taraf\u0131ndan gerek\u00e7esi a\u00e7\u0131klanarak reddedilir ve en ge\u00e7 30 g\u00fcn i\u00e7inde ret cevab\u0131 yaz\u0131l\u0131 olarak \/ elektronik ortamda bildirilir.<\/span><\/li>\n<\/ol>\n[\/vc_column_text][\/vc_column][\/vc_row]\n","protected":false},"excerpt":{"rendered":"<p>[vc_row fullwidth=&#8221;true&#8221;][vc_column width=&#8221;3\/12&#8243;][vc_btn title=&#8221;\u015e\u0130RKET G\u0130ZL\u0130L\u0130K POL\u0130T\u0130KASI&#8221; color=&#8221;warning&#8221; size=&#8221;sm&#8221; align=&#8221;center&#8221; button_block=&#8221;true&#8221; link=&#8221;url:https%3A%2F%2Fwww.zoreltekstil.com.tr%2Ftr%2Fsirket-gizlilik-politikasi%2F|title:%C5%9E%C4%B0RKET%20G%C4%B0ZL%C4%B0L%C4%B0K%20POL%C4%B0T%C4%B0KASI||&#8221;][vc_btn title=&#8221;K\u0130\u015e\u0130SEL VER\u0130LERLE \u0130LG\u0130L\u0130 GENEL AYDINLATMA METN\u0130&#8221; color=&#8221;warning&#8221; size=&#8221;sm&#8221; align=&#8221;center&#8221; button_block=&#8221;true&#8221; link=&#8221;url:https%3A%2F%2Fwww.zoreltekstil.com.tr%2Ftr%2Fkisisel-verilerle-ilgili-genel-aydinlatma-metni%2F|title:K%C4%B0%C5%9E%C4%B0SEL%20VER%C4%B0LERLE%20%C4%B0LG%C4%B0L%C4%B0%20GENEL%20AYDINLATMA%20METN%C4%B0||&#8221;][vc_btn title=&#8221;K\u0130\u015e\u0130SEL VER\u0130LER\u0130 SAKLAMA VE \u0130MHA POL\u0130T\u0130KASI&#8221; color=&#8221;warning&#8221; size=&#8221;sm&#8221; align=&#8221;center&#8221; button_block=&#8221;true&#8221; link=&#8221;url:https%3A%2F%2Fwww.zoreltekstil.com.tr%2Ftr%2Fkisisel-verileri-saklama-ve-imha-politikasi%2F|title:K%C4%B0%C5%9E%C4%B0SEL%20VER%C4%B0LER%C4%B0%20SAKLAMA%20VE%20%C4%B0MHA%20POL%C4%B0T%C4%B0KASI||&#8221;][vc_btn title=&#8221;SOSYAL MEDYA KULLANIMI POL\u0130T\u0130KASI&#8221; color=&#8221;warning&#8221; size=&#8221;sm&#8221; align=&#8221;center&#8221; button_block=&#8221;true&#8221; link=&#8221;url:https%3A%2F%2Fwww.zoreltekstil.com.tr%2Ftr%2Fsosyal-medya-kullanimi-politikasi%2F|title:SOSYAL%20MEDYA%20KULLANIMI%20POL%C4%B0T%C4%B0KASI||&#8221;][vc_btn title=&#8221;K\u0130\u015e\u0130SEL VER\u0130LER \u0130\u00c7\u0130N TALEP VE DE\u011eERLEND\u0130RME FORMU&#8221; color=&#8221;warning&#8221; size=&#8221;sm&#8221; align=&#8221;center&#8221; button_block=&#8221;true&#8221; link=&#8221;url:https%3A%2F%2Fwww.zoreltekstil.com.tr%2Ftr%2Fkisisel-veriler-icin-talep-ve-degerlendirme-formu%2F|title:K%C4%B0%C5%9E%C4%B0SEL%20VER%C4%B0LER%20%C4%B0%C3%87%C4%B0N%20TALEP%20VE%20DE%C4%9EERLEND%C4%B0RME%20FORMU||&#8221;][\/vc_column][vc_column width=&#8221;9\/12&#8243;][vc_column_text [&hellip;]<\/p>\n","protected":false},"author":1,"featured_media":0,"parent":0,"menu_order":0,"comment_status":"closed","ping_status":"closed","template":"","meta":{"footnotes":""},"yoast_head":"<!-- This site is optimized with the Yoast SEO plugin v20.11 - https:\/\/yoast.com\/wordpress\/plugins\/seo\/ -->\n<title>K\u0130\u015e\u0130SEL VER\u0130LER\u0130 SAKLAMA VE \u0130MHA POL\u0130T\u0130KASI - Havlu, Bornoz, Otel Havlusu | Zorel Tekstil<\/title>\n<meta name=\"robots\" content=\"index, follow, max-snippet:-1, max-image-preview:large, max-video-preview:-1\" \/>\n<link rel=\"canonical\" href=\"https:\/\/www.zoreltekstil.com.tr\/tr\/kisisel-verileri-saklama-ve-imha-politikasi\/\" \/>\n<meta property=\"og:locale\" content=\"tr_TR\" \/>\n<meta property=\"og:type\" content=\"article\" \/>\n<meta property=\"og:title\" content=\"K\u0130\u015e\u0130SEL VER\u0130LER\u0130 SAKLAMA VE \u0130MHA POL\u0130T\u0130KASI - Havlu, Bornoz, Otel Havlusu | Zorel Tekstil\" \/>\n<meta property=\"og:description\" content=\"[vc_row fullwidth=&#8221;true&#8221;][vc_column width=&#8221;3\/12&#8243;][vc_btn title=&#8221;\u015e\u0130RKET G\u0130ZL\u0130L\u0130K POL\u0130T\u0130KASI&#8221; color=&#8221;warning&#8221; size=&#8221;sm&#8221; align=&#8221;center&#8221; button_block=&#8221;true&#8221; link=&#8221;url:https%3A%2F%2Fwww.zoreltekstil.com.tr%2Ftr%2Fsirket-gizlilik-politikasi%2F|title:%C5%9E%C4%B0RKET%20G%C4%B0ZL%C4%B0L%C4%B0K%20POL%C4%B0T%C4%B0KASI||&#8221;][vc_btn title=&#8221;K\u0130\u015e\u0130SEL VER\u0130LERLE \u0130LG\u0130L\u0130 GENEL AYDINLATMA METN\u0130&#8221; color=&#8221;warning&#8221; size=&#8221;sm&#8221; align=&#8221;center&#8221; button_block=&#8221;true&#8221; link=&#8221;url:https%3A%2F%2Fwww.zoreltekstil.com.tr%2Ftr%2Fkisisel-verilerle-ilgili-genel-aydinlatma-metni%2F|title:K%C4%B0%C5%9E%C4%B0SEL%20VER%C4%B0LERLE%20%C4%B0LG%C4%B0L%C4%B0%20GENEL%20AYDINLATMA%20METN%C4%B0||&#8221;][vc_btn title=&#8221;K\u0130\u015e\u0130SEL VER\u0130LER\u0130 SAKLAMA VE \u0130MHA POL\u0130T\u0130KASI&#8221; color=&#8221;warning&#8221; size=&#8221;sm&#8221; align=&#8221;center&#8221; button_block=&#8221;true&#8221; link=&#8221;url:https%3A%2F%2Fwww.zoreltekstil.com.tr%2Ftr%2Fkisisel-verileri-saklama-ve-imha-politikasi%2F|title:K%C4%B0%C5%9E%C4%B0SEL%20VER%C4%B0LER%C4%B0%20SAKLAMA%20VE%20%C4%B0MHA%20POL%C4%B0T%C4%B0KASI||&#8221;][vc_btn title=&#8221;SOSYAL MEDYA KULLANIMI POL\u0130T\u0130KASI&#8221; color=&#8221;warning&#8221; size=&#8221;sm&#8221; align=&#8221;center&#8221; button_block=&#8221;true&#8221; link=&#8221;url:https%3A%2F%2Fwww.zoreltekstil.com.tr%2Ftr%2Fsosyal-medya-kullanimi-politikasi%2F|title:SOSYAL%20MEDYA%20KULLANIMI%20POL%C4%B0T%C4%B0KASI||&#8221;][vc_btn title=&#8221;K\u0130\u015e\u0130SEL VER\u0130LER \u0130\u00c7\u0130N TALEP VE DE\u011eERLEND\u0130RME FORMU&#8221; color=&#8221;warning&#8221; size=&#8221;sm&#8221; align=&#8221;center&#8221; button_block=&#8221;true&#8221; link=&#8221;url:https%3A%2F%2Fwww.zoreltekstil.com.tr%2Ftr%2Fkisisel-veriler-icin-talep-ve-degerlendirme-formu%2F|title:K%C4%B0%C5%9E%C4%B0SEL%20VER%C4%B0LER%20%C4%B0%C3%87%C4%B0N%20TALEP%20VE%20DE%C4%9EERLEND%C4%B0RME%20FORMU||&#8221;][\/vc_column][vc_column width=&#8221;9\/12&#8243;][vc_column_text [&hellip;]\" \/>\n<meta property=\"og:url\" content=\"https:\/\/www.zoreltekstil.com.tr\/tr\/kisisel-verileri-saklama-ve-imha-politikasi\/\" \/>\n<meta property=\"og:site_name\" content=\"Havlu, Bornoz, Otel Havlusu | Zorel Tekstil\" \/>\n<meta property=\"article:modified_time\" content=\"2021-01-08T09:11:33+00:00\" \/>\n<meta name=\"twitter:card\" content=\"summary_large_image\" \/>\n<meta name=\"twitter:label1\" content=\"Tahmini okuma s\u00fcresi\" \/>\n\t<meta name=\"twitter:data1\" content=\"6 dakika\" \/>\n<script type=\"application\/ld+json\" class=\"yoast-schema-graph\">{\"@context\":\"https:\/\/schema.org\",\"@graph\":[{\"@type\":\"WebPage\",\"@id\":\"https:\/\/www.zoreltekstil.com.tr\/tr\/kisisel-verileri-saklama-ve-imha-politikasi\/\",\"url\":\"https:\/\/www.zoreltekstil.com.tr\/tr\/kisisel-verileri-saklama-ve-imha-politikasi\/\",\"name\":\"K\u0130\u015e\u0130SEL VER\u0130LER\u0130 SAKLAMA VE \u0130MHA POL\u0130T\u0130KASI - Havlu, Bornoz, Otel Havlusu | Zorel Tekstil\",\"isPartOf\":{\"@id\":\"https:\/\/www.zoreltekstil.com.tr\/tr\/#website\"},\"datePublished\":\"2021-01-08T07:46:38+00:00\",\"dateModified\":\"2021-01-08T09:11:33+00:00\",\"breadcrumb\":{\"@id\":\"https:\/\/www.zoreltekstil.com.tr\/tr\/kisisel-verileri-saklama-ve-imha-politikasi\/#breadcrumb\"},\"inLanguage\":\"tr\",\"potentialAction\":[{\"@type\":\"ReadAction\",\"target\":[\"https:\/\/www.zoreltekstil.com.tr\/tr\/kisisel-verileri-saklama-ve-imha-politikasi\/\"]}]},{\"@type\":\"BreadcrumbList\",\"@id\":\"https:\/\/www.zoreltekstil.com.tr\/tr\/kisisel-verileri-saklama-ve-imha-politikasi\/#breadcrumb\",\"itemListElement\":[{\"@type\":\"ListItem\",\"position\":1,\"name\":\"Home\",\"item\":\"https:\/\/www.zoreltekstil.com.tr\/tr\/\"},{\"@type\":\"ListItem\",\"position\":2,\"name\":\"K\u0130\u015e\u0130SEL VER\u0130LER\u0130 SAKLAMA VE \u0130MHA POL\u0130T\u0130KASI\"}]},{\"@type\":\"WebSite\",\"@id\":\"https:\/\/www.zoreltekstil.com.tr\/tr\/#website\",\"url\":\"https:\/\/www.zoreltekstil.com.tr\/tr\/\",\"name\":\"Havlu, Bornoz, Otel Havlusu | Zorel Tekstil\",\"description\":\"\",\"potentialAction\":[{\"@type\":\"SearchAction\",\"target\":{\"@type\":\"EntryPoint\",\"urlTemplate\":\"https:\/\/www.zoreltekstil.com.tr\/tr\/?s={search_term_string}\"},\"query-input\":\"required name=search_term_string\"}],\"inLanguage\":\"tr\"}]}<\/script>\n<!-- \/ Yoast SEO plugin. -->","yoast_head_json":{"title":"K\u0130\u015e\u0130SEL VER\u0130LER\u0130 SAKLAMA VE \u0130MHA POL\u0130T\u0130KASI - Havlu, Bornoz, Otel Havlusu | Zorel Tekstil","robots":{"index":"index","follow":"follow","max-snippet":"max-snippet:-1","max-image-preview":"max-image-preview:large","max-video-preview":"max-video-preview:-1"},"canonical":"https:\/\/www.zoreltekstil.com.tr\/tr\/kisisel-verileri-saklama-ve-imha-politikasi\/","og_locale":"tr_TR","og_type":"article","og_title":"K\u0130\u015e\u0130SEL VER\u0130LER\u0130 SAKLAMA VE \u0130MHA POL\u0130T\u0130KASI - Havlu, Bornoz, Otel Havlusu | Zorel Tekstil","og_description":"[vc_row fullwidth=&#8221;true&#8221;][vc_column width=&#8221;3\/12&#8243;][vc_btn title=&#8221;\u015e\u0130RKET G\u0130ZL\u0130L\u0130K POL\u0130T\u0130KASI&#8221; color=&#8221;warning&#8221; size=&#8221;sm&#8221; align=&#8221;center&#8221; button_block=&#8221;true&#8221; link=&#8221;url:https%3A%2F%2Fwww.zoreltekstil.com.tr%2Ftr%2Fsirket-gizlilik-politikasi%2F|title:%C5%9E%C4%B0RKET%20G%C4%B0ZL%C4%B0L%C4%B0K%20POL%C4%B0T%C4%B0KASI||&#8221;][vc_btn title=&#8221;K\u0130\u015e\u0130SEL VER\u0130LERLE \u0130LG\u0130L\u0130 GENEL AYDINLATMA METN\u0130&#8221; color=&#8221;warning&#8221; size=&#8221;sm&#8221; align=&#8221;center&#8221; button_block=&#8221;true&#8221; link=&#8221;url:https%3A%2F%2Fwww.zoreltekstil.com.tr%2Ftr%2Fkisisel-verilerle-ilgili-genel-aydinlatma-metni%2F|title:K%C4%B0%C5%9E%C4%B0SEL%20VER%C4%B0LERLE%20%C4%B0LG%C4%B0L%C4%B0%20GENEL%20AYDINLATMA%20METN%C4%B0||&#8221;][vc_btn title=&#8221;K\u0130\u015e\u0130SEL VER\u0130LER\u0130 SAKLAMA VE \u0130MHA POL\u0130T\u0130KASI&#8221; color=&#8221;warning&#8221; size=&#8221;sm&#8221; align=&#8221;center&#8221; button_block=&#8221;true&#8221; link=&#8221;url:https%3A%2F%2Fwww.zoreltekstil.com.tr%2Ftr%2Fkisisel-verileri-saklama-ve-imha-politikasi%2F|title:K%C4%B0%C5%9E%C4%B0SEL%20VER%C4%B0LER%C4%B0%20SAKLAMA%20VE%20%C4%B0MHA%20POL%C4%B0T%C4%B0KASI||&#8221;][vc_btn title=&#8221;SOSYAL MEDYA KULLANIMI POL\u0130T\u0130KASI&#8221; color=&#8221;warning&#8221; size=&#8221;sm&#8221; align=&#8221;center&#8221; button_block=&#8221;true&#8221; link=&#8221;url:https%3A%2F%2Fwww.zoreltekstil.com.tr%2Ftr%2Fsosyal-medya-kullanimi-politikasi%2F|title:SOSYAL%20MEDYA%20KULLANIMI%20POL%C4%B0T%C4%B0KASI||&#8221;][vc_btn title=&#8221;K\u0130\u015e\u0130SEL VER\u0130LER \u0130\u00c7\u0130N TALEP VE DE\u011eERLEND\u0130RME FORMU&#8221; color=&#8221;warning&#8221; size=&#8221;sm&#8221; align=&#8221;center&#8221; button_block=&#8221;true&#8221; link=&#8221;url:https%3A%2F%2Fwww.zoreltekstil.com.tr%2Ftr%2Fkisisel-veriler-icin-talep-ve-degerlendirme-formu%2F|title:K%C4%B0%C5%9E%C4%B0SEL%20VER%C4%B0LER%20%C4%B0%C3%87%C4%B0N%20TALEP%20VE%20DE%C4%9EERLEND%C4%B0RME%20FORMU||&#8221;][\/vc_column][vc_column width=&#8221;9\/12&#8243;][vc_column_text [&hellip;]","og_url":"https:\/\/www.zoreltekstil.com.tr\/tr\/kisisel-verileri-saklama-ve-imha-politikasi\/","og_site_name":"Havlu, Bornoz, Otel Havlusu | Zorel Tekstil","article_modified_time":"2021-01-08T09:11:33+00:00","twitter_card":"summary_large_image","twitter_misc":{"Tahmini okuma s\u00fcresi":"6 dakika"},"schema":{"@context":"https:\/\/schema.org","@graph":[{"@type":"WebPage","@id":"https:\/\/www.zoreltekstil.com.tr\/tr\/kisisel-verileri-saklama-ve-imha-politikasi\/","url":"https:\/\/www.zoreltekstil.com.tr\/tr\/kisisel-verileri-saklama-ve-imha-politikasi\/","name":"K\u0130\u015e\u0130SEL VER\u0130LER\u0130 SAKLAMA VE \u0130MHA POL\u0130T\u0130KASI - Havlu, Bornoz, Otel Havlusu | Zorel Tekstil","isPartOf":{"@id":"https:\/\/www.zoreltekstil.com.tr\/tr\/#website"},"datePublished":"2021-01-08T07:46:38+00:00","dateModified":"2021-01-08T09:11:33+00:00","breadcrumb":{"@id":"https:\/\/www.zoreltekstil.com.tr\/tr\/kisisel-verileri-saklama-ve-imha-politikasi\/#breadcrumb"},"inLanguage":"tr","potentialAction":[{"@type":"ReadAction","target":["https:\/\/www.zoreltekstil.com.tr\/tr\/kisisel-verileri-saklama-ve-imha-politikasi\/"]}]},{"@type":"BreadcrumbList","@id":"https:\/\/www.zoreltekstil.com.tr\/tr\/kisisel-verileri-saklama-ve-imha-politikasi\/#breadcrumb","itemListElement":[{"@type":"ListItem","position":1,"name":"Home","item":"https:\/\/www.zoreltekstil.com.tr\/tr\/"},{"@type":"ListItem","position":2,"name":"K\u0130\u015e\u0130SEL VER\u0130LER\u0130 SAKLAMA VE \u0130MHA POL\u0130T\u0130KASI"}]},{"@type":"WebSite","@id":"https:\/\/www.zoreltekstil.com.tr\/tr\/#website","url":"https:\/\/www.zoreltekstil.com.tr\/tr\/","name":"Havlu, Bornoz, Otel Havlusu | Zorel Tekstil","description":"","potentialAction":[{"@type":"SearchAction","target":{"@type":"EntryPoint","urlTemplate":"https:\/\/www.zoreltekstil.com.tr\/tr\/?s={search_term_string}"},"query-input":"required name=search_term_string"}],"inLanguage":"tr"}]}},"_links":{"self":[{"href":"https:\/\/www.zoreltekstil.com.tr\/tr\/wp-json\/wp\/v2\/pages\/10778"}],"collection":[{"href":"https:\/\/www.zoreltekstil.com.tr\/tr\/wp-json\/wp\/v2\/pages"}],"about":[{"href":"https:\/\/www.zoreltekstil.com.tr\/tr\/wp-json\/wp\/v2\/types\/page"}],"author":[{"embeddable":true,"href":"https:\/\/www.zoreltekstil.com.tr\/tr\/wp-json\/wp\/v2\/users\/1"}],"replies":[{"embeddable":true,"href":"https:\/\/www.zoreltekstil.com.tr\/tr\/wp-json\/wp\/v2\/comments?post=10778"}],"version-history":[{"count":9,"href":"https:\/\/www.zoreltekstil.com.tr\/tr\/wp-json\/wp\/v2\/pages\/10778\/revisions"}],"predecessor-version":[{"id":10784,"href":"https:\/\/www.zoreltekstil.com.tr\/tr\/wp-json\/wp\/v2\/pages\/10778\/revisions\/10784"}],"wp:attachment":[{"href":"https:\/\/www.zoreltekstil.com.tr\/tr\/wp-json\/wp\/v2\/media?parent=10778"}],"curies":[{"name":"wp","href":"https:\/\/api.w.org\/{rel}","templated":true}]}}