{"id":10770,"date":"2021-01-06T11:22:08","date_gmt":"2021-01-06T08:22:08","guid":{"rendered":"https:\/\/www.zoreltekstil.com.tr\/tr\/?page_id=10770"},"modified":"2021-01-08T11:49:20","modified_gmt":"2021-01-08T08:49:20","slug":"kisisel-veriler-icin-talep-ve-degerlendirme-formu","status":"publish","type":"page","link":"https:\/\/www.zoreltekstil.com.tr\/tr\/kisisel-veriler-icin-talep-ve-degerlendirme-formu\/","title":{"rendered":"K\u0130\u015e\u0130SEL VER\u0130LER \u0130\u00c7\u0130N TALEP VE DE\u011eERLEND\u0130RME FORMU"},"content":{"rendered":"[vc_row fullwidth=&#8221;true&#8221;][vc_column width=&#8221;3\/12&#8243;][vc_btn title=&#8221;\u015e\u0130RKET G\u0130ZL\u0130L\u0130K POL\u0130T\u0130KASI&#8221; color=&#8221;warning&#8221; size=&#8221;sm&#8221; align=&#8221;center&#8221; button_block=&#8221;true&#8221; link=&#8221;url:https%3A%2F%2Fwww.zoreltekstil.com.tr%2Ftr%2Fsirket-gizlilik-politikasi%2F|title:%C5%9E%C4%B0RKET%20G%C4%B0ZL%C4%B0L%C4%B0K%20POL%C4%B0T%C4%B0KASI||&#8221;][vc_btn title=&#8221;K\u0130\u015e\u0130SEL VER\u0130LERLE \u0130LG\u0130L\u0130 GENEL AYDINLATMA METN\u0130&#8221; color=&#8221;warning&#8221; size=&#8221;sm&#8221; align=&#8221;center&#8221; button_block=&#8221;true&#8221; link=&#8221;url:https%3A%2F%2Fwww.zoreltekstil.com.tr%2Ftr%2Fkisisel-verilerle-ilgili-genel-aydinlatma-metni%2F|title:K%C4%B0%C5%9E%C4%B0SEL%20VER%C4%B0LERLE%20%C4%B0LG%C4%B0L%C4%B0%20GENEL%20AYDINLATMA%20METN%C4%B0||&#8221;][vc_btn title=&#8221;K\u0130\u015e\u0130SEL VER\u0130LER\u0130 SAKLAMA VE \u0130MHA POL\u0130T\u0130KASI&#8221; color=&#8221;warning&#8221; size=&#8221;sm&#8221; align=&#8221;center&#8221; button_block=&#8221;true&#8221; link=&#8221;url:https%3A%2F%2Fwww.zoreltekstil.com.tr%2Ftr%2Fkisisel-verileri-saklama-ve-imha-politikasi%2F|title:K%C4%B0%C5%9E%C4%B0SEL%20VER%C4%B0LER%C4%B0%20SAKLAMA%20VE%20%C4%B0MHA%20POL%C4%B0T%C4%B0KASI||&#8221;][vc_btn title=&#8221;SOSYAL MEDYA KULLANIMI POL\u0130T\u0130KASI&#8221; color=&#8221;warning&#8221; size=&#8221;sm&#8221; align=&#8221;center&#8221; button_block=&#8221;true&#8221; link=&#8221;url:https%3A%2F%2Fwww.zoreltekstil.com.tr%2Ftr%2Fsosyal-medya-kullanimi-politikasi%2F|title:SOSYAL%20MEDYA%20KULLANIMI%20POL%C4%B0T%C4%B0KASI||&#8221;][vc_btn title=&#8221;K\u0130\u015e\u0130SEL VER\u0130LER \u0130\u00c7\u0130N TALEP VE DE\u011eERLEND\u0130RME FORMU&#8221; color=&#8221;warning&#8221; size=&#8221;sm&#8221; align=&#8221;center&#8221; button_block=&#8221;true&#8221; link=&#8221;url:https%3A%2F%2Fwww.zoreltekstil.com.tr%2Ftr%2Fkisisel-veriler-icin-talep-ve-degerlendirme-formu%2F|title:K%C4%B0%C5%9E%C4%B0SEL%20VER%C4%B0LER%20%C4%B0%C3%87%C4%B0N%20TALEP%20VE%20DE%C4%9EERLEND%C4%B0RME%20FORMU||&#8221;][\/vc_column][vc_column width=&#8221;9\/12&#8243;][vc_column_text css=&#8221;.vc_custom_1610093904511{margin-bottom: 0px !important;}&#8221;]\n<div class=\"wpcf7 no-js\" id=\"wpcf7-f10809-o1\" lang=\"tr-TR\" dir=\"ltr\">\n<div class=\"screen-reader-response\"><p role=\"status\" aria-live=\"polite\" aria-atomic=\"true\"><\/p> <ul><\/ul><\/div>\n<form action=\"\/tr\/wp-json\/wp\/v2\/pages\/10770#wpcf7-f10809-o1\" method=\"post\" class=\"wpcf7-form init\" aria-label=\"Contact form\" novalidate=\"novalidate\" data-status=\"init\">\n<div style=\"display: none;\">\n<input type=\"hidden\" name=\"_wpcf7\" value=\"10809\" \/>\n<input type=\"hidden\" name=\"_wpcf7_version\" value=\"5.7.7\" \/>\n<input type=\"hidden\" name=\"_wpcf7_locale\" value=\"tr_TR\" \/>\n<input type=\"hidden\" name=\"_wpcf7_unit_tag\" value=\"wpcf7-f10809-o1\" \/>\n<input type=\"hidden\" name=\"_wpcf7_container_post\" value=\"0\" \/>\n<input type=\"hidden\" name=\"_wpcf7_posted_data_hash\" value=\"\" \/>\n<input type=\"hidden\" name=\"_wpcf7_recaptcha_response\" value=\"\" \/>\n<\/div>\n<style>\n.form-control{width:60%;}\n.rad{width:40%;}\n.biltarih{width:50%;}\n<\/style>\n<p><span class=\"wpcf7-form-control-wrap\" data-name=\"your-name\"><input size=\"40\" class=\"wpcf7-form-control wpcf7-text wpcf7-validates-as-required form-control\" aria-required=\"true\" aria-invalid=\"false\" placeholder=\"Bildirimi Yapan\" value=\"\" type=\"text\" name=\"your-name\" \/><\/span><label>Bildirim Tipi<\/label><span class=\"wpcf7-form-control-wrap\" data-name=\"radio-367\"><span class=\"wpcf7-form-control wpcf7-radio rad\"><span class=\"wpcf7-list-item first\"><input type=\"radio\" name=\"radio-367\" value=\"\u0130lk\" checked=\"checked\" \/><span class=\"wpcf7-list-item-label\">\u0130lk<\/span><\/span><span class=\"wpcf7-list-item last\"><input type=\"radio\" name=\"radio-367\" value=\"Takip\" \/><span class=\"wpcf7-list-item-label\">Takip<\/span><\/span><\/span><\/span>\n<\/p>\n<p><span class=\"wpcf7-form-control-wrap\" data-name=\"bildirimtarih\"><input size=\"40\" class=\"wpcf7-form-control wpcf7-text biltarih\" aria-invalid=\"false\" placeholder=\"Bildirim Tarihi\" value=\"\" type=\"text\" name=\"bildirimtarih\" \/><\/span><br \/>\n<span class=\"wpcf7-form-control-wrap\" data-name=\"olaytarih\"><input size=\"40\" class=\"wpcf7-form-control wpcf7-text biltarih\" aria-invalid=\"false\" placeholder=\"Olay\u0131n Ger\u00e7ekle\u015fti\u011fi Tarih\" value=\"\" type=\"text\" name=\"olaytarih\" \/><\/span>\n<\/p>\n<p><span class=\"wpcf7-form-control-wrap\" data-name=\"your-message\"><textarea cols=\"40\" rows=\"10\" class=\"wpcf7-form-control wpcf7-textarea form-control\" aria-invalid=\"false\" placeholder=\"Ki\u015fisel Verilerle \u0130lgili Bildiriminiz\" name=\"your-message\"><\/textarea><\/span>\n<\/p>\n<p><input class=\"wpcf7-form-control has-spinner wpcf7-submit btn-block btn btn-primary btn-lg\" type=\"submit\" value=\"G\u00f6nder\" \/>\n<\/p>\n<p><span class=\"wpcf7-form-control-wrap\" data-name=\"kabul\"><span class=\"wpcf7-form-control wpcf7-acceptance\"><span class=\"wpcf7-list-item\"><label><input type=\"checkbox\" name=\"kabul\" value=\"1\" aria-invalid=\"false\" \/><span class=\"wpcf7-list-item-label\">Bildiriminize en k\u0131sa s\u00fcre i\u00e7inde geri d\u00f6n\u00fc\u015f sa\u011flanacakt\u0131r. <a href=\"https:\/\/www.zoreltekstil.com.tr\/tr\/kisisel-verilerle-ilgili-genel-aydinlatma-metni\/\" target=\"_blank\">Genel Ayd\u0131nlatma Metni<\/a> ve <a href=\"https:\/\/www.zoreltekstil.com.tr\/tr\/sirket-gizlilik-politikasi\/\" target=\"_blank\">KVKK Politikalar\u0131n\u0131<\/a> okudum, anlad\u0131m.<\/span><\/label><\/span><\/span><\/span>\n<\/p><div class=\"wpcf7-response-output\" aria-hidden=\"true\"><\/div>\n<\/form>\n<\/div>\n[\/vc_column_text][\/vc_column][\/vc_row]\n","protected":false},"excerpt":{"rendered":"<p>[vc_row fullwidth=&#8221;true&#8221;][vc_column width=&#8221;3\/12&#8243;][vc_btn title=&#8221;\u015e\u0130RKET G\u0130ZL\u0130L\u0130K POL\u0130T\u0130KASI&#8221; color=&#8221;warning&#8221; size=&#8221;sm&#8221; align=&#8221;center&#8221; button_block=&#8221;true&#8221; link=&#8221;url:https%3A%2F%2Fwww.zoreltekstil.com.tr%2Ftr%2Fsirket-gizlilik-politikasi%2F|title:%C5%9E%C4%B0RKET%20G%C4%B0ZL%C4%B0L%C4%B0K%20POL%C4%B0T%C4%B0KASI||&#8221;][vc_btn title=&#8221;K\u0130\u015e\u0130SEL VER\u0130LERLE \u0130LG\u0130L\u0130 GENEL AYDINLATMA METN\u0130&#8221; color=&#8221;warning&#8221; size=&#8221;sm&#8221; align=&#8221;center&#8221; button_block=&#8221;true&#8221; link=&#8221;url:https%3A%2F%2Fwww.zoreltekstil.com.tr%2Ftr%2Fkisisel-verilerle-ilgili-genel-aydinlatma-metni%2F|title:K%C4%B0%C5%9E%C4%B0SEL%20VER%C4%B0LERLE%20%C4%B0LG%C4%B0L%C4%B0%20GENEL%20AYDINLATMA%20METN%C4%B0||&#8221;][vc_btn title=&#8221;K\u0130\u015e\u0130SEL VER\u0130LER\u0130 SAKLAMA VE \u0130MHA POL\u0130T\u0130KASI&#8221; color=&#8221;warning&#8221; size=&#8221;sm&#8221; align=&#8221;center&#8221; button_block=&#8221;true&#8221; link=&#8221;url:https%3A%2F%2Fwww.zoreltekstil.com.tr%2Ftr%2Fkisisel-verileri-saklama-ve-imha-politikasi%2F|title:K%C4%B0%C5%9E%C4%B0SEL%20VER%C4%B0LER%C4%B0%20SAKLAMA%20VE%20%C4%B0MHA%20POL%C4%B0T%C4%B0KASI||&#8221;][vc_btn title=&#8221;SOSYAL MEDYA KULLANIMI POL\u0130T\u0130KASI&#8221; color=&#8221;warning&#8221; size=&#8221;sm&#8221; align=&#8221;center&#8221; button_block=&#8221;true&#8221; link=&#8221;url:https%3A%2F%2Fwww.zoreltekstil.com.tr%2Ftr%2Fsosyal-medya-kullanimi-politikasi%2F|title:SOSYAL%20MEDYA%20KULLANIMI%20POL%C4%B0T%C4%B0KASI||&#8221;][vc_btn title=&#8221;K\u0130\u015e\u0130SEL VER\u0130LER \u0130\u00c7\u0130N TALEP VE DE\u011eERLEND\u0130RME FORMU&#8221; color=&#8221;warning&#8221; size=&#8221;sm&#8221; align=&#8221;center&#8221; button_block=&#8221;true&#8221; link=&#8221;url:https%3A%2F%2Fwww.zoreltekstil.com.tr%2Ftr%2Fkisisel-veriler-icin-talep-ve-degerlendirme-formu%2F|title:K%C4%B0%C5%9E%C4%B0SEL%20VER%C4%B0LER%20%C4%B0%C3%87%C4%B0N%20TALEP%20VE%20DE%C4%9EERLEND%C4%B0RME%20FORMU||&#8221;][\/vc_column][vc_column width=&#8221;9\/12&#8243;][vc_column_text [&hellip;]<\/p>\n","protected":false},"author":1,"featured_media":0,"parent":0,"menu_order":0,"comment_status":"closed","ping_status":"closed","template":"","meta":{"footnotes":""},"yoast_head":"<!-- This site is optimized with the Yoast SEO plugin v20.11 - https:\/\/yoast.com\/wordpress\/plugins\/seo\/ -->\n<title>K\u0130\u015e\u0130SEL VER\u0130LER \u0130\u00c7\u0130N TALEP VE DE\u011eERLEND\u0130RME FORMU - Havlu, Bornoz, Otel Havlusu | Zorel Tekstil<\/title>\n<meta name=\"robots\" content=\"index, follow, max-snippet:-1, max-image-preview:large, max-video-preview:-1\" \/>\n<link rel=\"canonical\" href=\"https:\/\/www.zoreltekstil.com.tr\/tr\/kisisel-veriler-icin-talep-ve-degerlendirme-formu\/\" \/>\n<meta property=\"og:locale\" content=\"tr_TR\" \/>\n<meta property=\"og:type\" content=\"article\" \/>\n<meta property=\"og:title\" content=\"K\u0130\u015e\u0130SEL VER\u0130LER \u0130\u00c7\u0130N TALEP VE DE\u011eERLEND\u0130RME FORMU - Havlu, Bornoz, Otel Havlusu | Zorel Tekstil\" \/>\n<meta property=\"og:description\" content=\"[vc_row fullwidth=&#8221;true&#8221;][vc_column width=&#8221;3\/12&#8243;][vc_btn title=&#8221;\u015e\u0130RKET G\u0130ZL\u0130L\u0130K POL\u0130T\u0130KASI&#8221; color=&#8221;warning&#8221; size=&#8221;sm&#8221; align=&#8221;center&#8221; button_block=&#8221;true&#8221; link=&#8221;url:https%3A%2F%2Fwww.zoreltekstil.com.tr%2Ftr%2Fsirket-gizlilik-politikasi%2F|title:%C5%9E%C4%B0RKET%20G%C4%B0ZL%C4%B0L%C4%B0K%20POL%C4%B0T%C4%B0KASI||&#8221;][vc_btn title=&#8221;K\u0130\u015e\u0130SEL VER\u0130LERLE \u0130LG\u0130L\u0130 GENEL AYDINLATMA METN\u0130&#8221; color=&#8221;warning&#8221; size=&#8221;sm&#8221; align=&#8221;center&#8221; button_block=&#8221;true&#8221; link=&#8221;url:https%3A%2F%2Fwww.zoreltekstil.com.tr%2Ftr%2Fkisisel-verilerle-ilgili-genel-aydinlatma-metni%2F|title:K%C4%B0%C5%9E%C4%B0SEL%20VER%C4%B0LERLE%20%C4%B0LG%C4%B0L%C4%B0%20GENEL%20AYDINLATMA%20METN%C4%B0||&#8221;][vc_btn title=&#8221;K\u0130\u015e\u0130SEL VER\u0130LER\u0130 SAKLAMA VE \u0130MHA POL\u0130T\u0130KASI&#8221; color=&#8221;warning&#8221; size=&#8221;sm&#8221; align=&#8221;center&#8221; button_block=&#8221;true&#8221; link=&#8221;url:https%3A%2F%2Fwww.zoreltekstil.com.tr%2Ftr%2Fkisisel-verileri-saklama-ve-imha-politikasi%2F|title:K%C4%B0%C5%9E%C4%B0SEL%20VER%C4%B0LER%C4%B0%20SAKLAMA%20VE%20%C4%B0MHA%20POL%C4%B0T%C4%B0KASI||&#8221;][vc_btn title=&#8221;SOSYAL MEDYA KULLANIMI POL\u0130T\u0130KASI&#8221; color=&#8221;warning&#8221; size=&#8221;sm&#8221; align=&#8221;center&#8221; button_block=&#8221;true&#8221; link=&#8221;url:https%3A%2F%2Fwww.zoreltekstil.com.tr%2Ftr%2Fsosyal-medya-kullanimi-politikasi%2F|title:SOSYAL%20MEDYA%20KULLANIMI%20POL%C4%B0T%C4%B0KASI||&#8221;][vc_btn title=&#8221;K\u0130\u015e\u0130SEL VER\u0130LER \u0130\u00c7\u0130N TALEP VE DE\u011eERLEND\u0130RME FORMU&#8221; color=&#8221;warning&#8221; size=&#8221;sm&#8221; align=&#8221;center&#8221; button_block=&#8221;true&#8221; link=&#8221;url:https%3A%2F%2Fwww.zoreltekstil.com.tr%2Ftr%2Fkisisel-veriler-icin-talep-ve-degerlendirme-formu%2F|title:K%C4%B0%C5%9E%C4%B0SEL%20VER%C4%B0LER%20%C4%B0%C3%87%C4%B0N%20TALEP%20VE%20DE%C4%9EERLEND%C4%B0RME%20FORMU||&#8221;][\/vc_column][vc_column width=&#8221;9\/12&#8243;][vc_column_text [&hellip;]\" \/>\n<meta property=\"og:url\" content=\"https:\/\/www.zoreltekstil.com.tr\/tr\/kisisel-veriler-icin-talep-ve-degerlendirme-formu\/\" \/>\n<meta property=\"og:site_name\" content=\"Havlu, Bornoz, Otel Havlusu | Zorel Tekstil\" \/>\n<meta property=\"article:modified_time\" content=\"2021-01-08T08:49:20+00:00\" \/>\n<meta name=\"twitter:card\" content=\"summary_large_image\" \/>\n<meta name=\"twitter:label1\" content=\"Tahmini okuma s\u00fcresi\" \/>\n\t<meta name=\"twitter:data1\" content=\"2 dakika\" \/>\n<script type=\"application\/ld+json\" class=\"yoast-schema-graph\">{\"@context\":\"https:\/\/schema.org\",\"@graph\":[{\"@type\":\"WebPage\",\"@id\":\"https:\/\/www.zoreltekstil.com.tr\/tr\/kisisel-veriler-icin-talep-ve-degerlendirme-formu\/\",\"url\":\"https:\/\/www.zoreltekstil.com.tr\/tr\/kisisel-veriler-icin-talep-ve-degerlendirme-formu\/\",\"name\":\"K\u0130\u015e\u0130SEL VER\u0130LER \u0130\u00c7\u0130N TALEP VE DE\u011eERLEND\u0130RME FORMU - Havlu, Bornoz, Otel Havlusu | Zorel Tekstil\",\"isPartOf\":{\"@id\":\"https:\/\/www.zoreltekstil.com.tr\/tr\/#website\"},\"datePublished\":\"2021-01-06T08:22:08+00:00\",\"dateModified\":\"2021-01-08T08:49:20+00:00\",\"breadcrumb\":{\"@id\":\"https:\/\/www.zoreltekstil.com.tr\/tr\/kisisel-veriler-icin-talep-ve-degerlendirme-formu\/#breadcrumb\"},\"inLanguage\":\"tr\",\"potentialAction\":[{\"@type\":\"ReadAction\",\"target\":[\"https:\/\/www.zoreltekstil.com.tr\/tr\/kisisel-veriler-icin-talep-ve-degerlendirme-formu\/\"]}]},{\"@type\":\"BreadcrumbList\",\"@id\":\"https:\/\/www.zoreltekstil.com.tr\/tr\/kisisel-veriler-icin-talep-ve-degerlendirme-formu\/#breadcrumb\",\"itemListElement\":[{\"@type\":\"ListItem\",\"position\":1,\"name\":\"Home\",\"item\":\"https:\/\/www.zoreltekstil.com.tr\/tr\/\"},{\"@type\":\"ListItem\",\"position\":2,\"name\":\"K\u0130\u015e\u0130SEL VER\u0130LER \u0130\u00c7\u0130N TALEP VE DE\u011eERLEND\u0130RME FORMU\"}]},{\"@type\":\"WebSite\",\"@id\":\"https:\/\/www.zoreltekstil.com.tr\/tr\/#website\",\"url\":\"https:\/\/www.zoreltekstil.com.tr\/tr\/\",\"name\":\"Havlu, Bornoz, Otel Havlusu | Zorel Tekstil\",\"description\":\"\",\"potentialAction\":[{\"@type\":\"SearchAction\",\"target\":{\"@type\":\"EntryPoint\",\"urlTemplate\":\"https:\/\/www.zoreltekstil.com.tr\/tr\/?s={search_term_string}\"},\"query-input\":\"required name=search_term_string\"}],\"inLanguage\":\"tr\"}]}<\/script>\n<!-- \/ Yoast SEO plugin. -->","yoast_head_json":{"title":"K\u0130\u015e\u0130SEL VER\u0130LER \u0130\u00c7\u0130N TALEP VE DE\u011eERLEND\u0130RME FORMU - Havlu, Bornoz, Otel Havlusu | Zorel Tekstil","robots":{"index":"index","follow":"follow","max-snippet":"max-snippet:-1","max-image-preview":"max-image-preview:large","max-video-preview":"max-video-preview:-1"},"canonical":"https:\/\/www.zoreltekstil.com.tr\/tr\/kisisel-veriler-icin-talep-ve-degerlendirme-formu\/","og_locale":"tr_TR","og_type":"article","og_title":"K\u0130\u015e\u0130SEL VER\u0130LER \u0130\u00c7\u0130N TALEP VE DE\u011eERLEND\u0130RME FORMU - Havlu, Bornoz, Otel Havlusu | Zorel Tekstil","og_description":"[vc_row fullwidth=&#8221;true&#8221;][vc_column width=&#8221;3\/12&#8243;][vc_btn title=&#8221;\u015e\u0130RKET G\u0130ZL\u0130L\u0130K POL\u0130T\u0130KASI&#8221; color=&#8221;warning&#8221; size=&#8221;sm&#8221; align=&#8221;center&#8221; button_block=&#8221;true&#8221; link=&#8221;url:https%3A%2F%2Fwww.zoreltekstil.com.tr%2Ftr%2Fsirket-gizlilik-politikasi%2F|title:%C5%9E%C4%B0RKET%20G%C4%B0ZL%C4%B0L%C4%B0K%20POL%C4%B0T%C4%B0KASI||&#8221;][vc_btn title=&#8221;K\u0130\u015e\u0130SEL VER\u0130LERLE \u0130LG\u0130L\u0130 GENEL AYDINLATMA METN\u0130&#8221; color=&#8221;warning&#8221; size=&#8221;sm&#8221; align=&#8221;center&#8221; button_block=&#8221;true&#8221; link=&#8221;url:https%3A%2F%2Fwww.zoreltekstil.com.tr%2Ftr%2Fkisisel-verilerle-ilgili-genel-aydinlatma-metni%2F|title:K%C4%B0%C5%9E%C4%B0SEL%20VER%C4%B0LERLE%20%C4%B0LG%C4%B0L%C4%B0%20GENEL%20AYDINLATMA%20METN%C4%B0||&#8221;][vc_btn title=&#8221;K\u0130\u015e\u0130SEL VER\u0130LER\u0130 SAKLAMA VE \u0130MHA POL\u0130T\u0130KASI&#8221; color=&#8221;warning&#8221; size=&#8221;sm&#8221; align=&#8221;center&#8221; button_block=&#8221;true&#8221; link=&#8221;url:https%3A%2F%2Fwww.zoreltekstil.com.tr%2Ftr%2Fkisisel-verileri-saklama-ve-imha-politikasi%2F|title:K%C4%B0%C5%9E%C4%B0SEL%20VER%C4%B0LER%C4%B0%20SAKLAMA%20VE%20%C4%B0MHA%20POL%C4%B0T%C4%B0KASI||&#8221;][vc_btn title=&#8221;SOSYAL MEDYA KULLANIMI POL\u0130T\u0130KASI&#8221; color=&#8221;warning&#8221; size=&#8221;sm&#8221; align=&#8221;center&#8221; button_block=&#8221;true&#8221; link=&#8221;url:https%3A%2F%2Fwww.zoreltekstil.com.tr%2Ftr%2Fsosyal-medya-kullanimi-politikasi%2F|title:SOSYAL%20MEDYA%20KULLANIMI%20POL%C4%B0T%C4%B0KASI||&#8221;][vc_btn title=&#8221;K\u0130\u015e\u0130SEL VER\u0130LER \u0130\u00c7\u0130N TALEP VE DE\u011eERLEND\u0130RME FORMU&#8221; color=&#8221;warning&#8221; size=&#8221;sm&#8221; align=&#8221;center&#8221; button_block=&#8221;true&#8221; link=&#8221;url:https%3A%2F%2Fwww.zoreltekstil.com.tr%2Ftr%2Fkisisel-veriler-icin-talep-ve-degerlendirme-formu%2F|title:K%C4%B0%C5%9E%C4%B0SEL%20VER%C4%B0LER%20%C4%B0%C3%87%C4%B0N%20TALEP%20VE%20DE%C4%9EERLEND%C4%B0RME%20FORMU||&#8221;][\/vc_column][vc_column width=&#8221;9\/12&#8243;][vc_column_text [&hellip;]","og_url":"https:\/\/www.zoreltekstil.com.tr\/tr\/kisisel-veriler-icin-talep-ve-degerlendirme-formu\/","og_site_name":"Havlu, Bornoz, Otel Havlusu | Zorel Tekstil","article_modified_time":"2021-01-08T08:49:20+00:00","twitter_card":"summary_large_image","twitter_misc":{"Tahmini okuma s\u00fcresi":"2 dakika"},"schema":{"@context":"https:\/\/schema.org","@graph":[{"@type":"WebPage","@id":"https:\/\/www.zoreltekstil.com.tr\/tr\/kisisel-veriler-icin-talep-ve-degerlendirme-formu\/","url":"https:\/\/www.zoreltekstil.com.tr\/tr\/kisisel-veriler-icin-talep-ve-degerlendirme-formu\/","name":"K\u0130\u015e\u0130SEL VER\u0130LER \u0130\u00c7\u0130N TALEP VE DE\u011eERLEND\u0130RME FORMU - Havlu, Bornoz, Otel Havlusu | Zorel Tekstil","isPartOf":{"@id":"https:\/\/www.zoreltekstil.com.tr\/tr\/#website"},"datePublished":"2021-01-06T08:22:08+00:00","dateModified":"2021-01-08T08:49:20+00:00","breadcrumb":{"@id":"https:\/\/www.zoreltekstil.com.tr\/tr\/kisisel-veriler-icin-talep-ve-degerlendirme-formu\/#breadcrumb"},"inLanguage":"tr","potentialAction":[{"@type":"ReadAction","target":["https:\/\/www.zoreltekstil.com.tr\/tr\/kisisel-veriler-icin-talep-ve-degerlendirme-formu\/"]}]},{"@type":"BreadcrumbList","@id":"https:\/\/www.zoreltekstil.com.tr\/tr\/kisisel-veriler-icin-talep-ve-degerlendirme-formu\/#breadcrumb","itemListElement":[{"@type":"ListItem","position":1,"name":"Home","item":"https:\/\/www.zoreltekstil.com.tr\/tr\/"},{"@type":"ListItem","position":2,"name":"K\u0130\u015e\u0130SEL VER\u0130LER \u0130\u00c7\u0130N TALEP VE DE\u011eERLEND\u0130RME FORMU"}]},{"@type":"WebSite","@id":"https:\/\/www.zoreltekstil.com.tr\/tr\/#website","url":"https:\/\/www.zoreltekstil.com.tr\/tr\/","name":"Havlu, Bornoz, Otel Havlusu | Zorel Tekstil","description":"","potentialAction":[{"@type":"SearchAction","target":{"@type":"EntryPoint","urlTemplate":"https:\/\/www.zoreltekstil.com.tr\/tr\/?s={search_term_string}"},"query-input":"required name=search_term_string"}],"inLanguage":"tr"}]}},"_links":{"self":[{"href":"https:\/\/www.zoreltekstil.com.tr\/tr\/wp-json\/wp\/v2\/pages\/10770"}],"collection":[{"href":"https:\/\/www.zoreltekstil.com.tr\/tr\/wp-json\/wp\/v2\/pages"}],"about":[{"href":"https:\/\/www.zoreltekstil.com.tr\/tr\/wp-json\/wp\/v2\/types\/page"}],"author":[{"embeddable":true,"href":"https:\/\/www.zoreltekstil.com.tr\/tr\/wp-json\/wp\/v2\/users\/1"}],"replies":[{"embeddable":true,"href":"https:\/\/www.zoreltekstil.com.tr\/tr\/wp-json\/wp\/v2\/comments?post=10770"}],"version-history":[{"count":5,"href":"https:\/\/www.zoreltekstil.com.tr\/tr\/wp-json\/wp\/v2\/pages\/10770\/revisions"}],"predecessor-version":[{"id":10810,"href":"https:\/\/www.zoreltekstil.com.tr\/tr\/wp-json\/wp\/v2\/pages\/10770\/revisions\/10810"}],"wp:attachment":[{"href":"https:\/\/www.zoreltekstil.com.tr\/tr\/wp-json\/wp\/v2\/media?parent=10770"}],"curies":[{"name":"wp","href":"https:\/\/api.w.org\/{rel}","templated":true}]}}