{"id":10739,"date":"2019-09-04T15:49:40","date_gmt":"2019-09-04T12:49:40","guid":{"rendered":"https:\/\/www.zoreltekstil.com.tr\/tr\/?page_id=10739"},"modified":"2019-09-04T15:51:43","modified_gmt":"2019-09-04T12:51:43","slug":"cerez-politikasi","status":"publish","type":"page","link":"https:\/\/www.zoreltekstil.com.tr\/tr\/cerez-politikasi\/","title":{"rendered":"\u00c7erez Politikas\u0131"},"content":{"rendered":"<p><span style=\"color: #000000;\"><strong>Zorel Tekstil \u00c7erez Politikalar\u0131<\/strong><\/span><\/p>\n<p><span style=\"color: #000000;\"><strong>\u00c7erez Nedir?<\/strong><\/span><\/p>\n<p><span style=\"color: #000000;\">\u00c7erez veya bilinen ismiyle \u201ccookie\u201d, mobil ve masa\u00fcst\u00fc cihazlar kullanarak sitelerimizi (zoreltekstil.com.tr) ziyaret etti\u011finizde bilgisayar\u0131n\u0131z veya mobil cihaz\u0131n\u0131za (ak\u0131ll\u0131 telefon, tablet gibi) kaydedilen k\u00fc\u00e7\u00fck metin dosyas\u0131 veya bilgilerdir. \u00c7erezler genellikle geldikleri internet site isimlerini, kullan\u0131m \u00f6m\u00fcrlerini (cihaz\u0131n\u0131zda ne kadar s\u00fcre ile kalaca\u011f\u0131n\u0131) ve rastgele verilen say\u0131lardan olu\u015fan de\u011ferler i\u00e7erir.<\/span><\/p>\n<p><span style=\"color: #000000;\"><strong>Ne i\u00e7in Kullan\u0131yoruz?<\/strong><\/span><\/p>\n<p><span style=\"color: #000000;\">\u00c7erezleri, sitelerimizin daha kolay kullan\u0131lmas\u0131, sizin ilgi ve ihtiya\u00e7lar\u0131n\u0131za g\u00f6re ayarlanmas\u0131 ve kullan\u0131c\u0131lar\u0131m\u0131za ak\u0131ll\u0131 reklam g\u00f6sterimi i\u00e7in ki\u015fiselle\u015ftirme amac\u0131yla kullan\u0131yoruz. \u0130nternet siteleri bu \u00e7erez dosyalar\u0131 okuyup yazabiliyorlar ve bu sayede tan\u0131nman\u0131z ve size daha uygun bir internet sitesi sunulmas\u0131 amac\u0131yla sizinle ilgili \u00f6nemli bilgilerin hat\u0131rlanmas\u0131 sa\u011flan\u0131yor (tercih ayarlar\u0131n\u0131z\u0131n hat\u0131rlanmas\u0131 gibi).<\/span><\/p>\n<p><span style=\"color: #000000;\">\u00c7erezler ayr\u0131ca, sitelerimiz \u00fczerinde gelecekteki hareketlerinizin h\u0131zlanmas\u0131na da yard\u0131mc\u0131 olur. Bunlara ek olarak, ziyaret\u00e7ilerin sitelerimizi nas\u0131l kulland\u0131\u011f\u0131n\u0131 anlamak ve sitelerimizin tasar\u0131m\u0131 ile kullan\u0131\u015fl\u0131l\u0131\u011f\u0131n\u0131 geli\u015ftirmek amac\u0131yla \u00e7erezleri sitelerimizin kullan\u0131m\u0131 hakk\u0131nda istatistiksel bilgiler toplamak i\u00e7in de kullanabiliriz.<\/span><\/p>\n<p><span style=\"color: #000000;\"><strong>Hangi T\u00fcrlerini Kullan\u0131yoruz?<\/strong><\/span><\/p>\n<p><span style=\"color: #000000;\">Oturum \u00e7erezleri (session cookies) ve kal\u0131c\u0131 \u00e7erezler (persistent cookies) olmak \u00fczere sitelerimiz genelinde iki t\u00fcr \u00e7erez kullanmaktay\u0131z. Oturum \u00e7erezleri ge\u00e7ici \u00e7erezler olup sadece taray\u0131c\u0131n\u0131z\u0131 kapat\u0131ncaya kadar ge\u00e7erlidirler. Kal\u0131c\u0131 \u00e7erezler siz silinceye veya s\u00fcreleri doluncaya (bu \u015fekilde \u00e7erezlerin cihaz\u0131nda ne kadar kalaca\u011f\u0131, \u00e7erezlerin &#8220;kullan\u0131m \u00f6m\u00fcrlerine&#8221; ba\u011fl\u0131 olacakt\u0131r) kadar sabit diskinizde kal\u0131rlar.<\/span><\/p>\n<p><span style=\"color: #000000;\"><strong>\u00dc\u00e7\u00fcnc\u00fc Parti \u00c7erezleri (3th Party Cookies)<\/strong><\/span><\/p>\n<p><span style=\"color: #000000;\">\u0130\u015f ortaklar\u0131m\u0131z, reklam platformlar\u0131, sosyal medya platformlar\u0131 ile analitik bilgileri toplama hizmeti veren, sitemiz genelinde kullan\u0131lan bu servis sa\u011flay\u0131c\u0131lar hizmetlerini sunabilmeleri i\u00e7in sitelerimizi ziyaret etti\u011finizde, bizim yerimize cihazlar\u0131n\u0131za \u00e7erez kaydetmelerine izin verebiliriz. Bu \u00e7erezler hakk\u0131nda daha fazla bilgi edinmek ve bu \u00e7erezlerin nas\u0131l kontrol edilece\u011fine ili\u015fkin ayr\u0131nt\u0131l\u0131 bilgi i\u00e7in, l\u00fctfen bu \u00fc\u00e7\u00fcnc\u00fc parti kurum ve kurulu\u015flar\u0131n gizlilik politikalar\u0131n\u0131 veya \u00e7erez politikalar\u0131n\u0131 inceleyiniz.<\/span><\/p>\n<p>&nbsp;<\/p>\n<table style=\"height: 779px;\" width=\"879\">\n<tbody>\n<tr>\n<td colspan=\"4\"><span style=\"color: #000000;\"><strong>PERFORMANS<\/strong><\/span><\/td>\n<\/tr>\n<tr>\n<td width=\"20%\"><span style=\"color: #000000;\"><strong>Kullan\u0131lan \u00c7erez<\/strong><\/span><\/td>\n<td width=\"50%\"><span style=\"color: #000000;\"><strong>Ne \u0130\u015fe Yarar?<\/strong><\/span><\/td>\n<td width=\"20%\"><span style=\"color: #000000;\"><strong>Kullan\u0131m \u00d6mr\u00fc<\/strong><\/span><\/td>\n<td width=\"10%\"><span style=\"color: #000000;\"><strong>Ayr\u0131nt\u0131lar<\/strong><\/span><\/td>\n<\/tr>\n<tr>\n<td><span style=\"color: #000000;\">\u0130zleme\/Analiz<\/span><\/td>\n<td><span style=\"color: #000000;\">Zorel Tekstil sitesi i\u00e7erisinde nerelerde gezindi\u011finiz ve neler yapt\u0131\u011f\u0131n\u0131z hakk\u0131nda isimsiz (anonim) toplu veriler sa\u011flar<\/span><\/td>\n<td><span style=\"color: #000000;\">Kal\u0131c\u0131, oturum ve 3. parti<\/span><\/td>\n<td><span style=\"color: #000000;\">Google Analytics<\/span><br \/>\n<span style=\"color: #000000;\">YouTube \u0130zlenmesi<\/span><br \/>\n<span style=\"color: #000000;\">Gemius<\/span><br \/>\n<span style=\"color: #000000;\">Comscore<\/span><\/td>\n<\/tr>\n<tr>\n<td colspan=\"4\"><span style=\"color: #000000;\"><strong>\u0130\u015eLEVSELL\u0130K<\/strong><\/span><\/td>\n<\/tr>\n<tr>\n<td><span style=\"color: #000000;\">Sosyal Medya \/ Payla\u015f\u0131m<\/span><\/td>\n<td><span style=\"color: #000000;\">Yorumlar\u0131, sayfalar\u0131, yer imlerini payla\u015fman\u0131z\u0131 sa\u011flar ve sosyal a\u011flar ile sosyal ara\u00e7lara daha kolay eri\u015fim sunmaya yard\u0131mc\u0131 olur.<\/span><\/td>\n<td><span style=\"color: #000000;\">3. parti<\/span><\/td>\n<td><span style=\"color: #000000;\">Facebook<\/span><br \/>\n<span style=\"color: #000000;\">Twitter<\/span><br \/>\n<span style=\"color: #000000;\">YouTube<\/span><\/td>\n<\/tr>\n<tr>\n<td colspan=\"4\"><span style=\"color: #000000;\"><strong>HEDEFLEME ve REKLAM<\/strong><\/span><\/td>\n<\/tr>\n<tr>\n<td><span style=\"color: #000000;\">Siteler aras\u0131 izleme<\/span><\/td>\n<td><span style=\"color: #000000;\">Ziyaret\u00e7iler hakk\u0131nda, Zorel Tekstil web sitesinden \u00f6nce ve sonra ziyaret edilen siteler gibi isimsiz (anonim)bilgiler sa\u011flar.<\/span><\/td>\n<td><span style=\"color: #000000;\">Kal\u0131c\u0131, oturum ve 3. parti<\/span><\/td>\n<td><span style=\"color: #000000;\">doubleclick.net:<\/span><br \/>\n<span style=\"color: #000000;\">adform.com<\/span><br \/>\n<span style=\"color: #000000;\">1DMP<\/span><br \/>\n<span style=\"color: #000000;\">1DMC<\/span><\/td>\n<\/tr>\n<tr>\n<td colspan=\"4\"><span style=\"color: #000000;\"><strong>TERC\u0130H<\/strong><\/span><\/td>\n<\/tr>\n<tr>\n<td><span style=\"color: #000000;\">Konum<\/span><\/td>\n<td><span style=\"color: #000000;\">Kullan\u0131c\u0131n\u0131n IP adresi sayesinde yakla\u015f\u0131k adresinin (\u015fehir, il\u00e7e, posta kodu) belirlenmesini ve kullan\u0131c\u0131n\u0131n i\u00e7erik ve reklam tercihlerine g\u00f6re en uygun olanlar\u0131n\u0131 kullan\u0131c\u0131ya sunulmas\u0131n\u0131 sa\u011flar.<\/span><\/td>\n<td><span style=\"color: #000000;\">Oturum, 3.parti<\/span><\/td>\n<td><span style=\"color: #000000;\">Mobil Reklam platformlar\u0131<\/span><\/td>\n<\/tr>\n<tr>\n<td colspan=\"4\"><span style=\"color: #000000;\"><strong>ANAL\u0130T\u0130K<\/strong><\/span><\/td>\n<\/tr>\n<tr>\n<td><span style=\"color: #000000;\">Google Analitikleri<\/span><\/td>\n<td><span style=\"color: #000000;\">Bu t\u00fcr \u00e7erezler t\u00fcm istatistiksel verilerin toplanmas\u0131n\u0131 bu \u015fekilde Sitenin sunumunun ve kullan\u0131m\u0131n\u0131n geli\u015ftirilmesini sa\u011flar. Google, bu istatistiklere toplumsal istatistikler ve ilgilere ili\u015fkin veriler eklemek suretiyle, kullan\u0131c\u0131lar\u0131 daha iyi anlamam\u0131z\u0131 sa\u011flar.<\/span><\/td>\n<td><span style=\"color: #000000;\">Kal\u0131c\u0131, oturum ve 3.part<\/span><\/td>\n<td><span style=\"color: #000000;\">Google Analytics<\/span><\/td>\n<\/tr>\n<\/tbody>\n<\/table>\n<p><span style=\"color: #000000;\"><strong>\u00c7erezleri nas\u0131l kontrol edebilir veya silebilirsiniz?<\/strong><\/span><\/p>\n<p><span style=\"color: #000000;\">Bir\u00e7ok internet taray\u0131c\u0131s\u0131, varsay\u0131lan olarak \u00e7erezleri otomatik olarak kabul etmeye ayarl\u0131d\u0131r.Bu ayarlar\u0131, \u00e7erezleri engelleyecek veya cihaz\u0131n\u0131za \u00e7erez g\u00f6nderildi\u011finde uyar\u0131 verecek \u015fekilde de\u011fi\u015ftirebilirsiniz. \u00c7erezleri y\u00f6netmenin birka\u00e7 yolu bulunmaktad\u0131r.Taray\u0131c\u0131 ayarlar\u0131n\u0131z\u0131 nas\u0131l d\u00fczenleyece\u011finiz hakk\u0131nda ayr\u0131nt\u0131l\u0131 bilgi almak i\u00e7in l\u00fctfen taray\u0131c\u0131n\u0131z\u0131n talimat veya yard\u0131m ekran\u0131na ba\u015fvurun.<\/span><\/p>\n<p><span style=\"color: #000000;\">E\u011fer kulland\u0131\u011f\u0131m\u0131z \u00e7erezleri devre d\u0131\u015f\u0131 b\u0131rak\u0131rsan\u0131z, bu eylem Zorel Tekstil sitelerindeki kullan\u0131c\u0131 deneyiminizi etkileyebilir; \u00f6rne\u011fin Zorel Tekstil sitesinin belirli b\u00f6l\u00fcmlerini g\u00f6r\u00fcnt\u00fcleyemeyebilir veya bir Zorel Tekstil sitesini ziyaret etti\u011finizde sizin i\u00e7in \u00f6zelle\u015ftirilmi\u015f olan bilgilere ula\u015famayabilirsiniz.<\/span><\/p>\n<p><span style=\"color: #000000;\">Zorel Tekstil sitelerini g\u00f6r\u00fcnt\u00fclemek i\u00e7in farkl\u0131 cihazlar kullan\u0131yorsan\u0131z (\u00f6r. bilgisayar, ak\u0131ll\u0131 telefon, tablet vb.), bu cihazlar\u0131n her birindeki her taray\u0131c\u0131n\u0131n \u00e7erez tercihlerinize uygun \u015fekilde ayarlanm\u0131\u015f oldu\u011fundan emin olman\u0131z gerekir.<\/span><\/p>\n<p>&nbsp;<\/p>\n","protected":false},"excerpt":{"rendered":"<p>Zorel Tekstil \u00c7erez Politikalar\u0131 \u00c7erez Nedir? \u00c7erez veya bilinen ismiyle \u201ccookie\u201d, mobil ve masa\u00fcst\u00fc cihazlar kullanarak sitelerimizi (zoreltekstil.com.tr) ziyaret etti\u011finizde bilgisayar\u0131n\u0131z veya mobil cihaz\u0131n\u0131za (ak\u0131ll\u0131 telefon, tablet gibi) kaydedilen k\u00fc\u00e7\u00fck metin dosyas\u0131 veya bilgilerdir. \u00c7erezler genellikle geldikleri internet site isimlerini, kullan\u0131m \u00f6m\u00fcrlerini (cihaz\u0131n\u0131zda ne kadar s\u00fcre ile kalaca\u011f\u0131n\u0131) ve rastgele verilen say\u0131lardan olu\u015fan de\u011ferler i\u00e7erir. [&hellip;]<\/p>\n","protected":false},"author":1,"featured_media":0,"parent":0,"menu_order":0,"comment_status":"closed","ping_status":"closed","template":"","meta":{"footnotes":""},"yoast_head":"<!-- This site is optimized with the Yoast SEO plugin v20.11 - https:\/\/yoast.com\/wordpress\/plugins\/seo\/ -->\n<title>\u00c7erez Politikas\u0131 - Havlu, Bornoz, Otel Havlusu | Zorel Tekstil<\/title>\n<meta name=\"robots\" content=\"index, follow, max-snippet:-1, max-image-preview:large, max-video-preview:-1\" \/>\n<link rel=\"canonical\" href=\"https:\/\/www.zoreltekstil.com.tr\/tr\/cerez-politikasi\/\" \/>\n<meta property=\"og:locale\" content=\"tr_TR\" \/>\n<meta property=\"og:type\" content=\"article\" \/>\n<meta property=\"og:title\" content=\"\u00c7erez Politikas\u0131 - Havlu, Bornoz, Otel Havlusu | Zorel Tekstil\" \/>\n<meta property=\"og:description\" content=\"Zorel Tekstil \u00c7erez Politikalar\u0131 \u00c7erez Nedir? \u00c7erez veya bilinen ismiyle \u201ccookie\u201d, mobil ve masa\u00fcst\u00fc cihazlar kullanarak sitelerimizi (zoreltekstil.com.tr) ziyaret etti\u011finizde bilgisayar\u0131n\u0131z veya mobil cihaz\u0131n\u0131za (ak\u0131ll\u0131 telefon, tablet gibi) kaydedilen k\u00fc\u00e7\u00fck metin dosyas\u0131 veya bilgilerdir. \u00c7erezler genellikle geldikleri internet site isimlerini, kullan\u0131m \u00f6m\u00fcrlerini (cihaz\u0131n\u0131zda ne kadar s\u00fcre ile kalaca\u011f\u0131n\u0131) ve rastgele verilen say\u0131lardan olu\u015fan de\u011ferler i\u00e7erir. [&hellip;]\" \/>\n<meta property=\"og:url\" content=\"https:\/\/www.zoreltekstil.com.tr\/tr\/cerez-politikasi\/\" \/>\n<meta property=\"og:site_name\" content=\"Havlu, Bornoz, Otel Havlusu | Zorel Tekstil\" \/>\n<meta property=\"article:modified_time\" content=\"2019-09-04T12:51:43+00:00\" \/>\n<meta name=\"twitter:card\" content=\"summary_large_image\" \/>\n<meta name=\"twitter:label1\" content=\"Tahmini okuma s\u00fcresi\" \/>\n\t<meta name=\"twitter:data1\" content=\"4 dakika\" \/>\n<script type=\"application\/ld+json\" class=\"yoast-schema-graph\">{\"@context\":\"https:\/\/schema.org\",\"@graph\":[{\"@type\":\"WebPage\",\"@id\":\"https:\/\/www.zoreltekstil.com.tr\/tr\/cerez-politikasi\/\",\"url\":\"https:\/\/www.zoreltekstil.com.tr\/tr\/cerez-politikasi\/\",\"name\":\"\u00c7erez Politikas\u0131 - Havlu, Bornoz, Otel Havlusu | Zorel Tekstil\",\"isPartOf\":{\"@id\":\"https:\/\/www.zoreltekstil.com.tr\/tr\/#website\"},\"datePublished\":\"2019-09-04T12:49:40+00:00\",\"dateModified\":\"2019-09-04T12:51:43+00:00\",\"breadcrumb\":{\"@id\":\"https:\/\/www.zoreltekstil.com.tr\/tr\/cerez-politikasi\/#breadcrumb\"},\"inLanguage\":\"tr\",\"potentialAction\":[{\"@type\":\"ReadAction\",\"target\":[\"https:\/\/www.zoreltekstil.com.tr\/tr\/cerez-politikasi\/\"]}]},{\"@type\":\"BreadcrumbList\",\"@id\":\"https:\/\/www.zoreltekstil.com.tr\/tr\/cerez-politikasi\/#breadcrumb\",\"itemListElement\":[{\"@type\":\"ListItem\",\"position\":1,\"name\":\"Home\",\"item\":\"https:\/\/www.zoreltekstil.com.tr\/tr\/\"},{\"@type\":\"ListItem\",\"position\":2,\"name\":\"\u00c7erez Politikas\u0131\"}]},{\"@type\":\"WebSite\",\"@id\":\"https:\/\/www.zoreltekstil.com.tr\/tr\/#website\",\"url\":\"https:\/\/www.zoreltekstil.com.tr\/tr\/\",\"name\":\"Havlu, Bornoz, Otel Havlusu | Zorel Tekstil\",\"description\":\"\",\"potentialAction\":[{\"@type\":\"SearchAction\",\"target\":{\"@type\":\"EntryPoint\",\"urlTemplate\":\"https:\/\/www.zoreltekstil.com.tr\/tr\/?s={search_term_string}\"},\"query-input\":\"required name=search_term_string\"}],\"inLanguage\":\"tr\"}]}<\/script>\n<!-- \/ Yoast SEO plugin. -->","yoast_head_json":{"title":"\u00c7erez Politikas\u0131 - Havlu, Bornoz, Otel Havlusu | Zorel Tekstil","robots":{"index":"index","follow":"follow","max-snippet":"max-snippet:-1","max-image-preview":"max-image-preview:large","max-video-preview":"max-video-preview:-1"},"canonical":"https:\/\/www.zoreltekstil.com.tr\/tr\/cerez-politikasi\/","og_locale":"tr_TR","og_type":"article","og_title":"\u00c7erez Politikas\u0131 - Havlu, Bornoz, Otel Havlusu | Zorel Tekstil","og_description":"Zorel Tekstil \u00c7erez Politikalar\u0131 \u00c7erez Nedir? \u00c7erez veya bilinen ismiyle \u201ccookie\u201d, mobil ve masa\u00fcst\u00fc cihazlar kullanarak sitelerimizi (zoreltekstil.com.tr) ziyaret etti\u011finizde bilgisayar\u0131n\u0131z veya mobil cihaz\u0131n\u0131za (ak\u0131ll\u0131 telefon, tablet gibi) kaydedilen k\u00fc\u00e7\u00fck metin dosyas\u0131 veya bilgilerdir. \u00c7erezler genellikle geldikleri internet site isimlerini, kullan\u0131m \u00f6m\u00fcrlerini (cihaz\u0131n\u0131zda ne kadar s\u00fcre ile kalaca\u011f\u0131n\u0131) ve rastgele verilen say\u0131lardan olu\u015fan de\u011ferler i\u00e7erir. [&hellip;]","og_url":"https:\/\/www.zoreltekstil.com.tr\/tr\/cerez-politikasi\/","og_site_name":"Havlu, Bornoz, Otel Havlusu | Zorel Tekstil","article_modified_time":"2019-09-04T12:51:43+00:00","twitter_card":"summary_large_image","twitter_misc":{"Tahmini okuma s\u00fcresi":"4 dakika"},"schema":{"@context":"https:\/\/schema.org","@graph":[{"@type":"WebPage","@id":"https:\/\/www.zoreltekstil.com.tr\/tr\/cerez-politikasi\/","url":"https:\/\/www.zoreltekstil.com.tr\/tr\/cerez-politikasi\/","name":"\u00c7erez Politikas\u0131 - Havlu, Bornoz, Otel Havlusu | Zorel Tekstil","isPartOf":{"@id":"https:\/\/www.zoreltekstil.com.tr\/tr\/#website"},"datePublished":"2019-09-04T12:49:40+00:00","dateModified":"2019-09-04T12:51:43+00:00","breadcrumb":{"@id":"https:\/\/www.zoreltekstil.com.tr\/tr\/cerez-politikasi\/#breadcrumb"},"inLanguage":"tr","potentialAction":[{"@type":"ReadAction","target":["https:\/\/www.zoreltekstil.com.tr\/tr\/cerez-politikasi\/"]}]},{"@type":"BreadcrumbList","@id":"https:\/\/www.zoreltekstil.com.tr\/tr\/cerez-politikasi\/#breadcrumb","itemListElement":[{"@type":"ListItem","position":1,"name":"Home","item":"https:\/\/www.zoreltekstil.com.tr\/tr\/"},{"@type":"ListItem","position":2,"name":"\u00c7erez Politikas\u0131"}]},{"@type":"WebSite","@id":"https:\/\/www.zoreltekstil.com.tr\/tr\/#website","url":"https:\/\/www.zoreltekstil.com.tr\/tr\/","name":"Havlu, Bornoz, Otel Havlusu | Zorel Tekstil","description":"","potentialAction":[{"@type":"SearchAction","target":{"@type":"EntryPoint","urlTemplate":"https:\/\/www.zoreltekstil.com.tr\/tr\/?s={search_term_string}"},"query-input":"required name=search_term_string"}],"inLanguage":"tr"}]}},"_links":{"self":[{"href":"https:\/\/www.zoreltekstil.com.tr\/tr\/wp-json\/wp\/v2\/pages\/10739"}],"collection":[{"href":"https:\/\/www.zoreltekstil.com.tr\/tr\/wp-json\/wp\/v2\/pages"}],"about":[{"href":"https:\/\/www.zoreltekstil.com.tr\/tr\/wp-json\/wp\/v2\/types\/page"}],"author":[{"embeddable":true,"href":"https:\/\/www.zoreltekstil.com.tr\/tr\/wp-json\/wp\/v2\/users\/1"}],"replies":[{"embeddable":true,"href":"https:\/\/www.zoreltekstil.com.tr\/tr\/wp-json\/wp\/v2\/comments?post=10739"}],"version-history":[{"count":3,"href":"https:\/\/www.zoreltekstil.com.tr\/tr\/wp-json\/wp\/v2\/pages\/10739\/revisions"}],"predecessor-version":[{"id":10742,"href":"https:\/\/www.zoreltekstil.com.tr\/tr\/wp-json\/wp\/v2\/pages\/10739\/revisions\/10742"}],"wp:attachment":[{"href":"https:\/\/www.zoreltekstil.com.tr\/tr\/wp-json\/wp\/v2\/media?parent=10739"}],"curies":[{"name":"wp","href":"https:\/\/api.w.org\/{rel}","templated":true}]}}