{"id":9921,"date":"2016-03-04T14:12:54","date_gmt":"2016-03-04T12:12:54","guid":{"rendered":"https:\/\/www.zoreltekstil.com.tr\/de\/?post_type=product&#038;p=9921"},"modified":"2021-05-07T18:47:44","modified_gmt":"2021-05-07T16:47:44","slug":"werbe-handtucher","status":"publish","type":"product","link":"https:\/\/www.zoreltekstil.com.tr\/de\/turkisch-handtuch-bademantel-bettwasche\/werbe-handtucher\/","title":{"rendered":"Werbe Handt\u00fccher"},"content":{"rendered":"<h2 style=\"text-align: center;\"><span style=\"color: #000080; font-family: arial, helvetica, sans-serif;\">WERBE HANDT\u00dcCHER<\/span><\/h2>\n<p><span style=\"font-family: arial, helvetica, sans-serif;\">Allgemein werden Handt\u00fccher mit Stapelstruktur (Frotteet\u00fccher) definiert, vorallem im Badezimmer, Toilette und in der K\u00fcche, sowie auch als Badetuch f\u00fcr den Pool wird es sehr oft benutzt, denn es wird erwartet dass es eine sehr gute Saugf\u00e4higkeit hat und der Stoff weich ist und. <\/span><br \/>\n<span style=\"font-family: arial, helvetica, sans-serif;\"> Die Auswirkung auf Qualit\u00e4t von Handt\u00fcchern wird Garn-Typ, Phall\u00e4nge und Design, Strickerei, die Farbe oder gibt den technischen und praktischen Parameter. Alle Konstruktionsschritte werden im Einklang mit der Kundennachfrage und der Endverwendung Bereich eingestellt. Zum Beispiel, ein Badetuch wird mit unterschiedliche Technik und Design hergestellt als ein Handtuch f\u00fcr ein B\u00fcro.<\/span><\/p>\n<p>&nbsp;<\/p>\n<p><span style=\"font-family: arial, helvetica, sans-serif;\">Wir als ZOREL bieten unsere Produkte nach den Anforderungen unserer Kunden und haben ein grosses Werbe Handt\u00fccher -Design Serie. Diese sind nach Klasse:<\/span><\/p>\n<p><span style=\"font-family: arial, helvetica, sans-serif;\">Druck &amp; F\u00e4rbung, Plain F\u00e4rben, Garn F\u00e4rben und Bedrucken,<\/span><\/p>\n<p><span style=\"font-family: arial, helvetica, sans-serif;\">Art der Produktion; Schaft- und Jacquard Weberei.<\/span><\/p>\n<p><span style=\"font-family: arial, helvetica, sans-serif;\">Stricken- Gestrickte Handt\u00fccher,<\/span><\/p>\n<p><span style=\"font-family: arial, helvetica, sans-serif;\">Design; Waffel, Samt und gestickte Handt\u00fccher.<\/span><\/p>\n<p style=\"text-align: justify;\">\n","protected":false},"excerpt":{"rendered":"<p>WERBE HANDT\u00dcCHER Allgemein werden Handt\u00fccher mit Stapelstruktur (Frotteet\u00fccher) definiert, vorallem im Badezimmer, Toilette und in der K\u00fcche, sowie auch als Badetuch f\u00fcr den Pool wird es sehr oft benutzt, denn es wird erwartet dass es eine sehr gute Saugf\u00e4higkeit hat und der Stoff weich ist und. Die Auswirkung auf Qualit\u00e4t von Handt\u00fcchern wird Garn-Typ, Phall\u00e4nge [&hellip;]<\/p>\n","protected":false},"featured_media":10098,"comment_status":"open","ping_status":"closed","template":"","meta":[],"product_cat":[],"product_tag":[],"yoast_head":"<!-- This site is optimized with the Yoast SEO plugin v20.13 - https:\/\/yoast.com\/wordpress\/plugins\/seo\/ -->\n<title>Werbe Hant\u00fccher<\/title>\n<meta name=\"description\" content=\"Wir als ZOREL bieten unsere Produkte nach den Anforderungen unserer Kunden und haben ein grosses Werbe Handt\u00fccher -Design Serie. Diese sind nach Klasse.\" \/>\n<meta name=\"robots\" content=\"index, follow, max-snippet:-1, max-image-preview:large, max-video-preview:-1\" \/>\n<link rel=\"canonical\" href=\"https:\/\/www.zoreltekstil.com.tr\/de\/turkisch-handtuch-bademantel-bettwasche\/werbe-handtucher\/\" \/>\n<meta property=\"og:locale\" content=\"de_DE\" \/>\n<meta property=\"og:type\" content=\"article\" \/>\n<meta property=\"og:title\" content=\"Werbe Hant\u00fccher\" \/>\n<meta property=\"og:description\" content=\"Wir als ZOREL bieten unsere Produkte nach den Anforderungen unserer Kunden und haben ein grosses Werbe Handt\u00fccher -Design Serie. Diese sind nach Klasse.\" \/>\n<meta property=\"og:url\" content=\"https:\/\/www.zoreltekstil.com.tr\/de\/turkisch-handtuch-bademantel-bettwasche\/werbe-handtucher\/\" \/>\n<meta property=\"og:site_name\" content=\"Zorel Textile Corp. &gt;&gt; Turkisch Handt\u00fccher\" \/>\n<meta property=\"article:modified_time\" content=\"2021-05-07T16:47:44+00:00\" \/>\n<meta property=\"og:image\" content=\"https:\/\/www.zoreltekstil.com.tr\/de\/turkishtextile\/promotional_towel_02.jpg\" \/>\n\t<meta property=\"og:image:width\" content=\"750\" \/>\n\t<meta property=\"og:image:height\" content=\"1000\" \/>\n\t<meta property=\"og:image:type\" content=\"image\/jpeg\" \/>\n<meta name=\"twitter:card\" content=\"summary_large_image\" \/>\n<meta name=\"twitter:label1\" content=\"Gesch\u00e4tzte Lesezeit\" \/>\n\t<meta name=\"twitter:data1\" content=\"1\u00a0Minute\" \/>\n<script type=\"application\/ld+json\" class=\"yoast-schema-graph\">{\"@context\":\"https:\/\/schema.org\",\"@graph\":[{\"@type\":\"WebPage\",\"@id\":\"https:\/\/www.zoreltekstil.com.tr\/de\/turkisch-handtuch-bademantel-bettwasche\/werbe-handtucher\/\",\"url\":\"https:\/\/www.zoreltekstil.com.tr\/de\/turkisch-handtuch-bademantel-bettwasche\/werbe-handtucher\/\",\"name\":\"Werbe Hant\u00fccher\",\"isPartOf\":{\"@id\":\"https:\/\/www.zoreltekstil.com.tr\/de\/#website\"},\"datePublished\":\"2016-03-04T12:12:54+00:00\",\"dateModified\":\"2021-05-07T16:47:44+00:00\",\"description\":\"Wir als ZOREL bieten unsere Produkte nach den Anforderungen unserer Kunden und haben ein grosses Werbe Handt\u00fccher -Design Serie. Diese sind nach Klasse.\",\"breadcrumb\":{\"@id\":\"https:\/\/www.zoreltekstil.com.tr\/de\/turkisch-handtuch-bademantel-bettwasche\/werbe-handtucher\/#breadcrumb\"},\"inLanguage\":\"de\",\"potentialAction\":[{\"@type\":\"ReadAction\",\"target\":[\"https:\/\/www.zoreltekstil.com.tr\/de\/turkisch-handtuch-bademantel-bettwasche\/werbe-handtucher\/\"]}]},{\"@type\":\"BreadcrumbList\",\"@id\":\"https:\/\/www.zoreltekstil.com.tr\/de\/turkisch-handtuch-bademantel-bettwasche\/werbe-handtucher\/#breadcrumb\",\"itemListElement\":[{\"@type\":\"ListItem\",\"position\":1,\"name\":\"T\u00fcrkisch Handtuch &amp; Bademantel &amp; Leinen\",\"item\":\"https:\/\/www.zoreltekstil.com.tr\/de\/\"},{\"@type\":\"ListItem\",\"position\":2,\"name\":\"Produkte\",\"item\":\"https:\/\/www.zoreltekstil.com.tr\/de\/shop\/\"},{\"@type\":\"ListItem\",\"position\":3,\"name\":\"Werbe Handt\u00fccher\"}]},{\"@type\":\"WebSite\",\"@id\":\"https:\/\/www.zoreltekstil.com.tr\/de\/#website\",\"url\":\"https:\/\/www.zoreltekstil.com.tr\/de\/\",\"name\":\"Zorel Textile Corp. &gt;&gt; Turkisch Handt\u00fccher\",\"description\":\"\",\"potentialAction\":[{\"@type\":\"SearchAction\",\"target\":{\"@type\":\"EntryPoint\",\"urlTemplate\":\"https:\/\/www.zoreltekstil.com.tr\/de\/?s={search_term_string}\"},\"query-input\":\"required name=search_term_string\"}],\"inLanguage\":\"de\"}]}<\/script>\n<!-- \/ Yoast SEO plugin. -->","yoast_head_json":{"title":"Werbe Hant\u00fccher","description":"Wir als ZOREL bieten unsere Produkte nach den Anforderungen unserer Kunden und haben ein grosses Werbe Handt\u00fccher -Design Serie. Diese sind nach Klasse.","robots":{"index":"index","follow":"follow","max-snippet":"max-snippet:-1","max-image-preview":"max-image-preview:large","max-video-preview":"max-video-preview:-1"},"canonical":"https:\/\/www.zoreltekstil.com.tr\/de\/turkisch-handtuch-bademantel-bettwasche\/werbe-handtucher\/","og_locale":"de_DE","og_type":"article","og_title":"Werbe Hant\u00fccher","og_description":"Wir als ZOREL bieten unsere Produkte nach den Anforderungen unserer Kunden und haben ein grosses Werbe Handt\u00fccher -Design Serie. Diese sind nach Klasse.","og_url":"https:\/\/www.zoreltekstil.com.tr\/de\/turkisch-handtuch-bademantel-bettwasche\/werbe-handtucher\/","og_site_name":"Zorel Textile Corp. &gt;&gt; Turkisch Handt\u00fccher","article_modified_time":"2021-05-07T16:47:44+00:00","og_image":[{"width":750,"height":1000,"url":"https:\/\/www.zoreltekstil.com.tr\/de\/turkishtextile\/promotional_towel_02.jpg","type":"image\/jpeg"}],"twitter_card":"summary_large_image","twitter_misc":{"Gesch\u00e4tzte Lesezeit":"1\u00a0Minute"},"schema":{"@context":"https:\/\/schema.org","@graph":[{"@type":"WebPage","@id":"https:\/\/www.zoreltekstil.com.tr\/de\/turkisch-handtuch-bademantel-bettwasche\/werbe-handtucher\/","url":"https:\/\/www.zoreltekstil.com.tr\/de\/turkisch-handtuch-bademantel-bettwasche\/werbe-handtucher\/","name":"Werbe Hant\u00fccher","isPartOf":{"@id":"https:\/\/www.zoreltekstil.com.tr\/de\/#website"},"datePublished":"2016-03-04T12:12:54+00:00","dateModified":"2021-05-07T16:47:44+00:00","description":"Wir als ZOREL bieten unsere Produkte nach den Anforderungen unserer Kunden und haben ein grosses Werbe Handt\u00fccher -Design Serie. Diese sind nach Klasse.","breadcrumb":{"@id":"https:\/\/www.zoreltekstil.com.tr\/de\/turkisch-handtuch-bademantel-bettwasche\/werbe-handtucher\/#breadcrumb"},"inLanguage":"de","potentialAction":[{"@type":"ReadAction","target":["https:\/\/www.zoreltekstil.com.tr\/de\/turkisch-handtuch-bademantel-bettwasche\/werbe-handtucher\/"]}]},{"@type":"BreadcrumbList","@id":"https:\/\/www.zoreltekstil.com.tr\/de\/turkisch-handtuch-bademantel-bettwasche\/werbe-handtucher\/#breadcrumb","itemListElement":[{"@type":"ListItem","position":1,"name":"T\u00fcrkisch Handtuch &amp; Bademantel &amp; Leinen","item":"https:\/\/www.zoreltekstil.com.tr\/de\/"},{"@type":"ListItem","position":2,"name":"Produkte","item":"https:\/\/www.zoreltekstil.com.tr\/de\/shop\/"},{"@type":"ListItem","position":3,"name":"Werbe Handt\u00fccher"}]},{"@type":"WebSite","@id":"https:\/\/www.zoreltekstil.com.tr\/de\/#website","url":"https:\/\/www.zoreltekstil.com.tr\/de\/","name":"Zorel Textile Corp. &gt;&gt; Turkisch Handt\u00fccher","description":"","potentialAction":[{"@type":"SearchAction","target":{"@type":"EntryPoint","urlTemplate":"https:\/\/www.zoreltekstil.com.tr\/de\/?s={search_term_string}"},"query-input":"required name=search_term_string"}],"inLanguage":"de"}]}},"_links":{"self":[{"href":"https:\/\/www.zoreltekstil.com.tr\/de\/wp-json\/wp\/v2\/product\/9921"}],"collection":[{"href":"https:\/\/www.zoreltekstil.com.tr\/de\/wp-json\/wp\/v2\/product"}],"about":[{"href":"https:\/\/www.zoreltekstil.com.tr\/de\/wp-json\/wp\/v2\/types\/product"}],"replies":[{"embeddable":true,"href":"https:\/\/www.zoreltekstil.com.tr\/de\/wp-json\/wp\/v2\/comments?post=9921"}],"wp:featuredmedia":[{"embeddable":true,"href":"https:\/\/www.zoreltekstil.com.tr\/de\/wp-json\/wp\/v2\/media\/10098"}],"wp:attachment":[{"href":"https:\/\/www.zoreltekstil.com.tr\/de\/wp-json\/wp\/v2\/media?parent=9921"}],"wp:term":[{"taxonomy":"product_cat","embeddable":true,"href":"https:\/\/www.zoreltekstil.com.tr\/de\/wp-json\/wp\/v2\/product_cat?post=9921"},{"taxonomy":"product_tag","embeddable":true,"href":"https:\/\/www.zoreltekstil.com.tr\/de\/wp-json\/wp\/v2\/product_tag?post=9921"}],"curies":[{"name":"wp","href":"https:\/\/api.w.org\/{rel}","templated":true}]}}