{"id":9657,"date":"2016-02-17T12:06:04","date_gmt":"2016-02-17T10:06:04","guid":{"rendered":"https:\/\/www.zoreltekstil.com.tr\/de\/?post_type=product&#038;p=9657"},"modified":"2016-10-12T15:34:29","modified_gmt":"2016-10-12T13:34:29","slug":"baby-bettwasche","status":"publish","type":"product","link":"https:\/\/www.zoreltekstil.com.tr\/de\/turkisch-handtuch-bademantel-bettwasche\/baby-bettwasche\/","title":{"rendered":"Baby Bettw\u00e4sche"},"content":{"rendered":"<h3 style=\"text-align: center;\"><span style=\"font-family: arial, helvetica, sans-serif; color: #0000ff;\">Baby Bettw\u00e4sche<\/span><\/h3>\n<p><span style=\"font-family: arial, helvetica, sans-serif; color: #000000;\">Wir als ZOREL bieten Ihnen den bequemste Erfahrung, also damit wir Ihnen sch\u00f6ne Tr\u00e4ume liefen k\u00f6nnen, haben wir den Qualit\u00e4t auf dem h\u00f6chstem Niveau gesetzt. Die Serie aus Leinen Baby Bettw\u00e4sche, welch aus Pastell und helle Farben entstehen, schenken Ihnen sch\u00f6ne Ruheminuten. Damit wir mit unserer Baby Bettw\u00e4sche Ihnen den besten Touch bieten k\u00f6nnen, wurden sie aus nat\u00fcrliche Flachfasern und Garn erhalten.<\/span><\/p>\n<p>&nbsp;<\/p>\n<p><span style=\"font-family: arial, helvetica, sans-serif; color: #000000;\">Wir als Zorel Textil verarbeiten der besten Baumwolle und somit erhalten wir hochwertige Handt\u00fccher, Badem\u00e4ntel und Bettw\u00e4sche in unsere Fabrik, wo die \u00e4lteste Geschichte der Baumwolle begonnen hat. Die Entwicklung unserer Produktion in den modernen Anlagen wie zahlreichen Firmen in Denizli wurde mit dem Handel der Textilien begonnen, die in alten Webst\u00fchlen erzeugen werden. <\/span><\/p>\n","protected":false},"excerpt":{"rendered":"<p><span style=\"font-family: 'Georgia',serif; color: black;\">Duvet Cover \u00a0 \u00a0 \u00a0 \u00a0 \u00a0 \u00a0\u00a0 \u00a0: 100 x 150 cm<\/span><\/p>\n<p style=\"line-height: 18.0pt; orphans: auto; text-align: start; widows: 1; -webkit-text-stroke-width: 0px; word-spacing: 0px;\"><span style=\"font-family: 'Georgia',serif; color: black;\">Sheet \u00a0 \u00a0 \u00a0 \u00a0 \u00a0 \u00a0 \u00a0 \u00a0 \u00a0 \u00a0 \u00a0 \u00a0 \u00a0 \u00a0: 120 x 180 cm<\/span><\/p>\n<p style=\"line-height: 18.0pt; orphans: auto; text-align: start; widows: 1; -webkit-text-stroke-width: 0px; word-spacing: 0px;\"><span style=\"font-family: 'Georgia',serif; color: black;\">Std. Pillow Case \u00a0 \u00a0 \u00a0 \u00a0 \u00a0: 35 x 45 cm (1 pcs)<\/span><\/p>\n<p style=\"line-height: 18.0pt; orphans: auto; text-align: start; widows: 1; -webkit-text-stroke-width: 0px; word-spacing: 0px;\"><span style=\"font-family: 'Georgia',serif; color: black;\">Oxf. Pilow Case \u00a0 \u00a0 \u00a0 \u00a0 \u00a0 : 40 x 40 cm (1 pcs) pcs<\/span><\/p>\n<p style=\"line-height: 18.0pt; orphans: auto; text-align: start; widows: 1; -webkit-text-stroke-width: 0px; word-spacing: 0px;\"><img decoding=\"async\" loading=\"lazy\" class=\"size-full wp-image-9859 alignleft\" src=\"https:\/\/www.zoreltekstil.com.tr\/de\/turkishtextile\/degre.jpg\" alt=\"degre\" width=\"200\" height=\"27\" srcset=\"https:\/\/www.zoreltekstil.com.tr\/de\/turkishtextile\/degre.jpg 200w, https:\/\/www.zoreltekstil.com.tr\/de\/turkishtextile\/degre-300x41.jpg 300w\" sizes=\"(max-width: 200px) 100vw, 200px\" \/><\/p>\n<p style=\"line-height: 18.0pt; orphans: auto; text-align: start; widows: 1; -webkit-text-stroke-width: 0px; word-spacing: 0px;\">[vc_row fullwidth=&#8220;false&#8220;][vc_column width=&#8220;1\/1&#8243;][mk_toggle style=&#8220;fancy&#8220; title=&#8220;Contact Form&#8220; icon=&#8220;mk-moon-contact-add&#8220;][contact-form-7 id=\"9917\" title=\"commerce contact\"][\/mk_toggle][\/vc_column][\/vc_row]<\/p>\n","protected":false},"featured_media":9585,"comment_status":"closed","ping_status":"closed","template":"","meta":[],"product_cat":[],"product_tag":[94],"yoast_head":"<!-- This site is optimized with the Yoast SEO plugin v20.13 - https:\/\/yoast.com\/wordpress\/plugins\/seo\/ -->\n<title>Baby Bettw\u00e4sche<\/title>\n<meta name=\"description\" content=\"Die Serie aus Leinen Baby Bettw\u00e4sche, welch aus Pastell und helle Farben entstehen, schenken Ihnen sch\u00f6ne Ruheminuten.\" \/>\n<meta name=\"robots\" content=\"index, follow, max-snippet:-1, max-image-preview:large, max-video-preview:-1\" \/>\n<link rel=\"canonical\" href=\"https:\/\/www.zoreltekstil.com.tr\/de\/turkisch-handtuch-bademantel-bettwasche\/baby-bettwasche\/\" \/>\n<meta property=\"og:locale\" content=\"de_DE\" \/>\n<meta property=\"og:type\" content=\"article\" \/>\n<meta property=\"og:title\" content=\"Baby Linens Series\" \/>\n<meta property=\"og:description\" content=\"Zorel Textile Baby Linens Series\" \/>\n<meta property=\"og:url\" content=\"https:\/\/www.zoreltekstil.com.tr\/de\/turkisch-handtuch-bademantel-bettwasche\/baby-bettwasche\/\" \/>\n<meta property=\"og:site_name\" content=\"Zorel Textile Corp. &gt;&gt; Turkisch Handt\u00fccher\" \/>\n<meta property=\"article:modified_time\" content=\"2016-10-12T13:34:29+00:00\" \/>\n<meta property=\"og:image\" content=\"https:\/\/www.zoreltekstil.com.tr\/de\/turkishtextile\/Fairyi_baby_Linens_Series_158003.jpg\" \/>\n\t<meta property=\"og:image:width\" content=\"750\" \/>\n\t<meta property=\"og:image:height\" content=\"1000\" \/>\n\t<meta property=\"og:image:type\" content=\"image\/jpeg\" \/>\n<meta name=\"twitter:card\" content=\"summary_large_image\" \/>\n<meta name=\"twitter:label1\" content=\"Gesch\u00e4tzte Lesezeit\" \/>\n\t<meta name=\"twitter:data1\" content=\"1\u00a0Minute\" \/>\n<script type=\"application\/ld+json\" class=\"yoast-schema-graph\">{\"@context\":\"https:\/\/schema.org\",\"@graph\":[{\"@type\":\"WebPage\",\"@id\":\"https:\/\/www.zoreltekstil.com.tr\/de\/turkisch-handtuch-bademantel-bettwasche\/baby-bettwasche\/\",\"url\":\"https:\/\/www.zoreltekstil.com.tr\/de\/turkisch-handtuch-bademantel-bettwasche\/baby-bettwasche\/\",\"name\":\"Baby Bettw\u00e4sche\",\"isPartOf\":{\"@id\":\"https:\/\/www.zoreltekstil.com.tr\/de\/#website\"},\"datePublished\":\"2016-02-17T10:06:04+00:00\",\"dateModified\":\"2016-10-12T13:34:29+00:00\",\"description\":\"Die Serie aus Leinen Baby Bettw\u00e4sche, welch aus Pastell und helle Farben entstehen, schenken Ihnen sch\u00f6ne Ruheminuten.\",\"breadcrumb\":{\"@id\":\"https:\/\/www.zoreltekstil.com.tr\/de\/turkisch-handtuch-bademantel-bettwasche\/baby-bettwasche\/#breadcrumb\"},\"inLanguage\":\"de\",\"potentialAction\":[{\"@type\":\"ReadAction\",\"target\":[\"https:\/\/www.zoreltekstil.com.tr\/de\/turkisch-handtuch-bademantel-bettwasche\/baby-bettwasche\/\"]}]},{\"@type\":\"BreadcrumbList\",\"@id\":\"https:\/\/www.zoreltekstil.com.tr\/de\/turkisch-handtuch-bademantel-bettwasche\/baby-bettwasche\/#breadcrumb\",\"itemListElement\":[{\"@type\":\"ListItem\",\"position\":1,\"name\":\"T\u00fcrkisch Handtuch &amp; Bademantel &amp; Leinen\",\"item\":\"https:\/\/www.zoreltekstil.com.tr\/de\/\"},{\"@type\":\"ListItem\",\"position\":2,\"name\":\"Produkte\",\"item\":\"https:\/\/www.zoreltekstil.com.tr\/de\/shop\/\"},{\"@type\":\"ListItem\",\"position\":3,\"name\":\"Baby Bettw\u00e4sche\"}]},{\"@type\":\"WebSite\",\"@id\":\"https:\/\/www.zoreltekstil.com.tr\/de\/#website\",\"url\":\"https:\/\/www.zoreltekstil.com.tr\/de\/\",\"name\":\"Zorel Textile Corp. &gt;&gt; Turkisch Handt\u00fccher\",\"description\":\"\",\"potentialAction\":[{\"@type\":\"SearchAction\",\"target\":{\"@type\":\"EntryPoint\",\"urlTemplate\":\"https:\/\/www.zoreltekstil.com.tr\/de\/?s={search_term_string}\"},\"query-input\":\"required name=search_term_string\"}],\"inLanguage\":\"de\"}]}<\/script>\n<!-- \/ Yoast SEO plugin. -->","yoast_head_json":{"title":"Baby Bettw\u00e4sche","description":"Die Serie aus Leinen Baby Bettw\u00e4sche, welch aus Pastell und helle Farben entstehen, schenken Ihnen sch\u00f6ne Ruheminuten.","robots":{"index":"index","follow":"follow","max-snippet":"max-snippet:-1","max-image-preview":"max-image-preview:large","max-video-preview":"max-video-preview:-1"},"canonical":"https:\/\/www.zoreltekstil.com.tr\/de\/turkisch-handtuch-bademantel-bettwasche\/baby-bettwasche\/","og_locale":"de_DE","og_type":"article","og_title":"Baby Linens Series","og_description":"Zorel Textile Baby Linens Series","og_url":"https:\/\/www.zoreltekstil.com.tr\/de\/turkisch-handtuch-bademantel-bettwasche\/baby-bettwasche\/","og_site_name":"Zorel Textile Corp. &gt;&gt; Turkisch Handt\u00fccher","article_modified_time":"2016-10-12T13:34:29+00:00","og_image":[{"width":750,"height":1000,"url":"https:\/\/www.zoreltekstil.com.tr\/de\/turkishtextile\/Fairyi_baby_Linens_Series_158003.jpg","type":"image\/jpeg"}],"twitter_card":"summary_large_image","twitter_misc":{"Gesch\u00e4tzte Lesezeit":"1\u00a0Minute"},"schema":{"@context":"https:\/\/schema.org","@graph":[{"@type":"WebPage","@id":"https:\/\/www.zoreltekstil.com.tr\/de\/turkisch-handtuch-bademantel-bettwasche\/baby-bettwasche\/","url":"https:\/\/www.zoreltekstil.com.tr\/de\/turkisch-handtuch-bademantel-bettwasche\/baby-bettwasche\/","name":"Baby Bettw\u00e4sche","isPartOf":{"@id":"https:\/\/www.zoreltekstil.com.tr\/de\/#website"},"datePublished":"2016-02-17T10:06:04+00:00","dateModified":"2016-10-12T13:34:29+00:00","description":"Die Serie aus Leinen Baby Bettw\u00e4sche, welch aus Pastell und helle Farben entstehen, schenken Ihnen sch\u00f6ne Ruheminuten.","breadcrumb":{"@id":"https:\/\/www.zoreltekstil.com.tr\/de\/turkisch-handtuch-bademantel-bettwasche\/baby-bettwasche\/#breadcrumb"},"inLanguage":"de","potentialAction":[{"@type":"ReadAction","target":["https:\/\/www.zoreltekstil.com.tr\/de\/turkisch-handtuch-bademantel-bettwasche\/baby-bettwasche\/"]}]},{"@type":"BreadcrumbList","@id":"https:\/\/www.zoreltekstil.com.tr\/de\/turkisch-handtuch-bademantel-bettwasche\/baby-bettwasche\/#breadcrumb","itemListElement":[{"@type":"ListItem","position":1,"name":"T\u00fcrkisch Handtuch &amp; Bademantel &amp; Leinen","item":"https:\/\/www.zoreltekstil.com.tr\/de\/"},{"@type":"ListItem","position":2,"name":"Produkte","item":"https:\/\/www.zoreltekstil.com.tr\/de\/shop\/"},{"@type":"ListItem","position":3,"name":"Baby Bettw\u00e4sche"}]},{"@type":"WebSite","@id":"https:\/\/www.zoreltekstil.com.tr\/de\/#website","url":"https:\/\/www.zoreltekstil.com.tr\/de\/","name":"Zorel Textile Corp. &gt;&gt; Turkisch Handt\u00fccher","description":"","potentialAction":[{"@type":"SearchAction","target":{"@type":"EntryPoint","urlTemplate":"https:\/\/www.zoreltekstil.com.tr\/de\/?s={search_term_string}"},"query-input":"required name=search_term_string"}],"inLanguage":"de"}]}},"_links":{"self":[{"href":"https:\/\/www.zoreltekstil.com.tr\/de\/wp-json\/wp\/v2\/product\/9657"}],"collection":[{"href":"https:\/\/www.zoreltekstil.com.tr\/de\/wp-json\/wp\/v2\/product"}],"about":[{"href":"https:\/\/www.zoreltekstil.com.tr\/de\/wp-json\/wp\/v2\/types\/product"}],"replies":[{"embeddable":true,"href":"https:\/\/www.zoreltekstil.com.tr\/de\/wp-json\/wp\/v2\/comments?post=9657"}],"wp:featuredmedia":[{"embeddable":true,"href":"https:\/\/www.zoreltekstil.com.tr\/de\/wp-json\/wp\/v2\/media\/9585"}],"wp:attachment":[{"href":"https:\/\/www.zoreltekstil.com.tr\/de\/wp-json\/wp\/v2\/media?parent=9657"}],"wp:term":[{"taxonomy":"product_cat","embeddable":true,"href":"https:\/\/www.zoreltekstil.com.tr\/de\/wp-json\/wp\/v2\/product_cat?post=9657"},{"taxonomy":"product_tag","embeddable":true,"href":"https:\/\/www.zoreltekstil.com.tr\/de\/wp-json\/wp\/v2\/product_tag?post=9657"}],"curies":[{"name":"wp","href":"https:\/\/api.w.org\/{rel}","templated":true}]}}