{"id":9559,"date":"2016-02-16T17:17:50","date_gmt":"2016-02-16T15:17:50","guid":{"rendered":"https:\/\/www.zoreltekstil.com.tr\/de\/?post_type=product&#038;p=9559"},"modified":"2019-01-15T16:40:04","modified_gmt":"2019-01-15T14:40:04","slug":"stone-familien-bademantel-handtuch-set","status":"publish","type":"product","link":"https:\/\/www.zoreltekstil.com.tr\/de\/turkisch-handtuch-bademantel-bettwasche\/stone-familien-bademantel-handtuch-set\/","title":{"rendered":"Stone Familien Bademantel Handtuch Set"},"content":{"rendered":"<h3 style=\"text-align: center;\"><span style=\"font-family: arial, helvetica, sans-serif; color: #0000ff;\">Familien Bademantel Handtuch Set<\/span><\/h3>\n<p><span style=\"font-family: arial, helvetica, sans-serif; color: #000000;\">Neben dem Bademantel k\u00f6nnen sie auch Handt\u00fccher brauchen, dann werden sie bestimmt von unseren Familien Bademantel Handtuch Set zufrieden sein und werden sich garantiert nicht bereuen.<\/span><\/p>\n<p><span style=\"font-family: arial, helvetica, sans-serif; color: #000000;\">Der Produkt Familien Bademantel- Handuch Set gibt ein geschmeidiges und angenehmes Gef\u00fchl auf der Haut, dank der Mischung von Bambus und sie trocknet die Haut auch sehr schnell ab. Das Produkt ist vorallem f\u00fcr die Kunden geeignet, die eine sehr empfindliche Haut haben.<\/span><\/p>\n<p><span style=\"font-family: arial, helvetica, sans-serif; color: #000000;\">Bambusfaser sind nicht organisch, aber w\u00e4hrend der Anbau keine Chemikalien verwendet werden, sind sie Umweltfreundlich. Das auff\u00e4lligste Merkmal ist, dass es durch por\u00f6se Struktur atmungsaktiv und im Vergleich zu Baumwolle schneller und mehr die n\u00e4sse aufsaugt. Aufgrund des Inhalts ist sie antibakteriell und l\u00f6st keine allergischen Reaktionen auf der Haut aus.<\/span><\/p>\n<p><span style=\"font-family: arial, helvetica, sans-serif; color: #000000;\">Bambus Familien Bademantel-Set, 2 St\u00fcck Bademantel, 2 St\u00fcck Handtuch, 2 St\u00fcck Badetuch und 2 Paar Pantoffeln.<\/span><\/p>\n","protected":false},"excerpt":{"rendered":"<p><span style=\"font-family: 'Georgia',serif; color: black;\">Familien Bademantel Handtuch Set\u00a0: 2 pcs<\/span><\/p>\n<p style=\"line-height: 18.0pt; orphans: auto; text-align: start; widows: 1; -webkit-text-stroke-width: 0px; word-spacing: 0px;\"><span style=\"font-family: 'Georgia',serif; color: black;\">Bademantel \u00a0 \u00a0 \u00a0 \u00a0 \u00a0 \u00a0 \u00a0 \u00a0 : 160x 260 cm<\/span><\/p>\n<p style=\"line-height: 18.0pt; orphans: auto; text-align: start; widows: 1; -webkit-text-stroke-width: 0px; word-spacing: 0px;\"><span style=\"font-family: 'Georgia',serif; color: black;\">Handt\u00fccher\u00a0 \u00a0 \u00a0 \u00a0 \u00a0 \u00a0 \u00a0 \u00a0 \u00a0 : 50 x 90 cm (2 pcs)<\/span><\/p>\n<p style=\"line-height: 18.0pt; orphans: auto; text-align: start; widows: 1; -webkit-text-stroke-width: 0px; word-spacing: 0px;\"><span style=\"font-family: 'Georgia',serif; color: black;\">Badet\u00fccher \u00a0 \u00a0 \u00a0 \u00a0 \u00a0 \u00a0 \u00a0 \u00a0: 85 x 150 cm (2 pcs)<\/span><\/p>\n<p style=\"line-height: 18.0pt; orphans: auto; text-align: start; widows: 1; -webkit-text-stroke-width: 0px; word-spacing: 0px;\"><span style=\"font-family: 'Georgia',serif; color: black;\">Slipper \u00a0 \u00a0 \u00a0 \u00a0 \u00a0 \u00a0 \u00a0 \u00a0 \u00a0 \u00a0 \u00a0 \u00a0 : 2 pairs<\/span><\/p>\n<p style=\"line-height: 18.0pt; orphans: auto; text-align: start; widows: 1; -webkit-text-stroke-width: 0px; word-spacing: 0px;\"><img decoding=\"async\" loading=\"lazy\" class=\"size-full wp-image-9859 alignleft\" src=\"https:\/\/www.zoreltekstil.com.tr\/de\/turkishtextile\/degre.jpg\" alt=\"degre\" width=\"200\" height=\"27\" srcset=\"https:\/\/www.zoreltekstil.com.tr\/de\/turkishtextile\/degre.jpg 200w, https:\/\/www.zoreltekstil.com.tr\/de\/turkishtextile\/degre-300x41.jpg 300w\" sizes=\"(max-width: 200px) 100vw, 200px\" \/><\/p>\n<p style=\"line-height: 18.0pt; orphans: auto; text-align: start; widows: 1; -webkit-text-stroke-width: 0px; word-spacing: 0px;\">\n","protected":false},"featured_media":10404,"comment_status":"closed","ping_status":"closed","template":"","meta":[],"product_cat":[104],"product_tag":[],"yoast_head":"<!-- This site is optimized with the Yoast SEO plugin v20.13 - https:\/\/yoast.com\/wordpress\/plugins\/seo\/ -->\n<title>Familien Bademantel Handtuch Set &gt;&gt; Zorel Textile<\/title>\n<meta name=\"description\" content=\"Neben dem Bademantel k\u00f6nnen sie auch Handt\u00fccher brauchen, dann werden sie bestimmt von unseren Familien Bademantel Handtuch Set zufrieden sein und werden..\" \/>\n<meta name=\"robots\" content=\"index, follow, max-snippet:-1, max-image-preview:large, max-video-preview:-1\" \/>\n<link rel=\"canonical\" href=\"https:\/\/www.zoreltekstil.com.tr\/de\/turkisch-handtuch-bademantel-bettwasche\/stone-familien-bademantel-handtuch-set\/\" \/>\n<meta property=\"og:locale\" content=\"de_DE\" \/>\n<meta property=\"og:type\" content=\"article\" \/>\n<meta property=\"og:title\" content=\"Familien Bademantel Handtuch Set &gt;&gt; Zorel Textile\" \/>\n<meta property=\"og:description\" content=\"Neben dem Bademantel k\u00f6nnen sie auch Handt\u00fccher brauchen, dann werden sie bestimmt von unseren Familien Bademantel Handtuch Set zufrieden sein und werden..\" \/>\n<meta property=\"og:url\" content=\"https:\/\/www.zoreltekstil.com.tr\/de\/turkisch-handtuch-bademantel-bettwasche\/stone-familien-bademantel-handtuch-set\/\" \/>\n<meta property=\"og:site_name\" content=\"Zorel Textile Corp. &gt;&gt; Turkisch Handt\u00fccher\" \/>\n<meta property=\"article:modified_time\" content=\"2019-01-15T14:40:04+00:00\" \/>\n<meta property=\"og:image\" content=\"https:\/\/www.zoreltekstil.com.tr\/de\/turkishtextile\/aile-seti-min.jpg\" \/>\n\t<meta property=\"og:image:width\" content=\"750\" \/>\n\t<meta property=\"og:image:height\" content=\"1000\" \/>\n\t<meta property=\"og:image:type\" content=\"image\/jpeg\" \/>\n<meta name=\"twitter:card\" content=\"summary_large_image\" \/>\n<meta name=\"twitter:label1\" content=\"Gesch\u00e4tzte Lesezeit\" \/>\n\t<meta name=\"twitter:data1\" content=\"1\u00a0Minute\" \/>\n<script type=\"application\/ld+json\" class=\"yoast-schema-graph\">{\"@context\":\"https:\/\/schema.org\",\"@graph\":[{\"@type\":\"WebPage\",\"@id\":\"https:\/\/www.zoreltekstil.com.tr\/de\/turkisch-handtuch-bademantel-bettwasche\/stone-familien-bademantel-handtuch-set\/\",\"url\":\"https:\/\/www.zoreltekstil.com.tr\/de\/turkisch-handtuch-bademantel-bettwasche\/stone-familien-bademantel-handtuch-set\/\",\"name\":\"Familien Bademantel Handtuch Set >> Zorel Textile\",\"isPartOf\":{\"@id\":\"https:\/\/www.zoreltekstil.com.tr\/de\/#website\"},\"datePublished\":\"2016-02-16T15:17:50+00:00\",\"dateModified\":\"2019-01-15T14:40:04+00:00\",\"description\":\"Neben dem Bademantel k\u00f6nnen sie auch Handt\u00fccher brauchen, dann werden sie bestimmt von unseren Familien Bademantel Handtuch Set zufrieden sein und werden..\",\"breadcrumb\":{\"@id\":\"https:\/\/www.zoreltekstil.com.tr\/de\/turkisch-handtuch-bademantel-bettwasche\/stone-familien-bademantel-handtuch-set\/#breadcrumb\"},\"inLanguage\":\"de\",\"potentialAction\":[{\"@type\":\"ReadAction\",\"target\":[\"https:\/\/www.zoreltekstil.com.tr\/de\/turkisch-handtuch-bademantel-bettwasche\/stone-familien-bademantel-handtuch-set\/\"]}]},{\"@type\":\"BreadcrumbList\",\"@id\":\"https:\/\/www.zoreltekstil.com.tr\/de\/turkisch-handtuch-bademantel-bettwasche\/stone-familien-bademantel-handtuch-set\/#breadcrumb\",\"itemListElement\":[{\"@type\":\"ListItem\",\"position\":1,\"name\":\"T\u00fcrkisch Handtuch &amp; Bademantel &amp; Leinen\",\"item\":\"https:\/\/www.zoreltekstil.com.tr\/de\/\"},{\"@type\":\"ListItem\",\"position\":2,\"name\":\"Produkte\",\"item\":\"https:\/\/www.zoreltekstil.com.tr\/de\/shop\/\"},{\"@type\":\"ListItem\",\"position\":3,\"name\":\"Stone Familien Bademantel Handtuch Set\"}]},{\"@type\":\"WebSite\",\"@id\":\"https:\/\/www.zoreltekstil.com.tr\/de\/#website\",\"url\":\"https:\/\/www.zoreltekstil.com.tr\/de\/\",\"name\":\"Zorel Textile Corp. &gt;&gt; Turkisch Handt\u00fccher\",\"description\":\"\",\"potentialAction\":[{\"@type\":\"SearchAction\",\"target\":{\"@type\":\"EntryPoint\",\"urlTemplate\":\"https:\/\/www.zoreltekstil.com.tr\/de\/?s={search_term_string}\"},\"query-input\":\"required name=search_term_string\"}],\"inLanguage\":\"de\"}]}<\/script>\n<!-- \/ Yoast SEO plugin. -->","yoast_head_json":{"title":"Familien Bademantel Handtuch Set >> Zorel Textile","description":"Neben dem Bademantel k\u00f6nnen sie auch Handt\u00fccher brauchen, dann werden sie bestimmt von unseren Familien Bademantel Handtuch Set zufrieden sein und werden..","robots":{"index":"index","follow":"follow","max-snippet":"max-snippet:-1","max-image-preview":"max-image-preview:large","max-video-preview":"max-video-preview:-1"},"canonical":"https:\/\/www.zoreltekstil.com.tr\/de\/turkisch-handtuch-bademantel-bettwasche\/stone-familien-bademantel-handtuch-set\/","og_locale":"de_DE","og_type":"article","og_title":"Familien Bademantel Handtuch Set >> Zorel Textile","og_description":"Neben dem Bademantel k\u00f6nnen sie auch Handt\u00fccher brauchen, dann werden sie bestimmt von unseren Familien Bademantel Handtuch Set zufrieden sein und werden..","og_url":"https:\/\/www.zoreltekstil.com.tr\/de\/turkisch-handtuch-bademantel-bettwasche\/stone-familien-bademantel-handtuch-set\/","og_site_name":"Zorel Textile Corp. &gt;&gt; Turkisch Handt\u00fccher","article_modified_time":"2019-01-15T14:40:04+00:00","og_image":[{"width":750,"height":1000,"url":"https:\/\/www.zoreltekstil.com.tr\/de\/turkishtextile\/aile-seti-min.jpg","type":"image\/jpeg"}],"twitter_card":"summary_large_image","twitter_misc":{"Gesch\u00e4tzte Lesezeit":"1\u00a0Minute"},"schema":{"@context":"https:\/\/schema.org","@graph":[{"@type":"WebPage","@id":"https:\/\/www.zoreltekstil.com.tr\/de\/turkisch-handtuch-bademantel-bettwasche\/stone-familien-bademantel-handtuch-set\/","url":"https:\/\/www.zoreltekstil.com.tr\/de\/turkisch-handtuch-bademantel-bettwasche\/stone-familien-bademantel-handtuch-set\/","name":"Familien Bademantel Handtuch Set >> Zorel Textile","isPartOf":{"@id":"https:\/\/www.zoreltekstil.com.tr\/de\/#website"},"datePublished":"2016-02-16T15:17:50+00:00","dateModified":"2019-01-15T14:40:04+00:00","description":"Neben dem Bademantel k\u00f6nnen sie auch Handt\u00fccher brauchen, dann werden sie bestimmt von unseren Familien Bademantel Handtuch Set zufrieden sein und werden..","breadcrumb":{"@id":"https:\/\/www.zoreltekstil.com.tr\/de\/turkisch-handtuch-bademantel-bettwasche\/stone-familien-bademantel-handtuch-set\/#breadcrumb"},"inLanguage":"de","potentialAction":[{"@type":"ReadAction","target":["https:\/\/www.zoreltekstil.com.tr\/de\/turkisch-handtuch-bademantel-bettwasche\/stone-familien-bademantel-handtuch-set\/"]}]},{"@type":"BreadcrumbList","@id":"https:\/\/www.zoreltekstil.com.tr\/de\/turkisch-handtuch-bademantel-bettwasche\/stone-familien-bademantel-handtuch-set\/#breadcrumb","itemListElement":[{"@type":"ListItem","position":1,"name":"T\u00fcrkisch Handtuch &amp; Bademantel &amp; Leinen","item":"https:\/\/www.zoreltekstil.com.tr\/de\/"},{"@type":"ListItem","position":2,"name":"Produkte","item":"https:\/\/www.zoreltekstil.com.tr\/de\/shop\/"},{"@type":"ListItem","position":3,"name":"Stone Familien Bademantel Handtuch Set"}]},{"@type":"WebSite","@id":"https:\/\/www.zoreltekstil.com.tr\/de\/#website","url":"https:\/\/www.zoreltekstil.com.tr\/de\/","name":"Zorel Textile Corp. &gt;&gt; Turkisch Handt\u00fccher","description":"","potentialAction":[{"@type":"SearchAction","target":{"@type":"EntryPoint","urlTemplate":"https:\/\/www.zoreltekstil.com.tr\/de\/?s={search_term_string}"},"query-input":"required name=search_term_string"}],"inLanguage":"de"}]}},"_links":{"self":[{"href":"https:\/\/www.zoreltekstil.com.tr\/de\/wp-json\/wp\/v2\/product\/9559"}],"collection":[{"href":"https:\/\/www.zoreltekstil.com.tr\/de\/wp-json\/wp\/v2\/product"}],"about":[{"href":"https:\/\/www.zoreltekstil.com.tr\/de\/wp-json\/wp\/v2\/types\/product"}],"replies":[{"embeddable":true,"href":"https:\/\/www.zoreltekstil.com.tr\/de\/wp-json\/wp\/v2\/comments?post=9559"}],"wp:featuredmedia":[{"embeddable":true,"href":"https:\/\/www.zoreltekstil.com.tr\/de\/wp-json\/wp\/v2\/media\/10404"}],"wp:attachment":[{"href":"https:\/\/www.zoreltekstil.com.tr\/de\/wp-json\/wp\/v2\/media?parent=9559"}],"wp:term":[{"taxonomy":"product_cat","embeddable":true,"href":"https:\/\/www.zoreltekstil.com.tr\/de\/wp-json\/wp\/v2\/product_cat?post=9559"},{"taxonomy":"product_tag","embeddable":true,"href":"https:\/\/www.zoreltekstil.com.tr\/de\/wp-json\/wp\/v2\/product_tag?post=9559"}],"curies":[{"name":"wp","href":"https:\/\/api.w.org\/{rel}","templated":true}]}}