{"id":9536,"date":"2016-02-16T17:09:10","date_gmt":"2016-02-16T15:09:10","guid":{"rendered":"https:\/\/www.zoreltekstil.com.tr\/de\/?post_type=product&#038;p=9536"},"modified":"2019-01-15T16:35:33","modified_gmt":"2019-01-15T14:35:33","slug":"lippe-bambus-bademantel-set-fur-familie","status":"publish","type":"product","link":"https:\/\/www.zoreltekstil.com.tr\/de\/turkisch-handtuch-bademantel-bettwasche\/lippe-bambus-bademantel-set-fur-familie\/","title":{"rendered":"Lippe Bambus Bademantel-Set f\u00fcr Familie"},"content":{"rendered":"<h3 style=\"text-align: center;\"><span style=\"font-family: arial, helvetica, sans-serif; color: #0000ff;\">Bambus Bademantel-Set f\u00fcr Familie<\/span><\/h3>\n<p style=\"text-align: center;\"><span style=\"font-family: arial, helvetica, sans-serif; color: #0000ff;\"><strong>WAS IST BAMBUS UND WARUM WIRD ES BENUZT<\/strong><\/span><\/p>\n<p><span style=\"font-family: arial, helvetica, sans-serif; color: #000000;\">Bambus w\u00e4chst in Asien, Afrika und in Nord- und S\u00fcdamerika. Die kleinen Mikrohohlr\u00e4ume saugen sehr gut das Wasser auf, stabil, weich und antibakteriell und vorallem wird es bevorzugt weil sie antibakteriell ist. Als Ergebnis, m\u00f6chten wir die qualitativ hochwertige Bademantel als Unternehmen herstellen und zugleich auch umweltfreundliche Produkte produzieren.<\/span><\/p>\n<p style=\"text-align: center;\"><span style=\"font-family: arial, helvetica, sans-serif; color: #0000ff;\"><strong>WARUM SOLL ICH BAMBUS FAMILIEN BADEM\u00c4NTEL-SET W\u00c4HLEN?<\/strong><\/span><\/p>\n<p><span style=\"font-family: arial, helvetica, sans-serif; color: #000000;\">Auf dem Markt gibt es zahlreiche Badem\u00e4ntel, aber leider haben sie nicht alle eine lange Lebensdauer oder sind f\u00fcr Gesundheit nicht gut. Sind Sie auf der Suche nach Qualit\u00e4t, dann sollten Sie die Eigenschaften von unsere Bambus Familien Bademantel-Set \u00fcberpr\u00fcfen.<\/span><\/p>\n<p style=\"text-align: center;\"><span style=\"font-family: arial, helvetica, sans-serif; color: #0000ff;\"><strong>ES IST ANTIBAKTERIEL<\/strong><\/span><\/p>\n<p><span style=\"font-family: arial, helvetica, sans-serif; color: #000000;\">Antibakterielle Eigenschaften: Verhindert das Bakterien entstehen, vermehren und sich verbreiten. Bambus Familien Bademantel-Set ist antibakteriell und dadurch \u00a0entstehen keine gesundheitliche Gefahr, darum kann man Sie ohne nachzudenken benutzen. Dank der antibakteriellen Eigenschaft haben Sie dann die T\u00fcre f\u00fcr Bakterien geschlossen.\u00a0<\/span><\/p>\n<p style=\"text-align: center;\"><span style=\"font-family: arial, helvetica, sans-serif; color: #0000ff;\"><strong>LANGE LEBENSDAUER<\/strong><\/span><\/p>\n<p><span style=\"font-family: arial, helvetica, sans-serif; color: #000000;\">Dank der Langlebigkeit werden sie nicht so schnell veraltet und sie werden nach Monaten immer noch so benutzen als w\u00e4ren sie neu. Somit wird es auch ein grosser Beitrag zu Ihrem Budget haben.<\/span><\/p>\n<p style=\"text-align: center;\"><span style=\"font-family: arial, helvetica, sans-serif; color: #0000ff;\"><strong>SIE IST STABIL<\/strong><\/span><\/p>\n<p><span style=\"font-family: arial, helvetica, sans-serif; color: #000000;\">Sowie Langlebig sie sind, sind sie auch sehr stabil. Sie reissen nicht leicht, verblassen nicht, verlieren ihre Eigenschaften nicht und sie l\u00f6sen keine allergischen Reaktionen auf der Haut aus. Auch hier wird es bei diesen Vorteilen ihnen beim Budget ein sehr grosser Beitrag haben.<\/span><\/p>\n<p style=\"text-align: center;\"><span style=\"font-family: arial, helvetica, sans-serif; color: #0000ff;\"><strong>IST WEICH <\/strong><\/span><\/p>\n<p><span style=\"font-family: arial, helvetica, sans-serif; color: #000000;\">Nach dem Duschen werden Sie das Bed\u00fcrfnis zum Trocknen auf die beste Art und Weise durchf\u00fchren. Dank der weichen Struktur werden mit der Ber\u00fchrung auf der Haut Ihnen angenehme Gef\u00fchle geben.<\/span><\/p>\n<p style=\"text-align: center;\"><span style=\"font-family: arial, helvetica, sans-serif; color: #000000;\"><strong><span style=\"color: #0000ff;\">SIE IST SEHR SAUGF\u00c4HIG<\/span><\/strong><\/span><\/p>\n<p style=\"text-align: left;\"><span style=\"font-family: arial, helvetica, sans-serif; color: #000000;\"><strong><br \/>\n<\/strong>Dank der starken Saugf\u00e4higkeit k\u00f6nnen Sie sich sehr schnell trocken wischen. Der Bambus Familien Bademantel-Set, da der Bambus saugf\u00e4higer ist und wenn man Baumwolle und Bambus vergleicht, kommt Bambus mehr an den Vordergrund wegen dieser Eigenschaft.<\/span><\/p>\n<p style=\"text-align: center;\"><span style=\"font-family: arial, helvetica, sans-serif; color: #0000ff;\"><strong>L\u00d6ST KEINE ALLERGISCHE REAKTIONEN AUS <\/strong><\/span><\/p>\n<p><span style=\"font-family: arial, helvetica, sans-serif; color: #000000;\">Wenn sie allergisch gegen Stoff oder Baumwolle habe, dann ist Bambus Familien Bademantel-Set die richtige Wahl f\u00fcr Sie.<\/span><\/p>\n<p style=\"text-align: center;\"><span style=\"font-family: arial, helvetica, sans-serif; color: #0000ff;\"><strong>SIE IST LEICHT\u00a0\u00a0\u00a0\u00a0 <\/strong><\/span><\/p>\n<p><span style=\"font-family: arial, helvetica, sans-serif; color: #000000;\">Wenn Sie es anziehen, merken Sie wie leicht es zum tragen ist und Sie werden sich dann besser f\u00fchlen.<\/span><\/p>\n<p style=\"text-align: center;\"><span style=\"font-family: arial, helvetica, sans-serif; color: #0000ff;\"><strong>K\u00dcHLT UND ERFRISCHT<\/strong><\/span><\/p>\n<p><span style=\"font-family: arial, helvetica, sans-serif; color: #000000;\">W\u00e4hrend Sie sich trocken wischen, da die Bambus Familien Bademantel-Set die Eigenschaft von K\u00fchlen und Erfrischen hat, werden Sie es merken wie sehr Sie sich entspannt haben.<\/span><\/p>\n<p style=\"text-align: center;\"><span style=\"font-family: arial, helvetica, sans-serif; color: #0000ff;\"><strong>WARUM SOLL ICH DIE W\u00c4HLEN?<\/strong><\/span><\/p>\n<p style=\"text-align: left;\"><span style=\"font-family: arial, helvetica, sans-serif; color: #000000;\"><strong><br \/>\n<\/strong>Oben haben wir aufgez\u00e4hlt welche Eigenschaften der Bambus Familien Bademantel-Set hat. Auf die Frage:\u201c Warum soll ich die w\u00e4hlen?\u201c geben Sie die Antwort auf die Frage. F\u00fcr Ihre Gesundheit und Benutzung, damit Sie nicht f\u00fcr irgendwelche Produkte Geld ausgeben, die es nicht mal verdienen, w\u00e4hlen Sie am besten die Bambus Familien Bademantel-Set, die auch den Anforderungen entsprechen. Wenn sie allergisch gegen Baumwolle oder andere Stoffe sind, werden Sie bei Bambus Familien Bademantel-Set auf keinen Fall mit allergischen Reaktionen begegnen. Sie ist sicherlich ein sehr qualitativ hohes Produkt und Sie werden es nicht bereuen.<\/span><\/p>\n<p><span style=\"font-family: arial, helvetica, sans-serif; color: #000000;\">Bambus Familien Bademantel-Set: Bambusfasern sind nicht organisch, aber w\u00e4hrend der Anbau keine Chemikalien verwendet werden, sind sie Umweltfreundlich. Das auff\u00e4lligste Merkmal ist, dass es durch por\u00f6se Struktur atmungsaktiv und im Vergleich zu Baumwolle schneller und mehr die n\u00e4sse aufsaugt. Aufgrund des Inhalts ist sie antibakteriell und l\u00f6st keine allergischen Reaktionen auf der Haut aus.<\/span><br \/>\n<span style=\"font-family: arial, helvetica, sans-serif; color: #000000;\"> Die Bambusse, die im Fernosten wachsen, werden in Scheiben geschnitten und in Fasern umgewandelt. Die Materiale, die wir in unseren Produkten benutzen, zum Beispiel wie bei Bambus oder Bambus- und Baumwollfasern, werden in gewisse Menge zusammengemischt und dadurch entsteht auch die Weichheit der Produkte. <\/span><\/p>\n<p style=\"text-align: center;\">\n","protected":false},"excerpt":{"rendered":"<p style=\"text-align: left;\"><span style=\"font-family: arial, helvetica, sans-serif; color: #000000;\">Familien Bademantel-Set : 2 pcs<\/span><\/p>\n<p style=\"line-height: 18pt; orphans: auto; widows: 1; -webkit-text-stroke-width: 0px; word-spacing: 0px; text-align: left;\"><span style=\"font-family: arial, helvetica, sans-serif; color: #000000;\">Bademantel\u00a0 \u00a0 \u00a0 \u00a0 \u00a0 \u00a0 \u00a0 \u00a0 \u00a0 \u00a0 \u00a0 : 160x 260 cm (2pcs)<\/span><\/p>\n<p style=\"line-height: 18pt; orphans: auto; widows: 1; -webkit-text-stroke-width: 0px; word-spacing: 0px; text-align: left;\"><span style=\"font-family: arial, helvetica, sans-serif; color: #000000;\">Handt\u00fccher \u00a0 \u00a0 \u00a0 \u00a0 \u00a0 \u00a0 \u00a0 \u00a0 \u00a0 \u00a0 \u00a0 \u00a0 \u00a0: 50 x 90 cm (2 pcs)<\/span><\/p>\n<p style=\"line-height: 18pt; orphans: auto; widows: 1; -webkit-text-stroke-width: 0px; word-spacing: 0px; text-align: left;\"><span style=\"font-family: arial, helvetica, sans-serif; color: #000000;\">Badetuch \u00a0 \u00a0\u00a0 \u00a0 \u00a0 \u00a0 \u00a0 \u00a0 \u00a0 \u00a0 \u00a0 \u00a0 \u00a0 \u00a0 \u00a0: 85 x 150 cm (2 pcs)<\/span><\/p>\n<p style=\"line-height: 18pt; orphans: auto; widows: 1; -webkit-text-stroke-width: 0px; word-spacing: 0px; text-align: left;\"><span style=\"font-family: arial, helvetica, sans-serif; color: #000000;\">Slippers \u00a0 \u00a0 \u00a0 \u00a0 \u00a0 \u00a0 \u00a0 \u00a0 \u00a0 \u00a0 \u00a0 \u00a0 \u00a0 \u00a0 \u00a0 : 2 pairs<\/span><\/p>\n<p style=\"line-height: 18pt; orphans: auto; widows: 1; -webkit-text-stroke-width: 0px; word-spacing: 0px; text-align: left;\"><span style=\"color: #000000;\"><span style=\"font-family: arial, helvetica, sans-serif;\">\u00a0<\/span><img decoding=\"async\" loading=\"lazy\" class=\"size-full wp-image-9859 alignleft\" src=\"https:\/\/www.zoreltekstil.com.tr\/de\/turkishtextile\/degre.jpg\" alt=\"degre\" width=\"200\" height=\"27\" srcset=\"https:\/\/www.zoreltekstil.com.tr\/de\/turkishtextile\/degre.jpg 200w, https:\/\/www.zoreltekstil.com.tr\/de\/turkishtextile\/degre-300x41.jpg 300w\" sizes=\"(max-width: 200px) 100vw, 200px\" \/><\/span><\/p>\n","protected":false},"featured_media":10378,"comment_status":"closed","ping_status":"closed","template":"","meta":[],"product_cat":[104],"product_tag":[88,105],"yoast_head":"<!-- This site is optimized with the Yoast SEO plugin v20.13 - https:\/\/yoast.com\/wordpress\/plugins\/seo\/ -->\n<title>Bambus Familien Bademantel-Set<\/title>\n<meta name=\"description\" content=\"Sie die Eigenschaften von unsere Bambus Familien Bademantel-Set \u00fcberpr\u00fcfen.\" \/>\n<meta name=\"robots\" content=\"index, follow, max-snippet:-1, max-image-preview:large, max-video-preview:-1\" \/>\n<link rel=\"canonical\" href=\"https:\/\/www.zoreltekstil.com.tr\/de\/turkisch-handtuch-bademantel-bettwasche\/lippe-bambus-bademantel-set-fur-familie\/\" \/>\n<meta property=\"og:locale\" content=\"de_DE\" \/>\n<meta property=\"og:type\" content=\"article\" \/>\n<meta property=\"og:title\" content=\"Bamboo Towel\" \/>\n<meta property=\"og:description\" content=\"Our bamboo towel and bathrobes present you these whole choices together! We have sets of bathrobes and towels having same or harmonic designs, colors on them..\" \/>\n<meta property=\"og:url\" content=\"https:\/\/www.zoreltekstil.com.tr\/de\/turkisch-handtuch-bademantel-bettwasche\/lippe-bambus-bademantel-set-fur-familie\/\" \/>\n<meta property=\"og:site_name\" content=\"Zorel Textile Corp. &gt;&gt; Turkisch Handt\u00fccher\" \/>\n<meta property=\"article:modified_time\" content=\"2019-01-15T14:35:33+00:00\" \/>\n<meta property=\"og:image\" content=\"https:\/\/www.zoreltekstil.com.tr\/de\/turkishtextile\/Viola_Towels_Bathrobe_151003.jpg\" \/>\n\t<meta property=\"og:image:width\" content=\"750\" \/>\n\t<meta property=\"og:image:height\" content=\"1000\" \/>\n\t<meta property=\"og:image:type\" content=\"image\/jpeg\" \/>\n<meta name=\"twitter:card\" content=\"summary_large_image\" \/>\n<meta name=\"twitter:label1\" content=\"Gesch\u00e4tzte Lesezeit\" \/>\n\t<meta name=\"twitter:data1\" content=\"3\u00a0Minuten\" \/>\n<script type=\"application\/ld+json\" class=\"yoast-schema-graph\">{\"@context\":\"https:\/\/schema.org\",\"@graph\":[{\"@type\":\"WebPage\",\"@id\":\"https:\/\/www.zoreltekstil.com.tr\/de\/turkisch-handtuch-bademantel-bettwasche\/lippe-bambus-bademantel-set-fur-familie\/\",\"url\":\"https:\/\/www.zoreltekstil.com.tr\/de\/turkisch-handtuch-bademantel-bettwasche\/lippe-bambus-bademantel-set-fur-familie\/\",\"name\":\"Bambus Familien Bademantel-Set\",\"isPartOf\":{\"@id\":\"https:\/\/www.zoreltekstil.com.tr\/de\/#website\"},\"datePublished\":\"2016-02-16T15:09:10+00:00\",\"dateModified\":\"2019-01-15T14:35:33+00:00\",\"description\":\"Sie die Eigenschaften von unsere Bambus Familien Bademantel-Set \u00fcberpr\u00fcfen.\",\"breadcrumb\":{\"@id\":\"https:\/\/www.zoreltekstil.com.tr\/de\/turkisch-handtuch-bademantel-bettwasche\/lippe-bambus-bademantel-set-fur-familie\/#breadcrumb\"},\"inLanguage\":\"de\",\"potentialAction\":[{\"@type\":\"ReadAction\",\"target\":[\"https:\/\/www.zoreltekstil.com.tr\/de\/turkisch-handtuch-bademantel-bettwasche\/lippe-bambus-bademantel-set-fur-familie\/\"]}]},{\"@type\":\"BreadcrumbList\",\"@id\":\"https:\/\/www.zoreltekstil.com.tr\/de\/turkisch-handtuch-bademantel-bettwasche\/lippe-bambus-bademantel-set-fur-familie\/#breadcrumb\",\"itemListElement\":[{\"@type\":\"ListItem\",\"position\":1,\"name\":\"T\u00fcrkisch Handtuch &amp; Bademantel &amp; Leinen\",\"item\":\"https:\/\/www.zoreltekstil.com.tr\/de\/\"},{\"@type\":\"ListItem\",\"position\":2,\"name\":\"Produkte\",\"item\":\"https:\/\/www.zoreltekstil.com.tr\/de\/shop\/\"},{\"@type\":\"ListItem\",\"position\":3,\"name\":\"Lippe Bambus Bademantel-Set f\u00fcr Familie\"}]},{\"@type\":\"WebSite\",\"@id\":\"https:\/\/www.zoreltekstil.com.tr\/de\/#website\",\"url\":\"https:\/\/www.zoreltekstil.com.tr\/de\/\",\"name\":\"Zorel Textile Corp. &gt;&gt; Turkisch Handt\u00fccher\",\"description\":\"\",\"potentialAction\":[{\"@type\":\"SearchAction\",\"target\":{\"@type\":\"EntryPoint\",\"urlTemplate\":\"https:\/\/www.zoreltekstil.com.tr\/de\/?s={search_term_string}\"},\"query-input\":\"required name=search_term_string\"}],\"inLanguage\":\"de\"}]}<\/script>\n<!-- \/ Yoast SEO plugin. -->","yoast_head_json":{"title":"Bambus Familien Bademantel-Set","description":"Sie die Eigenschaften von unsere Bambus Familien Bademantel-Set \u00fcberpr\u00fcfen.","robots":{"index":"index","follow":"follow","max-snippet":"max-snippet:-1","max-image-preview":"max-image-preview:large","max-video-preview":"max-video-preview:-1"},"canonical":"https:\/\/www.zoreltekstil.com.tr\/de\/turkisch-handtuch-bademantel-bettwasche\/lippe-bambus-bademantel-set-fur-familie\/","og_locale":"de_DE","og_type":"article","og_title":"Bamboo Towel","og_description":"Our bamboo towel and bathrobes present you these whole choices together! We have sets of bathrobes and towels having same or harmonic designs, colors on them..","og_url":"https:\/\/www.zoreltekstil.com.tr\/de\/turkisch-handtuch-bademantel-bettwasche\/lippe-bambus-bademantel-set-fur-familie\/","og_site_name":"Zorel Textile Corp. &gt;&gt; Turkisch Handt\u00fccher","article_modified_time":"2019-01-15T14:35:33+00:00","og_image":[{"width":750,"height":1000,"url":"https:\/\/www.zoreltekstil.com.tr\/de\/turkishtextile\/Viola_Towels_Bathrobe_151003.jpg","type":"image\/jpeg"}],"twitter_card":"summary_large_image","twitter_misc":{"Gesch\u00e4tzte Lesezeit":"3\u00a0Minuten"},"schema":{"@context":"https:\/\/schema.org","@graph":[{"@type":"WebPage","@id":"https:\/\/www.zoreltekstil.com.tr\/de\/turkisch-handtuch-bademantel-bettwasche\/lippe-bambus-bademantel-set-fur-familie\/","url":"https:\/\/www.zoreltekstil.com.tr\/de\/turkisch-handtuch-bademantel-bettwasche\/lippe-bambus-bademantel-set-fur-familie\/","name":"Bambus Familien Bademantel-Set","isPartOf":{"@id":"https:\/\/www.zoreltekstil.com.tr\/de\/#website"},"datePublished":"2016-02-16T15:09:10+00:00","dateModified":"2019-01-15T14:35:33+00:00","description":"Sie die Eigenschaften von unsere Bambus Familien Bademantel-Set \u00fcberpr\u00fcfen.","breadcrumb":{"@id":"https:\/\/www.zoreltekstil.com.tr\/de\/turkisch-handtuch-bademantel-bettwasche\/lippe-bambus-bademantel-set-fur-familie\/#breadcrumb"},"inLanguage":"de","potentialAction":[{"@type":"ReadAction","target":["https:\/\/www.zoreltekstil.com.tr\/de\/turkisch-handtuch-bademantel-bettwasche\/lippe-bambus-bademantel-set-fur-familie\/"]}]},{"@type":"BreadcrumbList","@id":"https:\/\/www.zoreltekstil.com.tr\/de\/turkisch-handtuch-bademantel-bettwasche\/lippe-bambus-bademantel-set-fur-familie\/#breadcrumb","itemListElement":[{"@type":"ListItem","position":1,"name":"T\u00fcrkisch Handtuch &amp; Bademantel &amp; Leinen","item":"https:\/\/www.zoreltekstil.com.tr\/de\/"},{"@type":"ListItem","position":2,"name":"Produkte","item":"https:\/\/www.zoreltekstil.com.tr\/de\/shop\/"},{"@type":"ListItem","position":3,"name":"Lippe Bambus Bademantel-Set f\u00fcr Familie"}]},{"@type":"WebSite","@id":"https:\/\/www.zoreltekstil.com.tr\/de\/#website","url":"https:\/\/www.zoreltekstil.com.tr\/de\/","name":"Zorel Textile Corp. &gt;&gt; Turkisch Handt\u00fccher","description":"","potentialAction":[{"@type":"SearchAction","target":{"@type":"EntryPoint","urlTemplate":"https:\/\/www.zoreltekstil.com.tr\/de\/?s={search_term_string}"},"query-input":"required name=search_term_string"}],"inLanguage":"de"}]}},"_links":{"self":[{"href":"https:\/\/www.zoreltekstil.com.tr\/de\/wp-json\/wp\/v2\/product\/9536"}],"collection":[{"href":"https:\/\/www.zoreltekstil.com.tr\/de\/wp-json\/wp\/v2\/product"}],"about":[{"href":"https:\/\/www.zoreltekstil.com.tr\/de\/wp-json\/wp\/v2\/types\/product"}],"replies":[{"embeddable":true,"href":"https:\/\/www.zoreltekstil.com.tr\/de\/wp-json\/wp\/v2\/comments?post=9536"}],"wp:featuredmedia":[{"embeddable":true,"href":"https:\/\/www.zoreltekstil.com.tr\/de\/wp-json\/wp\/v2\/media\/10378"}],"wp:attachment":[{"href":"https:\/\/www.zoreltekstil.com.tr\/de\/wp-json\/wp\/v2\/media?parent=9536"}],"wp:term":[{"taxonomy":"product_cat","embeddable":true,"href":"https:\/\/www.zoreltekstil.com.tr\/de\/wp-json\/wp\/v2\/product_cat?post=9536"},{"taxonomy":"product_tag","embeddable":true,"href":"https:\/\/www.zoreltekstil.com.tr\/de\/wp-json\/wp\/v2\/product_tag?post=9536"}],"curies":[{"name":"wp","href":"https:\/\/api.w.org\/{rel}","templated":true}]}}